{"id":247,"date":"2020-05-04T18:48:57","date_gmt":"2020-05-04T17:48:57","guid":{"rendered":"https:\/\/ppra.inserm.dev-mlcom.net\/?page_id=247"},"modified":"2024-07-23T11:14:55","modified_gmt":"2024-07-23T10:14:55","slug":"reseau-de-recherche-avec-les-pays-a-ressources-limitees","status":"publish","type":"page","link":"https:\/\/ppr-antibioresistance.inserm.fr\/fr\/ppr-antibioresistance\/reseau-de-recherche-avec-les-pays-a-ressources-limitees\/","title":{"rendered":"R\u00e9seau de recherche avec les pays \u00e0 ressources limit\u00e9es"},"content":{"rendered":"\t\t<div data-elementor-type=\"wp-page\" data-elementor-id=\"247\" class=\"elementor elementor-247\">\n\t\t\t\t\t\t<section class=\"elementor-section elementor-top-section elementor-element elementor-element-27cede68 elementor-section-boxed elementor-section-height-default elementor-section-height-default\" data-id=\"27cede68\" data-element_type=\"section\">\n\t\t\t\t\t\t<div class=\"elementor-container elementor-column-gap-default\">\n\t\t\t\t\t<div class=\"elementor-column elementor-col-100 elementor-top-column elementor-element elementor-element-7c7a3a0e\" data-id=\"7c7a3a0e\" data-element_type=\"column\">\n\t\t\t<div class=\"elementor-widget-wrap elementor-element-populated\">\n\t\t\t\t\t\t<div class=\"elementor-element elementor-element-5b44dce8 elementor-widget elementor-widget-text-editor\" data-id=\"5b44dce8\" data-element_type=\"widget\" data-widget_type=\"text-editor.default\">\n\t\t\t\t<div class=\"elementor-widget-container\">\n\t\t\t\t\t\t\t\n<p>Une focalisation sur deux objectifs principaux est envisag\u00e9e. L\u2019un est d\u2019organiser et coordonner un r\u00e9seau pour structurer de futurs appels \u00e0 projets et f\u00e9d\u00e9rer les forces pour une recherche sur l\u2019antibior\u00e9sistance avec les pays aux ressources limit\u00e9es. Cette structuration et coordination est pr\u00e9conis\u00e9e en lien avec les scientifiques locaux. Il est connu que ces pays ont des perceptions diff\u00e9rentes de l\u2019antibior\u00e9sistance et il para\u00eet crucial de d\u00e9velopper des approches de pr\u00e9vention et de contr\u00f4le de l\u2019antibior\u00e9sistance qui soient accept\u00e9es par les populations locales (action qui convergera vers la mesure 13 de l\u2019action coordonn\u00e9e du plan AMR). L\u2019autre objectif est de pouvoir r\u00e9agir rapidement dans le cas de l\u2019\u00e9mergence d\u2019une nouvelle r\u00e9sistance microbienne dans les pays aux ressources limit\u00e9es.<\/p>\n\t\t\t\t\t\t<\/div>\n\t\t\t\t<\/div>\n\t\t\t\t\t<\/div>\n\t\t<\/div>\n\t\t\t\t\t<\/div>\n\t\t<\/section>\n\t\t\t\t<section class=\"elementor-section elementor-top-section elementor-element elementor-element-ca4dde0 elementor-section-boxed elementor-section-height-default elementor-section-height-default\" data-id=\"ca4dde0\" data-element_type=\"section\">\n\t\t\t\t\t\t<div class=\"elementor-container elementor-column-gap-default\">\n\t\t\t\t\t<div class=\"elementor-column elementor-col-100 elementor-top-column elementor-element elementor-element-13d062c\" data-id=\"13d062c\" data-element_type=\"column\">\n\t\t\t<div class=\"elementor-widget-wrap elementor-element-populated\">\n\t\t\t\t\t\t<div data-dce-background-color=\"#FFFFFF\" class=\"elementor-element elementor-element-b4821b8 elementor-widget elementor-widget-button\" data-id=\"b4821b8\" data-element_type=\"widget\" data-widget_type=\"button.default\">\n\t\t\t\t<div class=\"elementor-widget-container\">\n\t\t\t\t\t<div class=\"elementor-button-wrapper\">\n\t\t\t<a class=\"elementor-button elementor-button-link elementor-size-sm\" href=\"https:\/\/ppr-antibioresistance.inserm.fr\/fr\/projets-actions-soutenus\/action-3-reseau-avec-les-pays-a-ressources-limitees-du-ppr-antibioresistance-developpement-de-2-projets-de-recherche\/\">\n\t\t\t\t\t\t<span class=\"elementor-button-content-wrapper\">\n\t\t\t\t\t\t\t\t\t<span class=\"elementor-button-text\">En savoir plus<\/span>\n\t\t\t\t\t<\/span>\n\t\t\t\t\t<\/a>\n\t\t<\/div>\n\t\t\t\t<\/div>\n\t\t\t\t<\/div>\n\t\t\t\t\t<\/div>\n\t\t<\/div>\n\t\t\t\t\t<\/div>\n\t\t<\/section>\n\t\t\t\t<\/div>\n\t\t","protected":false},"excerpt":{"rendered":"<p>Une focalisation sur deux objectifs principaux est envisag\u00e9e. L\u2019un est d\u2019organiser et coordonner un r\u00e9seau pour structurer de futurs appels \u00e0 projets et f\u00e9d\u00e9rer les forces pour une recherche sur l\u2019antibior\u00e9sistance avec les pays aux ressources limit\u00e9es. Cette structuration et coordination est pr\u00e9conis\u00e9e en lien avec les scientifiques locaux. Il est connu que ces pays [&hellip;]<\/p>\n","protected":false},"author":1,"featured_media":50,"parent":233,"menu_order":7,"comment_status":"closed","ping_status":"closed","template":"","meta":{"footnotes":"","_links_to":"","_links_to_target":""},"acf":[],"yoast_head":"<!-- This site is optimized with the Yoast SEO plugin v22.8 - https:\/\/yoast.com\/wordpress\/plugins\/seo\/ -->\n<title>R\u00e9seau de recherche avec les pays \u00e0 ressources limit\u00e9es - Interface nationale ANTIBIOR\u00c9SISTANCE<\/title>\n<meta name=\"robots\" content=\"index, follow, max-snippet:-1, max-image-preview:large, max-video-preview:-1\" \/>\n<link rel=\"canonical\" href=\"https:\/\/ppr-antibioresistance.inserm.fr\/fr\/ppr-antibioresistance\/reseau-de-recherche-avec-les-pays-a-ressources-limitees\/\" \/>\n<meta property=\"og:locale\" content=\"fr_FR\" \/>\n<meta property=\"og:type\" content=\"article\" \/>\n<meta property=\"og:title\" content=\"R\u00e9seau de recherche avec les pays \u00e0 ressources limit\u00e9es - Interface nationale ANTIBIOR\u00c9SISTANCE\" \/>\n<meta property=\"og:description\" content=\"Une focalisation sur deux objectifs principaux est envisag\u00e9e. L\u2019un est d\u2019organiser et coordonner un r\u00e9seau pour structurer de futurs appels \u00e0 projets et f\u00e9d\u00e9rer les forces pour une recherche sur l\u2019antibior\u00e9sistance avec les pays aux ressources limit\u00e9es. Cette structuration et coordination est pr\u00e9conis\u00e9e en lien avec les scientifiques locaux. Il est connu que ces pays [&hellip;]\" \/>\n<meta property=\"og:url\" content=\"https:\/\/ppr-antibioresistance.inserm.fr\/fr\/ppr-antibioresistance\/reseau-de-recherche-avec-les-pays-a-ressources-limitees\/\" \/>\n<meta property=\"og:site_name\" content=\"Interface nationale ANTIBIOR\u00c9SISTANCE\" \/>\n<meta property=\"article:modified_time\" content=\"2024-07-23T10:14:55+00:00\" \/>\n<meta name=\"twitter:card\" content=\"summary_large_image\" \/>\n<meta name=\"twitter:label1\" content=\"Dur\u00e9e de lecture estim\u00e9e\" \/>\n\t<meta name=\"twitter:data1\" content=\"1 minute\" \/>\n<script type=\"application\/ld+json\" class=\"yoast-schema-graph\">{\"@context\":\"https:\/\/schema.org\",\"@graph\":[{\"@type\":\"WebPage\",\"@id\":\"https:\/\/ppr-antibioresistance.inserm.fr\/fr\/ppr-antibioresistance\/reseau-de-recherche-avec-les-pays-a-ressources-limitees\/\",\"url\":\"https:\/\/ppr-antibioresistance.inserm.fr\/fr\/ppr-antibioresistance\/reseau-de-recherche-avec-les-pays-a-ressources-limitees\/\",\"name\":\"R\u00e9seau de recherche avec les pays \u00e0 ressources limit\u00e9es - Interface nationale ANTIBIOR\u00c9SISTANCE\",\"isPartOf\":{\"@id\":\"https:\/\/ppr-antibioresistance.inserm.fr\/fr\/#website\"},\"primaryImageOfPage\":{\"@id\":\"https:\/\/ppr-antibioresistance.inserm.fr\/fr\/ppr-antibioresistance\/reseau-de-recherche-avec-les-pays-a-ressources-limitees\/#primaryimage\"},\"image\":{\"@id\":\"https:\/\/ppr-antibioresistance.inserm.fr\/fr\/ppr-antibioresistance\/reseau-de-recherche-avec-les-pays-a-ressources-limitees\/#primaryimage\"},\"thumbnailUrl\":\"https:\/\/ppr-antibioresistance.inserm.fr\/wp-content\/uploads\/2020\/04\/icon-reseaurecherche.svg\",\"datePublished\":\"2020-05-04T17:48:57+00:00\",\"dateModified\":\"2024-07-23T10:14:55+00:00\",\"breadcrumb\":{\"@id\":\"https:\/\/ppr-antibioresistance.inserm.fr\/fr\/ppr-antibioresistance\/reseau-de-recherche-avec-les-pays-a-ressources-limitees\/#breadcrumb\"},\"inLanguage\":\"fr-FR\",\"potentialAction\":[{\"@type\":\"ReadAction\",\"target\":[\"https:\/\/ppr-antibioresistance.inserm.fr\/fr\/ppr-antibioresistance\/reseau-de-recherche-avec-les-pays-a-ressources-limitees\/\"]}]},{\"@type\":\"ImageObject\",\"inLanguage\":\"fr-FR\",\"@id\":\"https:\/\/ppr-antibioresistance.inserm.fr\/fr\/ppr-antibioresistance\/reseau-de-recherche-avec-les-pays-a-ressources-limitees\/#primaryimage\",\"url\":\"https:\/\/ppr-antibioresistance.inserm.fr\/wp-content\/uploads\/2020\/04\/icon-reseaurecherche.svg\",\"contentUrl\":\"https:\/\/ppr-antibioresistance.inserm.fr\/wp-content\/uploads\/2020\/04\/icon-reseaurecherche.svg\"},{\"@type\":\"BreadcrumbList\",\"@id\":\"https:\/\/ppr-antibioresistance.inserm.fr\/fr\/ppr-antibioresistance\/reseau-de-recherche-avec-les-pays-a-ressources-limitees\/#breadcrumb\",\"itemListElement\":[{\"@type\":\"ListItem\",\"position\":1,\"name\":\"Accueil\",\"item\":\"https:\/\/ppr-antibioresistance.inserm.fr\/fr\/\"},{\"@type\":\"ListItem\",\"position\":2,\"name\":\"PPR Antibior\u00e9sistance\",\"item\":\"https:\/\/ppr-antibioresistance.inserm.fr\/fr\/ppr-antibioresistance\/\"},{\"@type\":\"ListItem\",\"position\":3,\"name\":\"R\u00e9seau de recherche avec les pays \u00e0 ressources limit\u00e9es\"}]},{\"@type\":\"WebSite\",\"@id\":\"https:\/\/ppr-antibioresistance.inserm.fr\/fr\/#website\",\"url\":\"https:\/\/ppr-antibioresistance.inserm.fr\/fr\/\",\"name\":\"Interface nationale ANTIBIOR\u00c9SISTANCE\",\"description\":\"PPR Antibior\u00e9sistance - Inserm\",\"publisher\":{\"@id\":\"https:\/\/ppr-antibioresistance.inserm.fr\/fr\/#organization\"},\"potentialAction\":[{\"@type\":\"SearchAction\",\"target\":{\"@type\":\"EntryPoint\",\"urlTemplate\":\"https:\/\/ppr-antibioresistance.inserm.fr\/fr\/?s={search_term_string}\"},\"query-input\":\"required name=search_term_string\"}],\"inLanguage\":\"fr-FR\"},{\"@type\":\"Organization\",\"@id\":\"https:\/\/ppr-antibioresistance.inserm.fr\/fr\/#organization\",\"name\":\"Inserm\",\"url\":\"https:\/\/ppr-antibioresistance.inserm.fr\/fr\/\",\"logo\":{\"@type\":\"ImageObject\",\"inLanguage\":\"fr-FR\",\"@id\":\"https:\/\/ppr-antibioresistance.inserm.fr\/fr\/#\/schema\/logo\/image\/\",\"url\":\"https:\/\/ppr-antibioresistance.inserm.fr\/wp-content\/uploads\/2020\/05\/logo-inserm-ppra.svg\",\"contentUrl\":\"https:\/\/ppr-antibioresistance.inserm.fr\/wp-content\/uploads\/2020\/05\/logo-inserm-ppra.svg\",\"width\":1,\"height\":1,\"caption\":\"Inserm\"},\"image\":{\"@id\":\"https:\/\/ppr-antibioresistance.inserm.fr\/fr\/#\/schema\/logo\/image\/\"}}]}<\/script>\n<!-- \/ Yoast SEO plugin. -->","yoast_head_json":{"title":"R\u00e9seau de recherche avec les pays \u00e0 ressources limit\u00e9es - Interface nationale ANTIBIOR\u00c9SISTANCE","robots":{"index":"index","follow":"follow","max-snippet":"max-snippet:-1","max-image-preview":"max-image-preview:large","max-video-preview":"max-video-preview:-1"},"canonical":"https:\/\/ppr-antibioresistance.inserm.fr\/fr\/ppr-antibioresistance\/reseau-de-recherche-avec-les-pays-a-ressources-limitees\/","og_locale":"fr_FR","og_type":"article","og_title":"R\u00e9seau de recherche avec les pays \u00e0 ressources limit\u00e9es - Interface nationale ANTIBIOR\u00c9SISTANCE","og_description":"Une focalisation sur deux objectifs principaux est envisag\u00e9e. L\u2019un est d\u2019organiser et coordonner un r\u00e9seau pour structurer de futurs appels \u00e0 projets et f\u00e9d\u00e9rer les forces pour une recherche sur l\u2019antibior\u00e9sistance avec les pays aux ressources limit\u00e9es. Cette structuration et coordination est pr\u00e9conis\u00e9e en lien avec les scientifiques locaux. Il est connu que ces pays [&hellip;]","og_url":"https:\/\/ppr-antibioresistance.inserm.fr\/fr\/ppr-antibioresistance\/reseau-de-recherche-avec-les-pays-a-ressources-limitees\/","og_site_name":"Interface nationale ANTIBIOR\u00c9SISTANCE","article_modified_time":"2024-07-23T10:14:55+00:00","twitter_card":"summary_large_image","twitter_misc":{"Dur\u00e9e de lecture estim\u00e9e":"1 minute"},"schema":{"@context":"https:\/\/schema.org","@graph":[{"@type":"WebPage","@id":"https:\/\/ppr-antibioresistance.inserm.fr\/fr\/ppr-antibioresistance\/reseau-de-recherche-avec-les-pays-a-ressources-limitees\/","url":"https:\/\/ppr-antibioresistance.inserm.fr\/fr\/ppr-antibioresistance\/reseau-de-recherche-avec-les-pays-a-ressources-limitees\/","name":"R\u00e9seau de recherche avec les pays \u00e0 ressources limit\u00e9es - Interface nationale ANTIBIOR\u00c9SISTANCE","isPartOf":{"@id":"https:\/\/ppr-antibioresistance.inserm.fr\/fr\/#website"},"primaryImageOfPage":{"@id":"https:\/\/ppr-antibioresistance.inserm.fr\/fr\/ppr-antibioresistance\/reseau-de-recherche-avec-les-pays-a-ressources-limitees\/#primaryimage"},"image":{"@id":"https:\/\/ppr-antibioresistance.inserm.fr\/fr\/ppr-antibioresistance\/reseau-de-recherche-avec-les-pays-a-ressources-limitees\/#primaryimage"},"thumbnailUrl":"https:\/\/ppr-antibioresistance.inserm.fr\/wp-content\/uploads\/2020\/04\/icon-reseaurecherche.svg","datePublished":"2020-05-04T17:48:57+00:00","dateModified":"2024-07-23T10:14:55+00:00","breadcrumb":{"@id":"https:\/\/ppr-antibioresistance.inserm.fr\/fr\/ppr-antibioresistance\/reseau-de-recherche-avec-les-pays-a-ressources-limitees\/#breadcrumb"},"inLanguage":"fr-FR","potentialAction":[{"@type":"ReadAction","target":["https:\/\/ppr-antibioresistance.inserm.fr\/fr\/ppr-antibioresistance\/reseau-de-recherche-avec-les-pays-a-ressources-limitees\/"]}]},{"@type":"ImageObject","inLanguage":"fr-FR","@id":"https:\/\/ppr-antibioresistance.inserm.fr\/fr\/ppr-antibioresistance\/reseau-de-recherche-avec-les-pays-a-ressources-limitees\/#primaryimage","url":"https:\/\/ppr-antibioresistance.inserm.fr\/wp-content\/uploads\/2020\/04\/icon-reseaurecherche.svg","contentUrl":"https:\/\/ppr-antibioresistance.inserm.fr\/wp-content\/uploads\/2020\/04\/icon-reseaurecherche.svg"},{"@type":"BreadcrumbList","@id":"https:\/\/ppr-antibioresistance.inserm.fr\/fr\/ppr-antibioresistance\/reseau-de-recherche-avec-les-pays-a-ressources-limitees\/#breadcrumb","itemListElement":[{"@type":"ListItem","position":1,"name":"Accueil","item":"https:\/\/ppr-antibioresistance.inserm.fr\/fr\/"},{"@type":"ListItem","position":2,"name":"PPR Antibior\u00e9sistance","item":"https:\/\/ppr-antibioresistance.inserm.fr\/fr\/ppr-antibioresistance\/"},{"@type":"ListItem","position":3,"name":"R\u00e9seau de recherche avec les pays \u00e0 ressources limit\u00e9es"}]},{"@type":"WebSite","@id":"https:\/\/ppr-antibioresistance.inserm.fr\/fr\/#website","url":"https:\/\/ppr-antibioresistance.inserm.fr\/fr\/","name":"Interface nationale ANTIBIOR\u00c9SISTANCE","description":"PPR Antibior\u00e9sistance - Inserm","publisher":{"@id":"https:\/\/ppr-antibioresistance.inserm.fr\/fr\/#organization"},"potentialAction":[{"@type":"SearchAction","target":{"@type":"EntryPoint","urlTemplate":"https:\/\/ppr-antibioresistance.inserm.fr\/fr\/?s={search_term_string}"},"query-input":"required name=search_term_string"}],"inLanguage":"fr-FR"},{"@type":"Organization","@id":"https:\/\/ppr-antibioresistance.inserm.fr\/fr\/#organization","name":"Inserm","url":"https:\/\/ppr-antibioresistance.inserm.fr\/fr\/","logo":{"@type":"ImageObject","inLanguage":"fr-FR","@id":"https:\/\/ppr-antibioresistance.inserm.fr\/fr\/#\/schema\/logo\/image\/","url":"https:\/\/ppr-antibioresistance.inserm.fr\/wp-content\/uploads\/2020\/05\/logo-inserm-ppra.svg","contentUrl":"https:\/\/ppr-antibioresistance.inserm.fr\/wp-content\/uploads\/2020\/05\/logo-inserm-ppra.svg","width":1,"height":1,"caption":"Inserm"},"image":{"@id":"https:\/\/ppr-antibioresistance.inserm.fr\/fr\/#\/schema\/logo\/image\/"}}]}},"post_mailing_queue_ids":[],"_links":{"self":[{"href":"https:\/\/ppr-antibioresistance.inserm.fr\/fr\/wp-json\/wp\/v2\/pages\/247"}],"collection":[{"href":"https:\/\/ppr-antibioresistance.inserm.fr\/fr\/wp-json\/wp\/v2\/pages"}],"about":[{"href":"https:\/\/ppr-antibioresistance.inserm.fr\/fr\/wp-json\/wp\/v2\/types\/page"}],"author":[{"embeddable":true,"href":"https:\/\/ppr-antibioresistance.inserm.fr\/fr\/wp-json\/wp\/v2\/users\/1"}],"replies":[{"embeddable":true,"href":"https:\/\/ppr-antibioresistance.inserm.fr\/fr\/wp-json\/wp\/v2\/comments?post=247"}],"version-history":[{"count":10,"href":"https:\/\/ppr-antibioresistance.inserm.fr\/fr\/wp-json\/wp\/v2\/pages\/247\/revisions"}],"predecessor-version":[{"id":29712,"href":"https:\/\/ppr-antibioresistance.inserm.fr\/fr\/wp-json\/wp\/v2\/pages\/247\/revisions\/29712"}],"up":[{"embeddable":true,"href":"https:\/\/ppr-antibioresistance.inserm.fr\/fr\/wp-json\/wp\/v2\/pages\/233"}],"wp:featuredmedia":[{"embeddable":true,"href":"https:\/\/ppr-antibioresistance.inserm.fr\/fr\/wp-json\/wp\/v2\/media\/50"}],"wp:attachment":[{"href":"https:\/\/ppr-antibioresistance.inserm.fr\/fr\/wp-json\/wp\/v2\/media?parent=247"}],"curies":[{"name":"wp","href":"https:\/\/api.w.org\/{rel}","templated":true}]}}