{"id":245,"date":"2020-05-04T18:48:45","date_gmt":"2020-05-04T17:48:45","guid":{"rendered":"https:\/\/ppra.inserm.dev-mlcom.net\/?page_id=245"},"modified":"2021-08-12T08:35:49","modified_gmt":"2021-08-12T07:35:49","slug":"observatoire-des-sciences-humaines-et-sociales","status":"publish","type":"page","link":"https:\/\/ppr-antibioresistance.inserm.fr\/fr\/ppr-antibioresistance\/observatoire-des-sciences-humaines-et-sociales\/","title":{"rendered":"Observatoire des sciences humaines et sociales"},"content":{"rendered":"\n<p>Mise en place d\u2019un r\u00e9seau d\u2019analyse des discours, des pratiques et des usages li\u00e9s aux antibiotiques et \u00e0 l\u2019antibior\u00e9sistance. Ce r\u00e9seau aura pour mission principale de se focaliser, dans un premier temps, sur le syst\u00e8me socio-\u00e9conomique, le contexte et les dispositifs dans le monde humain et animal pour comprendre les racines socio-culturelles et contextuelles de l\u2019antibior\u00e9sistance. Ceci inclut \u00e9galement les liens avec les chercheurs du monde de la sant\u00e9, les \u00ab comportements \u00bb des acteurs et les interactions m\u00e9decin-malade, v\u00e9t\u00e9rinaire-animal, \u00e9leveur-animal qui conduisent \u00e0 la prescription. Ce r\u00e9seau est indispensable pour pleinement int\u00e9grer l\u2019ensemble des sous-disciplines des sciences humaines et sociales \u00e0 la probl\u00e9matique de la r\u00e9sistance aux antibiotiques.<\/p>\n","protected":false},"excerpt":{"rendered":"<p>Mise en place d\u2019un r\u00e9seau d\u2019analyse des discours, des pratiques et des usages li\u00e9s aux antibiotiques et \u00e0 l\u2019antibior\u00e9sistance. Ce r\u00e9seau aura pour mission principale de se focaliser, dans un premier temps, sur le syst\u00e8me socio-\u00e9conomique, le contexte et les dispositifs dans le monde humain et animal pour comprendre les racines socio-culturelles et contextuelles de [&hellip;]<\/p>\n","protected":false},"author":1,"featured_media":49,"parent":233,"menu_order":6,"comment_status":"closed","ping_status":"closed","template":"","meta":{"footnotes":"","_links_to":"","_links_to_target":""},"acf":[],"yoast_head":"<!-- This site is optimized with the Yoast SEO plugin v22.8 - https:\/\/yoast.com\/wordpress\/plugins\/seo\/ -->\n<title>Observatoire des sciences humaines et sociales - Interface nationale ANTIBIOR\u00c9SISTANCE<\/title>\n<meta name=\"robots\" content=\"index, follow, max-snippet:-1, max-image-preview:large, max-video-preview:-1\" \/>\n<link rel=\"canonical\" href=\"https:\/\/ppr-antibioresistance.inserm.fr\/fr\/ppr-antibioresistance\/observatoire-des-sciences-humaines-et-sociales\/\" \/>\n<meta property=\"og:locale\" content=\"fr_FR\" \/>\n<meta property=\"og:type\" content=\"article\" \/>\n<meta property=\"og:title\" content=\"Observatoire des sciences humaines et sociales - Interface nationale ANTIBIOR\u00c9SISTANCE\" \/>\n<meta property=\"og:description\" content=\"Mise en place d\u2019un r\u00e9seau d\u2019analyse des discours, des pratiques et des usages li\u00e9s aux antibiotiques et \u00e0 l\u2019antibior\u00e9sistance. Ce r\u00e9seau aura pour mission principale de se focaliser, dans un premier temps, sur le syst\u00e8me socio-\u00e9conomique, le contexte et les dispositifs dans le monde humain et animal pour comprendre les racines socio-culturelles et contextuelles de [&hellip;]\" \/>\n<meta property=\"og:url\" content=\"https:\/\/ppr-antibioresistance.inserm.fr\/fr\/ppr-antibioresistance\/observatoire-des-sciences-humaines-et-sociales\/\" \/>\n<meta property=\"og:site_name\" content=\"Interface nationale ANTIBIOR\u00c9SISTANCE\" \/>\n<meta property=\"article:modified_time\" content=\"2021-08-12T07:35:49+00:00\" \/>\n<meta name=\"twitter:card\" content=\"summary_large_image\" \/>\n<meta name=\"twitter:label1\" content=\"Dur\u00e9e de lecture estim\u00e9e\" \/>\n\t<meta name=\"twitter:data1\" content=\"1 minute\" \/>\n<script type=\"application\/ld+json\" class=\"yoast-schema-graph\">{\"@context\":\"https:\/\/schema.org\",\"@graph\":[{\"@type\":\"WebPage\",\"@id\":\"https:\/\/ppr-antibioresistance.inserm.fr\/fr\/ppr-antibioresistance\/observatoire-des-sciences-humaines-et-sociales\/\",\"url\":\"https:\/\/ppr-antibioresistance.inserm.fr\/fr\/ppr-antibioresistance\/observatoire-des-sciences-humaines-et-sociales\/\",\"name\":\"Observatoire des sciences humaines et sociales - Interface nationale ANTIBIOR\u00c9SISTANCE\",\"isPartOf\":{\"@id\":\"https:\/\/ppr-antibioresistance.inserm.fr\/fr\/#website\"},\"primaryImageOfPage\":{\"@id\":\"https:\/\/ppr-antibioresistance.inserm.fr\/fr\/ppr-antibioresistance\/observatoire-des-sciences-humaines-et-sociales\/#primaryimage\"},\"image\":{\"@id\":\"https:\/\/ppr-antibioresistance.inserm.fr\/fr\/ppr-antibioresistance\/observatoire-des-sciences-humaines-et-sociales\/#primaryimage\"},\"thumbnailUrl\":\"https:\/\/ppr-antibioresistance.inserm.fr\/wp-content\/uploads\/2020\/04\/icon-obssocial.svg\",\"datePublished\":\"2020-05-04T17:48:45+00:00\",\"dateModified\":\"2021-08-12T07:35:49+00:00\",\"breadcrumb\":{\"@id\":\"https:\/\/ppr-antibioresistance.inserm.fr\/fr\/ppr-antibioresistance\/observatoire-des-sciences-humaines-et-sociales\/#breadcrumb\"},\"inLanguage\":\"fr-FR\",\"potentialAction\":[{\"@type\":\"ReadAction\",\"target\":[\"https:\/\/ppr-antibioresistance.inserm.fr\/fr\/ppr-antibioresistance\/observatoire-des-sciences-humaines-et-sociales\/\"]}]},{\"@type\":\"ImageObject\",\"inLanguage\":\"fr-FR\",\"@id\":\"https:\/\/ppr-antibioresistance.inserm.fr\/fr\/ppr-antibioresistance\/observatoire-des-sciences-humaines-et-sociales\/#primaryimage\",\"url\":\"https:\/\/ppr-antibioresistance.inserm.fr\/wp-content\/uploads\/2020\/04\/icon-obssocial.svg\",\"contentUrl\":\"https:\/\/ppr-antibioresistance.inserm.fr\/wp-content\/uploads\/2020\/04\/icon-obssocial.svg\"},{\"@type\":\"BreadcrumbList\",\"@id\":\"https:\/\/ppr-antibioresistance.inserm.fr\/fr\/ppr-antibioresistance\/observatoire-des-sciences-humaines-et-sociales\/#breadcrumb\",\"itemListElement\":[{\"@type\":\"ListItem\",\"position\":1,\"name\":\"Accueil\",\"item\":\"https:\/\/ppr-antibioresistance.inserm.fr\/fr\/\"},{\"@type\":\"ListItem\",\"position\":2,\"name\":\"PPR Antibior\u00e9sistance\",\"item\":\"https:\/\/ppr-antibioresistance.inserm.fr\/fr\/ppr-antibioresistance\/\"},{\"@type\":\"ListItem\",\"position\":3,\"name\":\"Observatoire des sciences humaines et sociales\"}]},{\"@type\":\"WebSite\",\"@id\":\"https:\/\/ppr-antibioresistance.inserm.fr\/fr\/#website\",\"url\":\"https:\/\/ppr-antibioresistance.inserm.fr\/fr\/\",\"name\":\"Interface nationale ANTIBIOR\u00c9SISTANCE\",\"description\":\"PPR Antibior\u00e9sistance - Inserm\",\"publisher\":{\"@id\":\"https:\/\/ppr-antibioresistance.inserm.fr\/fr\/#organization\"},\"potentialAction\":[{\"@type\":\"SearchAction\",\"target\":{\"@type\":\"EntryPoint\",\"urlTemplate\":\"https:\/\/ppr-antibioresistance.inserm.fr\/fr\/?s={search_term_string}\"},\"query-input\":\"required name=search_term_string\"}],\"inLanguage\":\"fr-FR\"},{\"@type\":\"Organization\",\"@id\":\"https:\/\/ppr-antibioresistance.inserm.fr\/fr\/#organization\",\"name\":\"Inserm\",\"url\":\"https:\/\/ppr-antibioresistance.inserm.fr\/fr\/\",\"logo\":{\"@type\":\"ImageObject\",\"inLanguage\":\"fr-FR\",\"@id\":\"https:\/\/ppr-antibioresistance.inserm.fr\/fr\/#\/schema\/logo\/image\/\",\"url\":\"https:\/\/ppr-antibioresistance.inserm.fr\/wp-content\/uploads\/2020\/05\/logo-inserm-ppra.svg\",\"contentUrl\":\"https:\/\/ppr-antibioresistance.inserm.fr\/wp-content\/uploads\/2020\/05\/logo-inserm-ppra.svg\",\"width\":1,\"height\":1,\"caption\":\"Inserm\"},\"image\":{\"@id\":\"https:\/\/ppr-antibioresistance.inserm.fr\/fr\/#\/schema\/logo\/image\/\"}}]}<\/script>\n<!-- \/ Yoast SEO plugin. -->","yoast_head_json":{"title":"Observatoire des sciences humaines et sociales - Interface nationale ANTIBIOR\u00c9SISTANCE","robots":{"index":"index","follow":"follow","max-snippet":"max-snippet:-1","max-image-preview":"max-image-preview:large","max-video-preview":"max-video-preview:-1"},"canonical":"https:\/\/ppr-antibioresistance.inserm.fr\/fr\/ppr-antibioresistance\/observatoire-des-sciences-humaines-et-sociales\/","og_locale":"fr_FR","og_type":"article","og_title":"Observatoire des sciences humaines et sociales - Interface nationale ANTIBIOR\u00c9SISTANCE","og_description":"Mise en place d\u2019un r\u00e9seau d\u2019analyse des discours, des pratiques et des usages li\u00e9s aux antibiotiques et \u00e0 l\u2019antibior\u00e9sistance. Ce r\u00e9seau aura pour mission principale de se focaliser, dans un premier temps, sur le syst\u00e8me socio-\u00e9conomique, le contexte et les dispositifs dans le monde humain et animal pour comprendre les racines socio-culturelles et contextuelles de [&hellip;]","og_url":"https:\/\/ppr-antibioresistance.inserm.fr\/fr\/ppr-antibioresistance\/observatoire-des-sciences-humaines-et-sociales\/","og_site_name":"Interface nationale ANTIBIOR\u00c9SISTANCE","article_modified_time":"2021-08-12T07:35:49+00:00","twitter_card":"summary_large_image","twitter_misc":{"Dur\u00e9e de lecture estim\u00e9e":"1 minute"},"schema":{"@context":"https:\/\/schema.org","@graph":[{"@type":"WebPage","@id":"https:\/\/ppr-antibioresistance.inserm.fr\/fr\/ppr-antibioresistance\/observatoire-des-sciences-humaines-et-sociales\/","url":"https:\/\/ppr-antibioresistance.inserm.fr\/fr\/ppr-antibioresistance\/observatoire-des-sciences-humaines-et-sociales\/","name":"Observatoire des sciences humaines et sociales - Interface nationale ANTIBIOR\u00c9SISTANCE","isPartOf":{"@id":"https:\/\/ppr-antibioresistance.inserm.fr\/fr\/#website"},"primaryImageOfPage":{"@id":"https:\/\/ppr-antibioresistance.inserm.fr\/fr\/ppr-antibioresistance\/observatoire-des-sciences-humaines-et-sociales\/#primaryimage"},"image":{"@id":"https:\/\/ppr-antibioresistance.inserm.fr\/fr\/ppr-antibioresistance\/observatoire-des-sciences-humaines-et-sociales\/#primaryimage"},"thumbnailUrl":"https:\/\/ppr-antibioresistance.inserm.fr\/wp-content\/uploads\/2020\/04\/icon-obssocial.svg","datePublished":"2020-05-04T17:48:45+00:00","dateModified":"2021-08-12T07:35:49+00:00","breadcrumb":{"@id":"https:\/\/ppr-antibioresistance.inserm.fr\/fr\/ppr-antibioresistance\/observatoire-des-sciences-humaines-et-sociales\/#breadcrumb"},"inLanguage":"fr-FR","potentialAction":[{"@type":"ReadAction","target":["https:\/\/ppr-antibioresistance.inserm.fr\/fr\/ppr-antibioresistance\/observatoire-des-sciences-humaines-et-sociales\/"]}]},{"@type":"ImageObject","inLanguage":"fr-FR","@id":"https:\/\/ppr-antibioresistance.inserm.fr\/fr\/ppr-antibioresistance\/observatoire-des-sciences-humaines-et-sociales\/#primaryimage","url":"https:\/\/ppr-antibioresistance.inserm.fr\/wp-content\/uploads\/2020\/04\/icon-obssocial.svg","contentUrl":"https:\/\/ppr-antibioresistance.inserm.fr\/wp-content\/uploads\/2020\/04\/icon-obssocial.svg"},{"@type":"BreadcrumbList","@id":"https:\/\/ppr-antibioresistance.inserm.fr\/fr\/ppr-antibioresistance\/observatoire-des-sciences-humaines-et-sociales\/#breadcrumb","itemListElement":[{"@type":"ListItem","position":1,"name":"Accueil","item":"https:\/\/ppr-antibioresistance.inserm.fr\/fr\/"},{"@type":"ListItem","position":2,"name":"PPR Antibior\u00e9sistance","item":"https:\/\/ppr-antibioresistance.inserm.fr\/fr\/ppr-antibioresistance\/"},{"@type":"ListItem","position":3,"name":"Observatoire des sciences humaines et sociales"}]},{"@type":"WebSite","@id":"https:\/\/ppr-antibioresistance.inserm.fr\/fr\/#website","url":"https:\/\/ppr-antibioresistance.inserm.fr\/fr\/","name":"Interface nationale ANTIBIOR\u00c9SISTANCE","description":"PPR Antibior\u00e9sistance - Inserm","publisher":{"@id":"https:\/\/ppr-antibioresistance.inserm.fr\/fr\/#organization"},"potentialAction":[{"@type":"SearchAction","target":{"@type":"EntryPoint","urlTemplate":"https:\/\/ppr-antibioresistance.inserm.fr\/fr\/?s={search_term_string}"},"query-input":"required name=search_term_string"}],"inLanguage":"fr-FR"},{"@type":"Organization","@id":"https:\/\/ppr-antibioresistance.inserm.fr\/fr\/#organization","name":"Inserm","url":"https:\/\/ppr-antibioresistance.inserm.fr\/fr\/","logo":{"@type":"ImageObject","inLanguage":"fr-FR","@id":"https:\/\/ppr-antibioresistance.inserm.fr\/fr\/#\/schema\/logo\/image\/","url":"https:\/\/ppr-antibioresistance.inserm.fr\/wp-content\/uploads\/2020\/05\/logo-inserm-ppra.svg","contentUrl":"https:\/\/ppr-antibioresistance.inserm.fr\/wp-content\/uploads\/2020\/05\/logo-inserm-ppra.svg","width":1,"height":1,"caption":"Inserm"},"image":{"@id":"https:\/\/ppr-antibioresistance.inserm.fr\/fr\/#\/schema\/logo\/image\/"}}]}},"post_mailing_queue_ids":[],"_links":{"self":[{"href":"https:\/\/ppr-antibioresistance.inserm.fr\/fr\/wp-json\/wp\/v2\/pages\/245"}],"collection":[{"href":"https:\/\/ppr-antibioresistance.inserm.fr\/fr\/wp-json\/wp\/v2\/pages"}],"about":[{"href":"https:\/\/ppr-antibioresistance.inserm.fr\/fr\/wp-json\/wp\/v2\/types\/page"}],"author":[{"embeddable":true,"href":"https:\/\/ppr-antibioresistance.inserm.fr\/fr\/wp-json\/wp\/v2\/users\/1"}],"replies":[{"embeddable":true,"href":"https:\/\/ppr-antibioresistance.inserm.fr\/fr\/wp-json\/wp\/v2\/comments?post=245"}],"version-history":[{"count":5,"href":"https:\/\/ppr-antibioresistance.inserm.fr\/fr\/wp-json\/wp\/v2\/pages\/245\/revisions"}],"predecessor-version":[{"id":15093,"href":"https:\/\/ppr-antibioresistance.inserm.fr\/fr\/wp-json\/wp\/v2\/pages\/245\/revisions\/15093"}],"up":[{"embeddable":true,"href":"https:\/\/ppr-antibioresistance.inserm.fr\/fr\/wp-json\/wp\/v2\/pages\/233"}],"wp:featuredmedia":[{"embeddable":true,"href":"https:\/\/ppr-antibioresistance.inserm.fr\/fr\/wp-json\/wp\/v2\/media\/49"}],"wp:attachment":[{"href":"https:\/\/ppr-antibioresistance.inserm.fr\/fr\/wp-json\/wp\/v2\/media?parent=245"}],"curies":[{"name":"wp","href":"https:\/\/api.w.org\/{rel}","templated":true}]}}