{"id":241,"date":"2020-05-04T18:47:14","date_gmt":"2020-05-04T17:47:14","guid":{"rendered":"https:\/\/ppra.inserm.dev-mlcom.net\/?page_id=241"},"modified":"2023-11-15T16:08:07","modified_gmt":"2023-11-15T15:08:07","slug":"integration-des-bases-de-donnees-de-sante","status":"publish","type":"page","link":"https:\/\/ppr-antibioresistance.inserm.fr\/fr\/ppr-antibioresistance\/integration-des-bases-de-donnees-de-sante\/","title":{"rendered":"Appels \u00e0 projets : Chaire junior et senior"},"content":{"rendered":"\n<p>En r\u00e9ponse \u00e0 cet Appel \u00e0 projets (AAP), 35 candidats ont d\u00e9pos\u00e9 leurs dossiers lors de la premi\u00e8re phase de s\u00e9lection organis\u00e9e par l\u2019Inserm. Parmi eux, 21 candidats ont \u00e9t\u00e9 retenus pour la seconde phase de l\u2019AAP organis\u00e9e par l\u2019ANR. Le Secr\u00e9tariat G\u00e9n\u00e9ral Pour l\u2019Investissement (SGPI) a finalement <a href=\"https:\/\/ppr-antibioresistance.inserm.fr\/fr\/projets-actions-soutenus\/action-4-resultats-des-appels-a-projets-chaire-junior-et-senior\/\" data-type=\"URL\" data-id=\"https:\/\/ppr-antibioresistance.inserm.fr\/fr\/projets-actions-soutenus\/action-4-resultats-des-appels-a-projets-chaire-junior-et-senior\/\">retenu neuf laur\u00e9ats dont les projets couvrent les quatre axes du PPR dans les trois \u00e9cosyst\u00e8mes<\/a>\u2014 humain, animal, environnement :<\/p>\n\n\n\n<ul><li>\u00c9mergence, transmission et diss\u00e9mination de la r\u00e9sistance<\/li><li>Approches des Sciences Humaines et Sociales (SHS), \u00e9pid\u00e9miologiques et interventionnelles de l\u2019antibior\u00e9sistance chez l\u2019Homme, les animaux et dans l\u2019environnement<\/li><li>Innovations technologiques appliqu\u00e9es \u00e0 l\u2019antibior\u00e9sistance dans les domaines du num\u00e9rique, du diagnostic et de la th\u00e9rapie<\/li><li>Strat\u00e9gies th\u00e9rapeutiques et pr\u00e9ventives innovantes<\/li><\/ul>\n\n\n\n<p>D\u00e9couvrez les laur\u00e9ats et leurs projets.<\/p>\n\n\n\n<hr class=\"wp-block-separator has-alpha-channel-opacity is-style-wide\"\/>\n\n\n\n<p><strong>Liste des Laur\u00e9ats<\/strong><\/p>\n\n\n\n<p>Laur\u00e9at de l\u2019AAP Chaire senior pour un montant de pr\u00e8s de 1 M\u20ac.<\/p>\n\n\n\n<figure class=\"wp-block-table is-style-regular border\"><table class=\"has-background\" style=\"background-color:#fff0e6\"><thead><tr><th><strong>Acronyme<\/strong><\/th><th><strong>Nom complet du projet<\/strong><\/th><th class=\"has-text-align-center\" data-align=\"center\"><strong>Coordinateur scientifique<\/strong><\/th><th><strong>Pays<\/strong><\/th><th class=\"has-text-align-center\" data-align=\"center\"><strong>Organisme porteur du projet<\/strong><\/th><\/tr><\/thead><tbody><tr><td>MEHTA <\/td><td>Managing Environmental Hotspots and Transmission of AMR<\/td><td class=\"has-text-align-center\" data-align=\"center\">Edward TOPP<\/td><td>Canada<\/td><td class=\"has-text-align-center\" data-align=\"center\">INRAE<\/td><\/tr><\/tbody><\/table><\/figure>\n\n\n\n<p>Les 8 laur\u00e9ats de l\u2019AAP Chaire junior financ\u00e9s chacun jusqu\u2019\u00e0 500&nbsp;000 euros pour un montant total de pr\u00e8s de 4 M\u20ac.<\/p>\n\n\n\n<figure class=\"wp-block-table is-style-regular\"><table class=\"has-background\" style=\"background-color:#fff0e6\"><tbody><tr><td class=\"has-text-align-center\" data-align=\"center\"><strong>Acronyme<\/strong><\/td><td class=\"has-text-align-center\" data-align=\"center\"><strong>Nom complet du projet<\/strong><\/td><td class=\"has-text-align-center\" data-align=\"center\"><strong>Coordinateur scientifique<\/strong><\/td><td class=\"has-text-align-center\" data-align=\"center\"><strong>Pays<\/strong><\/td><td class=\"has-text-align-center\" data-align=\"center\"><strong>Organisme porteur du projet<\/strong><\/td><\/tr><tr><td class=\"has-text-align-center\" data-align=\"center\">AMR-Hub<\/td><td class=\"has-text-align-center\" data-align=\"center\">Determining the hubs of the antimicrobial resistance transmission network across One Health ecosystems<\/td><td class=\"has-text-align-center\" data-align=\"center\">Thibault STALDER<\/td><td class=\"has-text-align-center\" data-align=\"center\">\u00c9tats-Unis<\/td><td class=\"has-text-align-center\" data-align=\"center\">Inserm<\/td><\/tr><tr><td class=\"has-text-align-center\" data-align=\"center\">CARE<\/td><td class=\"has-text-align-center\" data-align=\"center\">Combatting Antibiotic Recalcitrance in ESKAPE pathogens<\/td><td class=\"has-text-align-center\" data-align=\"center\">Charlotte MICHAUX<\/td><td class=\"has-text-align-center\" data-align=\"center\">\u00c9tats-Unis<\/td><td class=\"has-text-align-center\" data-align=\"center\">Universit\u00e9 de Rennes 1<\/td><\/tr><tr><td class=\"has-text-align-center\" data-align=\"center\">COMBINE<\/td><td class=\"has-text-align-center\" data-align=\"center\">Combine modelling of patient pathways and monitoring of sewage to prevent the regional spread of multi-drug resistant <em>Enterobacterales<\/em><\/td><td class=\"has-text-align-center\" data-align=\"center\">Gabriel BIRGAND<\/td><td class=\"has-text-align-center\" data-align=\"center\">France<\/td><td class=\"has-text-align-center\" data-align=\"center\">CHU de Nantes<\/td><\/tr><tr><td class=\"has-text-align-center\" data-align=\"center\">EFAR<\/td><td class=\"has-text-align-center\" data-align=\"center\">Leveraging Ecology to Fight Antibiotic Resistance<\/td><td class=\"has-text-align-center\" data-align=\"center\">Leveraging Ecology to Fight Antibiotic Resistance<\/td><td class=\"has-text-align-center\" data-align=\"center\">Autriche<\/td><td class=\"has-text-align-center\" data-align=\"center\">Inserm<\/td><\/tr><tr><td class=\"has-text-align-center\" data-align=\"center\">IDARS<\/td><td class=\"has-text-align-center\" data-align=\"center\">Donor-recipient bacteria interaction during antibiotic resistance spread<\/td><td class=\"has-text-align-center\" data-align=\"center\">K\u00e9vin MAC\u00c9<\/td><td class=\"has-text-align-center\" data-align=\"center\">Royaume-Uni<\/td><td class=\"has-text-align-center\" data-align=\"center\">Institut de G\u00e9n\u00e9tique &amp; D\u00e9veloppement de Rennes (IGDR)<\/td><\/tr><tr><td class=\"has-text-align-center\" data-align=\"center\">SCANDISC<\/td><td class=\"has-text-align-center\" data-align=\"center\">Scalable antibiotic discovery through synthetic biology<\/td><td class=\"has-text-align-center\" data-align=\"center\">Vincent LIBIS<\/td><td class=\"has-text-align-center\" data-align=\"center\">France<\/td><td class=\"has-text-align-center\" data-align=\"center\">Inserm<\/td><\/tr><tr><td class=\"has-text-align-center\" data-align=\"center\">STATIC<\/td><td class=\"has-text-align-center\" data-align=\"center\">Sustaining the Antibiotic Infrastructure: Tools, Actors, Controversies<\/td><td class=\"has-text-align-center\" data-align=\"center\">Henri BOULLIER<\/td><td class=\"has-text-align-center\" data-align=\"center\">France<\/td><td class=\"has-text-align-center\" data-align=\"center\">Institut de recherche interdisciplinaire en sciences sociales (Irisso)<\/td><\/tr><tr><td class=\"has-text-align-center\" data-align=\"center\">Target2Drug<\/td><td class=\"has-text-align-center\" data-align=\"center\">Data mining and graph theory approaches to fight carbapenem- resistant <em>Acinetobacter baumannii<\/em><\/td><td class=\"has-text-align-center\" data-align=\"center\">Nicolas NALPAS<\/td><td class=\"has-text-align-center\" data-align=\"center\">France<\/td><td class=\"has-text-align-center\" data-align=\"center\">Universit\u00e9 de Rouen Normandie<\/td><\/tr><\/tbody><\/table><\/figure>\n\n\n\n<div style=\"height:6px\" aria-hidden=\"true\" class=\"wp-block-spacer\"><\/div>\n\n\n\n<div class=\"wp-block-buttons is-layout-flex wp-block-buttons-is-layout-flex\">\n<div class=\"wp-block-button aligncenter\"><a class=\"wp-block-button__link has-white-color has-luminous-vivid-orange-background-color has-text-color has-background\" href=\"https:\/\/ppr-antibioresistance.inserm.fr\/fr\/projets-actions-soutenus\/action-4-resultats-des-appels-a-projets-chaire-junior-et-senior\/\" style=\"border-radius:0px\">EN SAVOIR PLUS SUR LES PROJETS S\u00c9LECTIONN\u00c9S<\/a><\/div>\n<\/div>\n","protected":false},"excerpt":{"rendered":"<p>En r\u00e9ponse \u00e0 cet Appel \u00e0 projets (AAP), 35 candidats ont d\u00e9pos\u00e9 leurs dossiers lors de la premi\u00e8re phase de s\u00e9lection organis\u00e9e par l\u2019Inserm. Parmi eux, 21 candidats ont \u00e9t\u00e9 retenus pour la seconde phase de l\u2019AAP organis\u00e9e par l\u2019ANR. Le Secr\u00e9tariat G\u00e9n\u00e9ral Pour l\u2019Investissement (SGPI) a finalement retenu neuf laur\u00e9ats dont les projets couvrent [&hellip;]<\/p>\n","protected":false},"author":1,"featured_media":44,"parent":233,"menu_order":4,"comment_status":"closed","ping_status":"closed","template":"","meta":{"footnotes":"","_links_to":"","_links_to_target":""},"acf":[],"yoast_head":"<!-- This site is optimized with the Yoast SEO plugin v22.8 - https:\/\/yoast.com\/wordpress\/plugins\/seo\/ -->\n<title>Appels \u00e0 projets : Chaire junior et senior - Interface nationale ANTIBIOR\u00c9SISTANCE<\/title>\n<meta name=\"robots\" content=\"index, follow, max-snippet:-1, max-image-preview:large, max-video-preview:-1\" \/>\n<link rel=\"canonical\" href=\"https:\/\/ppr-antibioresistance.inserm.fr\/fr\/ppr-antibioresistance\/integration-des-bases-de-donnees-de-sante\/\" \/>\n<meta property=\"og:locale\" content=\"fr_FR\" \/>\n<meta property=\"og:type\" content=\"article\" \/>\n<meta property=\"og:title\" content=\"Appels \u00e0 projets : Chaire junior et senior - Interface nationale ANTIBIOR\u00c9SISTANCE\" \/>\n<meta property=\"og:description\" content=\"En r\u00e9ponse \u00e0 cet Appel \u00e0 projets (AAP), 35 candidats ont d\u00e9pos\u00e9 leurs dossiers lors de la premi\u00e8re phase de s\u00e9lection organis\u00e9e par l\u2019Inserm. Parmi eux, 21 candidats ont \u00e9t\u00e9 retenus pour la seconde phase de l\u2019AAP organis\u00e9e par l\u2019ANR. Le Secr\u00e9tariat G\u00e9n\u00e9ral Pour l\u2019Investissement (SGPI) a finalement retenu neuf laur\u00e9ats dont les projets couvrent [&hellip;]\" \/>\n<meta property=\"og:url\" content=\"https:\/\/ppr-antibioresistance.inserm.fr\/fr\/ppr-antibioresistance\/integration-des-bases-de-donnees-de-sante\/\" \/>\n<meta property=\"og:site_name\" content=\"Interface nationale ANTIBIOR\u00c9SISTANCE\" \/>\n<meta property=\"article:modified_time\" content=\"2023-11-15T15:08:07+00:00\" \/>\n<meta name=\"twitter:card\" content=\"summary_large_image\" \/>\n<meta name=\"twitter:label1\" content=\"Dur\u00e9e de lecture estim\u00e9e\" \/>\n\t<meta name=\"twitter:data1\" content=\"2 minutes\" \/>\n<script type=\"application\/ld+json\" class=\"yoast-schema-graph\">{\"@context\":\"https:\/\/schema.org\",\"@graph\":[{\"@type\":\"WebPage\",\"@id\":\"https:\/\/ppr-antibioresistance.inserm.fr\/fr\/ppr-antibioresistance\/integration-des-bases-de-donnees-de-sante\/\",\"url\":\"https:\/\/ppr-antibioresistance.inserm.fr\/fr\/ppr-antibioresistance\/integration-des-bases-de-donnees-de-sante\/\",\"name\":\"Appels \u00e0 projets : Chaire junior et senior - Interface nationale ANTIBIOR\u00c9SISTANCE\",\"isPartOf\":{\"@id\":\"https:\/\/ppr-antibioresistance.inserm.fr\/fr\/#website\"},\"primaryImageOfPage\":{\"@id\":\"https:\/\/ppr-antibioresistance.inserm.fr\/fr\/ppr-antibioresistance\/integration-des-bases-de-donnees-de-sante\/#primaryimage\"},\"image\":{\"@id\":\"https:\/\/ppr-antibioresistance.inserm.fr\/fr\/ppr-antibioresistance\/integration-des-bases-de-donnees-de-sante\/#primaryimage\"},\"thumbnailUrl\":\"https:\/\/ppr-antibioresistance.inserm.fr\/wp-content\/uploads\/2020\/04\/icon-bddsante.svg\",\"datePublished\":\"2020-05-04T17:47:14+00:00\",\"dateModified\":\"2023-11-15T15:08:07+00:00\",\"breadcrumb\":{\"@id\":\"https:\/\/ppr-antibioresistance.inserm.fr\/fr\/ppr-antibioresistance\/integration-des-bases-de-donnees-de-sante\/#breadcrumb\"},\"inLanguage\":\"fr-FR\",\"potentialAction\":[{\"@type\":\"ReadAction\",\"target\":[\"https:\/\/ppr-antibioresistance.inserm.fr\/fr\/ppr-antibioresistance\/integration-des-bases-de-donnees-de-sante\/\"]}]},{\"@type\":\"ImageObject\",\"inLanguage\":\"fr-FR\",\"@id\":\"https:\/\/ppr-antibioresistance.inserm.fr\/fr\/ppr-antibioresistance\/integration-des-bases-de-donnees-de-sante\/#primaryimage\",\"url\":\"https:\/\/ppr-antibioresistance.inserm.fr\/wp-content\/uploads\/2020\/04\/icon-bddsante.svg\",\"contentUrl\":\"https:\/\/ppr-antibioresistance.inserm.fr\/wp-content\/uploads\/2020\/04\/icon-bddsante.svg\"},{\"@type\":\"BreadcrumbList\",\"@id\":\"https:\/\/ppr-antibioresistance.inserm.fr\/fr\/ppr-antibioresistance\/integration-des-bases-de-donnees-de-sante\/#breadcrumb\",\"itemListElement\":[{\"@type\":\"ListItem\",\"position\":1,\"name\":\"Accueil\",\"item\":\"https:\/\/ppr-antibioresistance.inserm.fr\/fr\/\"},{\"@type\":\"ListItem\",\"position\":2,\"name\":\"PPR Antibior\u00e9sistance\",\"item\":\"https:\/\/ppr-antibioresistance.inserm.fr\/fr\/ppr-antibioresistance\/\"},{\"@type\":\"ListItem\",\"position\":3,\"name\":\"Appels \u00e0 projets : Chaire junior et senior\"}]},{\"@type\":\"WebSite\",\"@id\":\"https:\/\/ppr-antibioresistance.inserm.fr\/fr\/#website\",\"url\":\"https:\/\/ppr-antibioresistance.inserm.fr\/fr\/\",\"name\":\"Interface nationale ANTIBIOR\u00c9SISTANCE\",\"description\":\"PPR Antibior\u00e9sistance - Inserm\",\"publisher\":{\"@id\":\"https:\/\/ppr-antibioresistance.inserm.fr\/fr\/#organization\"},\"potentialAction\":[{\"@type\":\"SearchAction\",\"target\":{\"@type\":\"EntryPoint\",\"urlTemplate\":\"https:\/\/ppr-antibioresistance.inserm.fr\/fr\/?s={search_term_string}\"},\"query-input\":\"required name=search_term_string\"}],\"inLanguage\":\"fr-FR\"},{\"@type\":\"Organization\",\"@id\":\"https:\/\/ppr-antibioresistance.inserm.fr\/fr\/#organization\",\"name\":\"Inserm\",\"url\":\"https:\/\/ppr-antibioresistance.inserm.fr\/fr\/\",\"logo\":{\"@type\":\"ImageObject\",\"inLanguage\":\"fr-FR\",\"@id\":\"https:\/\/ppr-antibioresistance.inserm.fr\/fr\/#\/schema\/logo\/image\/\",\"url\":\"https:\/\/ppr-antibioresistance.inserm.fr\/wp-content\/uploads\/2020\/05\/logo-inserm-ppra.svg\",\"contentUrl\":\"https:\/\/ppr-antibioresistance.inserm.fr\/wp-content\/uploads\/2020\/05\/logo-inserm-ppra.svg\",\"width\":1,\"height\":1,\"caption\":\"Inserm\"},\"image\":{\"@id\":\"https:\/\/ppr-antibioresistance.inserm.fr\/fr\/#\/schema\/logo\/image\/\"}}]}<\/script>\n<!-- \/ Yoast SEO plugin. -->","yoast_head_json":{"title":"Appels \u00e0 projets : Chaire junior et senior - Interface nationale ANTIBIOR\u00c9SISTANCE","robots":{"index":"index","follow":"follow","max-snippet":"max-snippet:-1","max-image-preview":"max-image-preview:large","max-video-preview":"max-video-preview:-1"},"canonical":"https:\/\/ppr-antibioresistance.inserm.fr\/fr\/ppr-antibioresistance\/integration-des-bases-de-donnees-de-sante\/","og_locale":"fr_FR","og_type":"article","og_title":"Appels \u00e0 projets : Chaire junior et senior - Interface nationale ANTIBIOR\u00c9SISTANCE","og_description":"En r\u00e9ponse \u00e0 cet Appel \u00e0 projets (AAP), 35 candidats ont d\u00e9pos\u00e9 leurs dossiers lors de la premi\u00e8re phase de s\u00e9lection organis\u00e9e par l\u2019Inserm. Parmi eux, 21 candidats ont \u00e9t\u00e9 retenus pour la seconde phase de l\u2019AAP organis\u00e9e par l\u2019ANR. Le Secr\u00e9tariat G\u00e9n\u00e9ral Pour l\u2019Investissement (SGPI) a finalement retenu neuf laur\u00e9ats dont les projets couvrent [&hellip;]","og_url":"https:\/\/ppr-antibioresistance.inserm.fr\/fr\/ppr-antibioresistance\/integration-des-bases-de-donnees-de-sante\/","og_site_name":"Interface nationale ANTIBIOR\u00c9SISTANCE","article_modified_time":"2023-11-15T15:08:07+00:00","twitter_card":"summary_large_image","twitter_misc":{"Dur\u00e9e de lecture estim\u00e9e":"2 minutes"},"schema":{"@context":"https:\/\/schema.org","@graph":[{"@type":"WebPage","@id":"https:\/\/ppr-antibioresistance.inserm.fr\/fr\/ppr-antibioresistance\/integration-des-bases-de-donnees-de-sante\/","url":"https:\/\/ppr-antibioresistance.inserm.fr\/fr\/ppr-antibioresistance\/integration-des-bases-de-donnees-de-sante\/","name":"Appels \u00e0 projets : Chaire junior et senior - Interface nationale ANTIBIOR\u00c9SISTANCE","isPartOf":{"@id":"https:\/\/ppr-antibioresistance.inserm.fr\/fr\/#website"},"primaryImageOfPage":{"@id":"https:\/\/ppr-antibioresistance.inserm.fr\/fr\/ppr-antibioresistance\/integration-des-bases-de-donnees-de-sante\/#primaryimage"},"image":{"@id":"https:\/\/ppr-antibioresistance.inserm.fr\/fr\/ppr-antibioresistance\/integration-des-bases-de-donnees-de-sante\/#primaryimage"},"thumbnailUrl":"https:\/\/ppr-antibioresistance.inserm.fr\/wp-content\/uploads\/2020\/04\/icon-bddsante.svg","datePublished":"2020-05-04T17:47:14+00:00","dateModified":"2023-11-15T15:08:07+00:00","breadcrumb":{"@id":"https:\/\/ppr-antibioresistance.inserm.fr\/fr\/ppr-antibioresistance\/integration-des-bases-de-donnees-de-sante\/#breadcrumb"},"inLanguage":"fr-FR","potentialAction":[{"@type":"ReadAction","target":["https:\/\/ppr-antibioresistance.inserm.fr\/fr\/ppr-antibioresistance\/integration-des-bases-de-donnees-de-sante\/"]}]},{"@type":"ImageObject","inLanguage":"fr-FR","@id":"https:\/\/ppr-antibioresistance.inserm.fr\/fr\/ppr-antibioresistance\/integration-des-bases-de-donnees-de-sante\/#primaryimage","url":"https:\/\/ppr-antibioresistance.inserm.fr\/wp-content\/uploads\/2020\/04\/icon-bddsante.svg","contentUrl":"https:\/\/ppr-antibioresistance.inserm.fr\/wp-content\/uploads\/2020\/04\/icon-bddsante.svg"},{"@type":"BreadcrumbList","@id":"https:\/\/ppr-antibioresistance.inserm.fr\/fr\/ppr-antibioresistance\/integration-des-bases-de-donnees-de-sante\/#breadcrumb","itemListElement":[{"@type":"ListItem","position":1,"name":"Accueil","item":"https:\/\/ppr-antibioresistance.inserm.fr\/fr\/"},{"@type":"ListItem","position":2,"name":"PPR Antibior\u00e9sistance","item":"https:\/\/ppr-antibioresistance.inserm.fr\/fr\/ppr-antibioresistance\/"},{"@type":"ListItem","position":3,"name":"Appels \u00e0 projets : Chaire junior et senior"}]},{"@type":"WebSite","@id":"https:\/\/ppr-antibioresistance.inserm.fr\/fr\/#website","url":"https:\/\/ppr-antibioresistance.inserm.fr\/fr\/","name":"Interface nationale ANTIBIOR\u00c9SISTANCE","description":"PPR Antibior\u00e9sistance - Inserm","publisher":{"@id":"https:\/\/ppr-antibioresistance.inserm.fr\/fr\/#organization"},"potentialAction":[{"@type":"SearchAction","target":{"@type":"EntryPoint","urlTemplate":"https:\/\/ppr-antibioresistance.inserm.fr\/fr\/?s={search_term_string}"},"query-input":"required name=search_term_string"}],"inLanguage":"fr-FR"},{"@type":"Organization","@id":"https:\/\/ppr-antibioresistance.inserm.fr\/fr\/#organization","name":"Inserm","url":"https:\/\/ppr-antibioresistance.inserm.fr\/fr\/","logo":{"@type":"ImageObject","inLanguage":"fr-FR","@id":"https:\/\/ppr-antibioresistance.inserm.fr\/fr\/#\/schema\/logo\/image\/","url":"https:\/\/ppr-antibioresistance.inserm.fr\/wp-content\/uploads\/2020\/05\/logo-inserm-ppra.svg","contentUrl":"https:\/\/ppr-antibioresistance.inserm.fr\/wp-content\/uploads\/2020\/05\/logo-inserm-ppra.svg","width":1,"height":1,"caption":"Inserm"},"image":{"@id":"https:\/\/ppr-antibioresistance.inserm.fr\/fr\/#\/schema\/logo\/image\/"}}]}},"post_mailing_queue_ids":[],"_links":{"self":[{"href":"https:\/\/ppr-antibioresistance.inserm.fr\/fr\/wp-json\/wp\/v2\/pages\/241"}],"collection":[{"href":"https:\/\/ppr-antibioresistance.inserm.fr\/fr\/wp-json\/wp\/v2\/pages"}],"about":[{"href":"https:\/\/ppr-antibioresistance.inserm.fr\/fr\/wp-json\/wp\/v2\/types\/page"}],"author":[{"embeddable":true,"href":"https:\/\/ppr-antibioresistance.inserm.fr\/fr\/wp-json\/wp\/v2\/users\/1"}],"replies":[{"embeddable":true,"href":"https:\/\/ppr-antibioresistance.inserm.fr\/fr\/wp-json\/wp\/v2\/comments?post=241"}],"version-history":[{"count":61,"href":"https:\/\/ppr-antibioresistance.inserm.fr\/fr\/wp-json\/wp\/v2\/pages\/241\/revisions"}],"predecessor-version":[{"id":29357,"href":"https:\/\/ppr-antibioresistance.inserm.fr\/fr\/wp-json\/wp\/v2\/pages\/241\/revisions\/29357"}],"up":[{"embeddable":true,"href":"https:\/\/ppr-antibioresistance.inserm.fr\/fr\/wp-json\/wp\/v2\/pages\/233"}],"wp:featuredmedia":[{"embeddable":true,"href":"https:\/\/ppr-antibioresistance.inserm.fr\/fr\/wp-json\/wp\/v2\/media\/44"}],"wp:attachment":[{"href":"https:\/\/ppr-antibioresistance.inserm.fr\/fr\/wp-json\/wp\/v2\/media?parent=241"}],"curies":[{"name":"wp","href":"https:\/\/api.w.org\/{rel}","templated":true}]}}