{"id":239,"date":"2020-05-04T18:46:07","date_gmt":"2020-05-04T17:46:07","guid":{"rendered":"https:\/\/ppra.inserm.dev-mlcom.net\/?page_id=239"},"modified":"2023-07-24T10:37:44","modified_gmt":"2023-07-24T09:37:44","slug":"plateforme-de-donnees-microbiologiques-et-multi-omiques","status":"publish","type":"page","link":"https:\/\/ppr-antibioresistance.inserm.fr\/fr\/ppr-antibioresistance\/plateforme-de-donnees-microbiologiques-et-multi-omiques\/","title":{"rendered":"Plateforme de donn\u00e9es microbiologiques et multi-omiques"},"content":{"rendered":"\n<p>Une op\u00e9ration structurante et transverse (entre les axes 1, 2 et 3) est de soutenir en priorit\u00e9 le d\u00e9veloppement d\u2019une plateforme de bases de donn\u00e9es microbiologiques multi-omiques int\u00e9gr\u00e9es et interop\u00e9rables ainsi que le d\u00e9veloppement d\u2019outils num\u00e9riques. Il existe un besoin urgent de 1) d\u00e9velopper et impl\u00e9menter des bases de donn\u00e9es microbiologiques multi-omiques int\u00e9gr\u00e9es, sp\u00e9cifiques de la r\u00e9sistance aux antibiotiques pour les trois \u00e9cosyst\u00e8mes Humain-Animal-Environnement en s\u2019assurant de l\u2019interop\u00e9rabilit\u00e9 de ces bases entre elles et avec les bases de donn\u00e9es \u00e9pid\u00e9miologiques, et de 2) d\u00e9velopper, en parall\u00e8le, des outils math\u00e9matiques et (bio)informatiques pour mod\u00e9liser l\u2019\u00e9volution de la r\u00e9sistance aux antibiotiques, les ph\u00e9nom\u00e8nes de transmission et de diss\u00e9mination des clones et des g\u00e8nes intra- et inter-sectoriels, ainsi que l\u2019impact d\u2019interventions.<\/p>\n\n\n\n<div style=\"height:25px\" aria-hidden=\"true\" class=\"wp-block-spacer\"><\/div>\n\n\n\n<p>Dans un premier temps, il est n\u00e9cessaire de : <\/p>\n\n\n\n<ol><li>faire un inventaire de l\u2019existant et en particulier des \u00e9quipes et de l\u2019expertise, mais aussi des bases de donn\u00e9es et outils ; <\/li><li>s\u2019assurer de l\u2019accessibilit\u00e9 des diff\u00e9rentes communaut\u00e9s aux bases de donn\u00e9es et des outils (par exemple, via un portail unique).<\/li><\/ol>\n","protected":false},"excerpt":{"rendered":"<p>Une op\u00e9ration structurante et transverse (entre les axes 1, 2 et 3) est de soutenir en priorit\u00e9 le d\u00e9veloppement d\u2019une plateforme de bases de donn\u00e9es microbiologiques multi-omiques int\u00e9gr\u00e9es et interop\u00e9rables ainsi que le d\u00e9veloppement d\u2019outils num\u00e9riques. Il existe un besoin urgent de 1) d\u00e9velopper et impl\u00e9menter des bases de donn\u00e9es microbiologiques multi-omiques int\u00e9gr\u00e9es, sp\u00e9cifiques de [&hellip;]<\/p>\n","protected":false},"author":1,"featured_media":47,"parent":233,"menu_order":3,"comment_status":"closed","ping_status":"closed","template":"","meta":{"footnotes":"","_links_to":"","_links_to_target":""},"acf":[],"yoast_head":"<!-- This site is optimized with the Yoast SEO plugin v22.8 - https:\/\/yoast.com\/wordpress\/plugins\/seo\/ -->\n<title>Plateforme de donn\u00e9es microbiologiques et multi-omiques - Interface nationale ANTIBIOR\u00c9SISTANCE<\/title>\n<meta name=\"robots\" content=\"index, follow, max-snippet:-1, max-image-preview:large, max-video-preview:-1\" \/>\n<link rel=\"canonical\" href=\"https:\/\/ppr-antibioresistance.inserm.fr\/fr\/ppr-antibioresistance\/plateforme-de-donnees-microbiologiques-et-multi-omiques\/\" \/>\n<meta property=\"og:locale\" content=\"fr_FR\" \/>\n<meta property=\"og:type\" content=\"article\" \/>\n<meta property=\"og:title\" content=\"Plateforme de donn\u00e9es microbiologiques et multi-omiques - Interface nationale ANTIBIOR\u00c9SISTANCE\" \/>\n<meta property=\"og:description\" content=\"Une op\u00e9ration structurante et transverse (entre les axes 1, 2 et 3) est de soutenir en priorit\u00e9 le d\u00e9veloppement d\u2019une plateforme de bases de donn\u00e9es microbiologiques multi-omiques int\u00e9gr\u00e9es et interop\u00e9rables ainsi que le d\u00e9veloppement d\u2019outils num\u00e9riques. Il existe un besoin urgent de 1) d\u00e9velopper et impl\u00e9menter des bases de donn\u00e9es microbiologiques multi-omiques int\u00e9gr\u00e9es, sp\u00e9cifiques de [&hellip;]\" \/>\n<meta property=\"og:url\" content=\"https:\/\/ppr-antibioresistance.inserm.fr\/fr\/ppr-antibioresistance\/plateforme-de-donnees-microbiologiques-et-multi-omiques\/\" \/>\n<meta property=\"og:site_name\" content=\"Interface nationale ANTIBIOR\u00c9SISTANCE\" \/>\n<meta property=\"article:modified_time\" content=\"2023-07-24T09:37:44+00:00\" \/>\n<meta name=\"twitter:card\" content=\"summary_large_image\" \/>\n<meta name=\"twitter:label1\" content=\"Dur\u00e9e de lecture estim\u00e9e\" \/>\n\t<meta name=\"twitter:data1\" content=\"1 minute\" \/>\n<script type=\"application\/ld+json\" class=\"yoast-schema-graph\">{\"@context\":\"https:\/\/schema.org\",\"@graph\":[{\"@type\":\"WebPage\",\"@id\":\"https:\/\/ppr-antibioresistance.inserm.fr\/fr\/ppr-antibioresistance\/plateforme-de-donnees-microbiologiques-et-multi-omiques\/\",\"url\":\"https:\/\/ppr-antibioresistance.inserm.fr\/fr\/ppr-antibioresistance\/plateforme-de-donnees-microbiologiques-et-multi-omiques\/\",\"name\":\"Plateforme de donn\u00e9es microbiologiques et multi-omiques - Interface nationale ANTIBIOR\u00c9SISTANCE\",\"isPartOf\":{\"@id\":\"https:\/\/ppr-antibioresistance.inserm.fr\/fr\/#website\"},\"primaryImageOfPage\":{\"@id\":\"https:\/\/ppr-antibioresistance.inserm.fr\/fr\/ppr-antibioresistance\/plateforme-de-donnees-microbiologiques-et-multi-omiques\/#primaryimage\"},\"image\":{\"@id\":\"https:\/\/ppr-antibioresistance.inserm.fr\/fr\/ppr-antibioresistance\/plateforme-de-donnees-microbiologiques-et-multi-omiques\/#primaryimage\"},\"thumbnailUrl\":\"https:\/\/ppr-antibioresistance.inserm.fr\/wp-content\/uploads\/2020\/04\/icon-microbio.svg\",\"datePublished\":\"2020-05-04T17:46:07+00:00\",\"dateModified\":\"2023-07-24T09:37:44+00:00\",\"breadcrumb\":{\"@id\":\"https:\/\/ppr-antibioresistance.inserm.fr\/fr\/ppr-antibioresistance\/plateforme-de-donnees-microbiologiques-et-multi-omiques\/#breadcrumb\"},\"inLanguage\":\"fr-FR\",\"potentialAction\":[{\"@type\":\"ReadAction\",\"target\":[\"https:\/\/ppr-antibioresistance.inserm.fr\/fr\/ppr-antibioresistance\/plateforme-de-donnees-microbiologiques-et-multi-omiques\/\"]}]},{\"@type\":\"ImageObject\",\"inLanguage\":\"fr-FR\",\"@id\":\"https:\/\/ppr-antibioresistance.inserm.fr\/fr\/ppr-antibioresistance\/plateforme-de-donnees-microbiologiques-et-multi-omiques\/#primaryimage\",\"url\":\"https:\/\/ppr-antibioresistance.inserm.fr\/wp-content\/uploads\/2020\/04\/icon-microbio.svg\",\"contentUrl\":\"https:\/\/ppr-antibioresistance.inserm.fr\/wp-content\/uploads\/2020\/04\/icon-microbio.svg\"},{\"@type\":\"BreadcrumbList\",\"@id\":\"https:\/\/ppr-antibioresistance.inserm.fr\/fr\/ppr-antibioresistance\/plateforme-de-donnees-microbiologiques-et-multi-omiques\/#breadcrumb\",\"itemListElement\":[{\"@type\":\"ListItem\",\"position\":1,\"name\":\"Accueil\",\"item\":\"https:\/\/ppr-antibioresistance.inserm.fr\/fr\/\"},{\"@type\":\"ListItem\",\"position\":2,\"name\":\"PPR Antibior\u00e9sistance\",\"item\":\"https:\/\/ppr-antibioresistance.inserm.fr\/fr\/ppr-antibioresistance\/\"},{\"@type\":\"ListItem\",\"position\":3,\"name\":\"Plateforme de donn\u00e9es microbiologiques et multi-omiques\"}]},{\"@type\":\"WebSite\",\"@id\":\"https:\/\/ppr-antibioresistance.inserm.fr\/fr\/#website\",\"url\":\"https:\/\/ppr-antibioresistance.inserm.fr\/fr\/\",\"name\":\"Interface nationale ANTIBIOR\u00c9SISTANCE\",\"description\":\"PPR Antibior\u00e9sistance - Inserm\",\"publisher\":{\"@id\":\"https:\/\/ppr-antibioresistance.inserm.fr\/fr\/#organization\"},\"potentialAction\":[{\"@type\":\"SearchAction\",\"target\":{\"@type\":\"EntryPoint\",\"urlTemplate\":\"https:\/\/ppr-antibioresistance.inserm.fr\/fr\/?s={search_term_string}\"},\"query-input\":\"required name=search_term_string\"}],\"inLanguage\":\"fr-FR\"},{\"@type\":\"Organization\",\"@id\":\"https:\/\/ppr-antibioresistance.inserm.fr\/fr\/#organization\",\"name\":\"Inserm\",\"url\":\"https:\/\/ppr-antibioresistance.inserm.fr\/fr\/\",\"logo\":{\"@type\":\"ImageObject\",\"inLanguage\":\"fr-FR\",\"@id\":\"https:\/\/ppr-antibioresistance.inserm.fr\/fr\/#\/schema\/logo\/image\/\",\"url\":\"https:\/\/ppr-antibioresistance.inserm.fr\/wp-content\/uploads\/2020\/05\/logo-inserm-ppra.svg\",\"contentUrl\":\"https:\/\/ppr-antibioresistance.inserm.fr\/wp-content\/uploads\/2020\/05\/logo-inserm-ppra.svg\",\"width\":1,\"height\":1,\"caption\":\"Inserm\"},\"image\":{\"@id\":\"https:\/\/ppr-antibioresistance.inserm.fr\/fr\/#\/schema\/logo\/image\/\"}}]}<\/script>\n<!-- \/ Yoast SEO plugin. -->","yoast_head_json":{"title":"Plateforme de donn\u00e9es microbiologiques et multi-omiques - Interface nationale ANTIBIOR\u00c9SISTANCE","robots":{"index":"index","follow":"follow","max-snippet":"max-snippet:-1","max-image-preview":"max-image-preview:large","max-video-preview":"max-video-preview:-1"},"canonical":"https:\/\/ppr-antibioresistance.inserm.fr\/fr\/ppr-antibioresistance\/plateforme-de-donnees-microbiologiques-et-multi-omiques\/","og_locale":"fr_FR","og_type":"article","og_title":"Plateforme de donn\u00e9es microbiologiques et multi-omiques - Interface nationale ANTIBIOR\u00c9SISTANCE","og_description":"Une op\u00e9ration structurante et transverse (entre les axes 1, 2 et 3) est de soutenir en priorit\u00e9 le d\u00e9veloppement d\u2019une plateforme de bases de donn\u00e9es microbiologiques multi-omiques int\u00e9gr\u00e9es et interop\u00e9rables ainsi que le d\u00e9veloppement d\u2019outils num\u00e9riques. Il existe un besoin urgent de 1) d\u00e9velopper et impl\u00e9menter des bases de donn\u00e9es microbiologiques multi-omiques int\u00e9gr\u00e9es, sp\u00e9cifiques de [&hellip;]","og_url":"https:\/\/ppr-antibioresistance.inserm.fr\/fr\/ppr-antibioresistance\/plateforme-de-donnees-microbiologiques-et-multi-omiques\/","og_site_name":"Interface nationale ANTIBIOR\u00c9SISTANCE","article_modified_time":"2023-07-24T09:37:44+00:00","twitter_card":"summary_large_image","twitter_misc":{"Dur\u00e9e de lecture estim\u00e9e":"1 minute"},"schema":{"@context":"https:\/\/schema.org","@graph":[{"@type":"WebPage","@id":"https:\/\/ppr-antibioresistance.inserm.fr\/fr\/ppr-antibioresistance\/plateforme-de-donnees-microbiologiques-et-multi-omiques\/","url":"https:\/\/ppr-antibioresistance.inserm.fr\/fr\/ppr-antibioresistance\/plateforme-de-donnees-microbiologiques-et-multi-omiques\/","name":"Plateforme de donn\u00e9es microbiologiques et multi-omiques - Interface nationale ANTIBIOR\u00c9SISTANCE","isPartOf":{"@id":"https:\/\/ppr-antibioresistance.inserm.fr\/fr\/#website"},"primaryImageOfPage":{"@id":"https:\/\/ppr-antibioresistance.inserm.fr\/fr\/ppr-antibioresistance\/plateforme-de-donnees-microbiologiques-et-multi-omiques\/#primaryimage"},"image":{"@id":"https:\/\/ppr-antibioresistance.inserm.fr\/fr\/ppr-antibioresistance\/plateforme-de-donnees-microbiologiques-et-multi-omiques\/#primaryimage"},"thumbnailUrl":"https:\/\/ppr-antibioresistance.inserm.fr\/wp-content\/uploads\/2020\/04\/icon-microbio.svg","datePublished":"2020-05-04T17:46:07+00:00","dateModified":"2023-07-24T09:37:44+00:00","breadcrumb":{"@id":"https:\/\/ppr-antibioresistance.inserm.fr\/fr\/ppr-antibioresistance\/plateforme-de-donnees-microbiologiques-et-multi-omiques\/#breadcrumb"},"inLanguage":"fr-FR","potentialAction":[{"@type":"ReadAction","target":["https:\/\/ppr-antibioresistance.inserm.fr\/fr\/ppr-antibioresistance\/plateforme-de-donnees-microbiologiques-et-multi-omiques\/"]}]},{"@type":"ImageObject","inLanguage":"fr-FR","@id":"https:\/\/ppr-antibioresistance.inserm.fr\/fr\/ppr-antibioresistance\/plateforme-de-donnees-microbiologiques-et-multi-omiques\/#primaryimage","url":"https:\/\/ppr-antibioresistance.inserm.fr\/wp-content\/uploads\/2020\/04\/icon-microbio.svg","contentUrl":"https:\/\/ppr-antibioresistance.inserm.fr\/wp-content\/uploads\/2020\/04\/icon-microbio.svg"},{"@type":"BreadcrumbList","@id":"https:\/\/ppr-antibioresistance.inserm.fr\/fr\/ppr-antibioresistance\/plateforme-de-donnees-microbiologiques-et-multi-omiques\/#breadcrumb","itemListElement":[{"@type":"ListItem","position":1,"name":"Accueil","item":"https:\/\/ppr-antibioresistance.inserm.fr\/fr\/"},{"@type":"ListItem","position":2,"name":"PPR Antibior\u00e9sistance","item":"https:\/\/ppr-antibioresistance.inserm.fr\/fr\/ppr-antibioresistance\/"},{"@type":"ListItem","position":3,"name":"Plateforme de donn\u00e9es microbiologiques et multi-omiques"}]},{"@type":"WebSite","@id":"https:\/\/ppr-antibioresistance.inserm.fr\/fr\/#website","url":"https:\/\/ppr-antibioresistance.inserm.fr\/fr\/","name":"Interface nationale ANTIBIOR\u00c9SISTANCE","description":"PPR Antibior\u00e9sistance - Inserm","publisher":{"@id":"https:\/\/ppr-antibioresistance.inserm.fr\/fr\/#organization"},"potentialAction":[{"@type":"SearchAction","target":{"@type":"EntryPoint","urlTemplate":"https:\/\/ppr-antibioresistance.inserm.fr\/fr\/?s={search_term_string}"},"query-input":"required name=search_term_string"}],"inLanguage":"fr-FR"},{"@type":"Organization","@id":"https:\/\/ppr-antibioresistance.inserm.fr\/fr\/#organization","name":"Inserm","url":"https:\/\/ppr-antibioresistance.inserm.fr\/fr\/","logo":{"@type":"ImageObject","inLanguage":"fr-FR","@id":"https:\/\/ppr-antibioresistance.inserm.fr\/fr\/#\/schema\/logo\/image\/","url":"https:\/\/ppr-antibioresistance.inserm.fr\/wp-content\/uploads\/2020\/05\/logo-inserm-ppra.svg","contentUrl":"https:\/\/ppr-antibioresistance.inserm.fr\/wp-content\/uploads\/2020\/05\/logo-inserm-ppra.svg","width":1,"height":1,"caption":"Inserm"},"image":{"@id":"https:\/\/ppr-antibioresistance.inserm.fr\/fr\/#\/schema\/logo\/image\/"}}]}},"post_mailing_queue_ids":[],"_links":{"self":[{"href":"https:\/\/ppr-antibioresistance.inserm.fr\/fr\/wp-json\/wp\/v2\/pages\/239"}],"collection":[{"href":"https:\/\/ppr-antibioresistance.inserm.fr\/fr\/wp-json\/wp\/v2\/pages"}],"about":[{"href":"https:\/\/ppr-antibioresistance.inserm.fr\/fr\/wp-json\/wp\/v2\/types\/page"}],"author":[{"embeddable":true,"href":"https:\/\/ppr-antibioresistance.inserm.fr\/fr\/wp-json\/wp\/v2\/users\/1"}],"replies":[{"embeddable":true,"href":"https:\/\/ppr-antibioresistance.inserm.fr\/fr\/wp-json\/wp\/v2\/comments?post=239"}],"version-history":[{"count":8,"href":"https:\/\/ppr-antibioresistance.inserm.fr\/fr\/wp-json\/wp\/v2\/pages\/239\/revisions"}],"predecessor-version":[{"id":28847,"href":"https:\/\/ppr-antibioresistance.inserm.fr\/fr\/wp-json\/wp\/v2\/pages\/239\/revisions\/28847"}],"up":[{"embeddable":true,"href":"https:\/\/ppr-antibioresistance.inserm.fr\/fr\/wp-json\/wp\/v2\/pages\/233"}],"wp:featuredmedia":[{"embeddable":true,"href":"https:\/\/ppr-antibioresistance.inserm.fr\/fr\/wp-json\/wp\/v2\/media\/47"}],"wp:attachment":[{"href":"https:\/\/ppr-antibioresistance.inserm.fr\/fr\/wp-json\/wp\/v2\/media?parent=239"}],"curies":[{"name":"wp","href":"https:\/\/api.w.org\/{rel}","templated":true}]}}