{"id":237,"date":"2020-05-04T18:45:44","date_gmt":"2020-05-04T17:45:44","guid":{"rendered":"https:\/\/ppra.inserm.dev-mlcom.net\/?page_id=237"},"modified":"2021-04-27T22:48:02","modified_gmt":"2021-04-27T21:48:02","slug":"coordination-et-gouvernance","status":"publish","type":"page","link":"https:\/\/ppr-antibioresistance.inserm.fr\/fr\/ppr-antibioresistance\/coordination-et-gouvernance\/","title":{"rendered":"Coordination et gouvernance"},"content":{"rendered":"\n<figure class=\"wp-block-image size-large\"><img fetchpriority=\"high\" decoding=\"async\" width=\"1024\" height=\"569\" src=\"https:\/\/ppr-antibioresistance.inserm.fr\/wp-content\/uploads\/2020\/05\/scema-gouvernance_fr-1024x569.png\" alt=\"\" class=\"wp-image-1233\" srcset=\"https:\/\/ppr-antibioresistance.inserm.fr\/wp-content\/uploads\/2020\/05\/scema-gouvernance_fr-1024x569.png 1024w, https:\/\/ppr-antibioresistance.inserm.fr\/wp-content\/uploads\/2020\/05\/scema-gouvernance_fr-300x167.png 300w, https:\/\/ppr-antibioresistance.inserm.fr\/wp-content\/uploads\/2020\/05\/scema-gouvernance_fr-768x427.png 768w, https:\/\/ppr-antibioresistance.inserm.fr\/wp-content\/uploads\/2020\/05\/scema-gouvernance_fr.png 1318w\" sizes=\"(max-width: 1024px) 100vw, 1024px\" \/><\/figure>\n\n\n\n<p>La gouvernance du PPR Antibior\u00e9sistance s\u2019articulera autour de trois grandes instances dont les missions et r\u00f4les sont d\u00e9finis ci-dessous :<\/p>\n\n\n\n<ul><li>Le <strong>Comit\u00e9 de tutelles<\/strong>, pr\u00e9sid\u00e9 par le pr\u00e9sident-directeur g\u00e9n\u00e9ral de l\u2019Inserm, r\u00e9unira les grands acteurs et partenaires institutionnels concern\u00e9s du domaine, incluant le CNRS, l\u2019Institut Pasteur, l\u2019IRD, l\u2019Inra, le CEA, l\u2019Anses, l\u2019Universit\u00e9 de Paris, l\u2019Universit\u00e9 Lyon 1, le MNHN, les alliances, et se r\u00e9unira au moins une fois par an, et plus fr\u00e9quemment dans la phase de mise en place. Ce comit\u00e9 rendra compte de l\u2019avanc\u00e9e du PPR au Comit\u00e9 de pilotage (COPIL) PPR\/PIA compos\u00e9 de repr\u00e9sentants des minist\u00e8res de l\u2019Enseignement sup\u00e9rieur, de la Recherche et de l\u2019Innovation (MESRI), des Solidarit\u00e9s et de la Sant\u00e9, de l\u2019Agriculture et de l\u2019Alimentation, de la Transition \u00e9cologique et solidaire, de l\u2019Europe et des Affaires \u00e9trang\u00e8res et autres minist\u00e8res concern\u00e9s, du Secr\u00e9tariat g\u00e9n\u00e9ral pour l\u2019investissement (SGPI), et de l\u2019Agence nationale de la recherche (ANR). Ce comit\u00e9 assurera aussi le lien avec le comit\u00e9 permanent restreint interminist\u00e9riel Antibior\u00e9sistance, coordonn\u00e9 par le minist\u00e8re des Solidarit\u00e9s et de la Sant\u00e9. Comme pour les autres PPR, le r\u00f4le de ce COPIL est de donner les grandes lignes de strat\u00e9gies et de d\u00e9cider des allocations de moyens allou\u00e9s en regard des propositions \u00e9mises par le Comit\u00e9 scientifique et valid\u00e9es par le Comit\u00e9 de tutelles. La composition du Comit\u00e9 de tutelles pourra \u00e9voluer en fonction des besoins du programme.<\/li><\/ul>\n\n\n\n<p><\/p>\n\n\n\n<ul><li>Le <strong>Comit\u00e9 scientifique <\/strong>(CS), sera mis en place par l\u2019Inserm d\u00e8s le d\u00e9marrage de la phase op\u00e9rationnelle du PPR. Il sera pr\u00e9sid\u00e9 par un scientifique reconnu du domaine et comprendra, entre autres, des experts scientifiques acad\u00e9miques. Ce comit\u00e9 assurera une coordination effective avec les minist\u00e8res concern\u00e9s, les institut et universit\u00e9s fran\u00e7aises et les initiatives internationales d\u00e9di\u00e9es \u00e0 la recherche contre l\u2019antibior\u00e9sistance. Au moins un tiers des membres du CS seront des experts travaillant dans d\u2019autres pays. Le CS, garant de l\u2019ambition et de l\u2019effet levier du PPR, aura pour missions principales :<ul><li>d\u2019identifier et de d\u00e9finir des priorit\u00e9s de recherche scientifiques dans une approche \u00ab Une seule sant\u00e9 \u00bb et d\u2019\u00e9laborer la programmation scientifique ;<\/li><li>de proposer des instruments de financements (appels \u00e0 projets &#8211; AAP, Appels \u00e0 manifestation d\u2019int\u00e9r\u00eats &#8211; AMI, \u00e9quipements et financements \u00ab d\u2019urgence \u00bb\u2026) ;<\/li><li>d\u2019organiser l\u2019animation scientifique, en collaboration avec l\u2019Agence nationale de la recherche (ANR), incluant r\u00e9flexions prospectives et assurer la communication ;<\/li><li>d\u2019accompagner sur le plan scientifique et prospective les consortiums.<\/li><\/ul>En fonction des actions \u00e0 mettre en place le CS consultera les deux instances suivantes :<ul><li>un forum d\u2019acteurs concern\u00e9s incluant les industriels, les assurances, les associations de patients et environnementales, l\u2019OMS, l\u2019OIE, l\u2019ECDC, EU-JAMRAI, etc. Un travail de r\u00e9flexion sera initi\u00e9 avec les acteurs de ce forum pour faire \u00e9merger un forum de co-financeurs de mani\u00e8re \u00e0 saisir : 1) les opportunit\u00e9s de collaborations entre chercheurs\/acteurs du secteur priv\u00e9 et acad\u00e9mique, 2) d\u2019investissements du secteur priv\u00e9 pour inciter un soutien \u00e0 la valorisation et la mise sur le march\u00e9 des produits innovants d\u00e9velopp\u00e9s par le PPR, et 3) renforcer la pr\u00e9sence des \u00e9quipes acad\u00e9miques fran\u00e7aises dans les appels \u00e0 projets de programme europ\u00e9ens IMI ;<\/li><li>des instances proposant des programmes financ\u00e9s sur l\u2019antibior\u00e9sistance (ANR, ANRS, PHRC, PREPS, Bpifrance, ARIIS, JPI-AMR, etc.).<\/li><\/ul><\/li><\/ul>\n\n\n\n<p><\/p>\n\n\n\n<ul><li>L\u2019<strong>ANR<\/strong> mettra en \u0153uvre les programmes de recherche identifi\u00e9s par le CS et valid\u00e9s par le COPIL. Pour cette fonction, l\u2019agence est charg\u00e9e, soit de mettre en place le financement des actions qui ne feront pas l\u2019objet d\u2019un appel \u00e0 projets, soit de mettre en place des appels \u00e0 projets pour les actions qui le n\u00e9cessitent : 1) lancement du ou des AMI 2) s\u00e9lection des projets, 3) contractualisation et financement des projets, reporting des projets et de la bonne utilisation des financements.<\/li><\/ul>\n","protected":false},"excerpt":{"rendered":"<p>La gouvernance du PPR Antibior\u00e9sistance s\u2019articulera autour de trois grandes instances dont les missions et r\u00f4les sont d\u00e9finis ci-dessous : Le Comit\u00e9 de tutelles, pr\u00e9sid\u00e9 par le pr\u00e9sident-directeur g\u00e9n\u00e9ral de l\u2019Inserm, r\u00e9unira les grands acteurs et partenaires institutionnels concern\u00e9s du domaine, incluant le CNRS, l\u2019Institut Pasteur, l\u2019IRD, l\u2019Inra, le CEA, l\u2019Anses, l\u2019Universit\u00e9 de Paris, l\u2019Universit\u00e9 [&hellip;]<\/p>\n","protected":false},"author":1,"featured_media":45,"parent":233,"menu_order":2,"comment_status":"closed","ping_status":"closed","template":"","meta":{"footnotes":"","_links_to":"","_links_to_target":""},"acf":[],"yoast_head":"<!-- This site is optimized with the Yoast SEO plugin v22.8 - https:\/\/yoast.com\/wordpress\/plugins\/seo\/ -->\n<title>Coordination et gouvernance - Interface nationale ANTIBIOR\u00c9SISTANCE<\/title>\n<meta name=\"robots\" content=\"index, follow, max-snippet:-1, max-image-preview:large, max-video-preview:-1\" \/>\n<link rel=\"canonical\" href=\"https:\/\/ppr-antibioresistance.inserm.fr\/fr\/ppr-antibioresistance\/coordination-et-gouvernance\/\" \/>\n<meta property=\"og:locale\" content=\"fr_FR\" \/>\n<meta property=\"og:type\" content=\"article\" \/>\n<meta property=\"og:title\" content=\"Coordination et gouvernance - Interface nationale ANTIBIOR\u00c9SISTANCE\" \/>\n<meta property=\"og:description\" content=\"La gouvernance du PPR Antibior\u00e9sistance s\u2019articulera autour de trois grandes instances dont les missions et r\u00f4les sont d\u00e9finis ci-dessous : Le Comit\u00e9 de tutelles, pr\u00e9sid\u00e9 par le pr\u00e9sident-directeur g\u00e9n\u00e9ral de l\u2019Inserm, r\u00e9unira les grands acteurs et partenaires institutionnels concern\u00e9s du domaine, incluant le CNRS, l\u2019Institut Pasteur, l\u2019IRD, l\u2019Inra, le CEA, l\u2019Anses, l\u2019Universit\u00e9 de Paris, l\u2019Universit\u00e9 [&hellip;]\" \/>\n<meta property=\"og:url\" content=\"https:\/\/ppr-antibioresistance.inserm.fr\/fr\/ppr-antibioresistance\/coordination-et-gouvernance\/\" \/>\n<meta property=\"og:site_name\" content=\"Interface nationale ANTIBIOR\u00c9SISTANCE\" \/>\n<meta property=\"article:modified_time\" content=\"2021-04-27T21:48:02+00:00\" \/>\n<meta name=\"twitter:card\" content=\"summary_large_image\" \/>\n<meta name=\"twitter:label1\" content=\"Dur\u00e9e de lecture estim\u00e9e\" \/>\n\t<meta name=\"twitter:data1\" content=\"3 minutes\" \/>\n<script type=\"application\/ld+json\" class=\"yoast-schema-graph\">{\"@context\":\"https:\/\/schema.org\",\"@graph\":[{\"@type\":\"WebPage\",\"@id\":\"https:\/\/ppr-antibioresistance.inserm.fr\/fr\/ppr-antibioresistance\/coordination-et-gouvernance\/\",\"url\":\"https:\/\/ppr-antibioresistance.inserm.fr\/fr\/ppr-antibioresistance\/coordination-et-gouvernance\/\",\"name\":\"Coordination et gouvernance - Interface nationale ANTIBIOR\u00c9SISTANCE\",\"isPartOf\":{\"@id\":\"https:\/\/ppr-antibioresistance.inserm.fr\/fr\/#website\"},\"primaryImageOfPage\":{\"@id\":\"https:\/\/ppr-antibioresistance.inserm.fr\/fr\/ppr-antibioresistance\/coordination-et-gouvernance\/#primaryimage\"},\"image\":{\"@id\":\"https:\/\/ppr-antibioresistance.inserm.fr\/fr\/ppr-antibioresistance\/coordination-et-gouvernance\/#primaryimage\"},\"thumbnailUrl\":\"https:\/\/ppr-antibioresistance.inserm.fr\/wp-content\/uploads\/2020\/04\/icon-cord.svg\",\"datePublished\":\"2020-05-04T17:45:44+00:00\",\"dateModified\":\"2021-04-27T21:48:02+00:00\",\"breadcrumb\":{\"@id\":\"https:\/\/ppr-antibioresistance.inserm.fr\/fr\/ppr-antibioresistance\/coordination-et-gouvernance\/#breadcrumb\"},\"inLanguage\":\"fr-FR\",\"potentialAction\":[{\"@type\":\"ReadAction\",\"target\":[\"https:\/\/ppr-antibioresistance.inserm.fr\/fr\/ppr-antibioresistance\/coordination-et-gouvernance\/\"]}]},{\"@type\":\"ImageObject\",\"inLanguage\":\"fr-FR\",\"@id\":\"https:\/\/ppr-antibioresistance.inserm.fr\/fr\/ppr-antibioresistance\/coordination-et-gouvernance\/#primaryimage\",\"url\":\"https:\/\/ppr-antibioresistance.inserm.fr\/wp-content\/uploads\/2020\/04\/icon-cord.svg\",\"contentUrl\":\"https:\/\/ppr-antibioresistance.inserm.fr\/wp-content\/uploads\/2020\/04\/icon-cord.svg\"},{\"@type\":\"BreadcrumbList\",\"@id\":\"https:\/\/ppr-antibioresistance.inserm.fr\/fr\/ppr-antibioresistance\/coordination-et-gouvernance\/#breadcrumb\",\"itemListElement\":[{\"@type\":\"ListItem\",\"position\":1,\"name\":\"Accueil\",\"item\":\"https:\/\/ppr-antibioresistance.inserm.fr\/fr\/\"},{\"@type\":\"ListItem\",\"position\":2,\"name\":\"PPR Antibior\u00e9sistance\",\"item\":\"https:\/\/ppr-antibioresistance.inserm.fr\/fr\/ppr-antibioresistance\/\"},{\"@type\":\"ListItem\",\"position\":3,\"name\":\"Coordination et gouvernance\"}]},{\"@type\":\"WebSite\",\"@id\":\"https:\/\/ppr-antibioresistance.inserm.fr\/fr\/#website\",\"url\":\"https:\/\/ppr-antibioresistance.inserm.fr\/fr\/\",\"name\":\"Interface nationale ANTIBIOR\u00c9SISTANCE\",\"description\":\"PPR Antibior\u00e9sistance - Inserm\",\"publisher\":{\"@id\":\"https:\/\/ppr-antibioresistance.inserm.fr\/fr\/#organization\"},\"potentialAction\":[{\"@type\":\"SearchAction\",\"target\":{\"@type\":\"EntryPoint\",\"urlTemplate\":\"https:\/\/ppr-antibioresistance.inserm.fr\/fr\/?s={search_term_string}\"},\"query-input\":\"required name=search_term_string\"}],\"inLanguage\":\"fr-FR\"},{\"@type\":\"Organization\",\"@id\":\"https:\/\/ppr-antibioresistance.inserm.fr\/fr\/#organization\",\"name\":\"Inserm\",\"url\":\"https:\/\/ppr-antibioresistance.inserm.fr\/fr\/\",\"logo\":{\"@type\":\"ImageObject\",\"inLanguage\":\"fr-FR\",\"@id\":\"https:\/\/ppr-antibioresistance.inserm.fr\/fr\/#\/schema\/logo\/image\/\",\"url\":\"https:\/\/ppr-antibioresistance.inserm.fr\/wp-content\/uploads\/2020\/05\/logo-inserm-ppra.svg\",\"contentUrl\":\"https:\/\/ppr-antibioresistance.inserm.fr\/wp-content\/uploads\/2020\/05\/logo-inserm-ppra.svg\",\"width\":1,\"height\":1,\"caption\":\"Inserm\"},\"image\":{\"@id\":\"https:\/\/ppr-antibioresistance.inserm.fr\/fr\/#\/schema\/logo\/image\/\"}}]}<\/script>\n<!-- \/ Yoast SEO plugin. -->","yoast_head_json":{"title":"Coordination et gouvernance - Interface nationale ANTIBIOR\u00c9SISTANCE","robots":{"index":"index","follow":"follow","max-snippet":"max-snippet:-1","max-image-preview":"max-image-preview:large","max-video-preview":"max-video-preview:-1"},"canonical":"https:\/\/ppr-antibioresistance.inserm.fr\/fr\/ppr-antibioresistance\/coordination-et-gouvernance\/","og_locale":"fr_FR","og_type":"article","og_title":"Coordination et gouvernance - Interface nationale ANTIBIOR\u00c9SISTANCE","og_description":"La gouvernance du PPR Antibior\u00e9sistance s\u2019articulera autour de trois grandes instances dont les missions et r\u00f4les sont d\u00e9finis ci-dessous : Le Comit\u00e9 de tutelles, pr\u00e9sid\u00e9 par le pr\u00e9sident-directeur g\u00e9n\u00e9ral de l\u2019Inserm, r\u00e9unira les grands acteurs et partenaires institutionnels concern\u00e9s du domaine, incluant le CNRS, l\u2019Institut Pasteur, l\u2019IRD, l\u2019Inra, le CEA, l\u2019Anses, l\u2019Universit\u00e9 de Paris, l\u2019Universit\u00e9 [&hellip;]","og_url":"https:\/\/ppr-antibioresistance.inserm.fr\/fr\/ppr-antibioresistance\/coordination-et-gouvernance\/","og_site_name":"Interface nationale ANTIBIOR\u00c9SISTANCE","article_modified_time":"2021-04-27T21:48:02+00:00","twitter_card":"summary_large_image","twitter_misc":{"Dur\u00e9e de lecture estim\u00e9e":"3 minutes"},"schema":{"@context":"https:\/\/schema.org","@graph":[{"@type":"WebPage","@id":"https:\/\/ppr-antibioresistance.inserm.fr\/fr\/ppr-antibioresistance\/coordination-et-gouvernance\/","url":"https:\/\/ppr-antibioresistance.inserm.fr\/fr\/ppr-antibioresistance\/coordination-et-gouvernance\/","name":"Coordination et gouvernance - Interface nationale ANTIBIOR\u00c9SISTANCE","isPartOf":{"@id":"https:\/\/ppr-antibioresistance.inserm.fr\/fr\/#website"},"primaryImageOfPage":{"@id":"https:\/\/ppr-antibioresistance.inserm.fr\/fr\/ppr-antibioresistance\/coordination-et-gouvernance\/#primaryimage"},"image":{"@id":"https:\/\/ppr-antibioresistance.inserm.fr\/fr\/ppr-antibioresistance\/coordination-et-gouvernance\/#primaryimage"},"thumbnailUrl":"https:\/\/ppr-antibioresistance.inserm.fr\/wp-content\/uploads\/2020\/04\/icon-cord.svg","datePublished":"2020-05-04T17:45:44+00:00","dateModified":"2021-04-27T21:48:02+00:00","breadcrumb":{"@id":"https:\/\/ppr-antibioresistance.inserm.fr\/fr\/ppr-antibioresistance\/coordination-et-gouvernance\/#breadcrumb"},"inLanguage":"fr-FR","potentialAction":[{"@type":"ReadAction","target":["https:\/\/ppr-antibioresistance.inserm.fr\/fr\/ppr-antibioresistance\/coordination-et-gouvernance\/"]}]},{"@type":"ImageObject","inLanguage":"fr-FR","@id":"https:\/\/ppr-antibioresistance.inserm.fr\/fr\/ppr-antibioresistance\/coordination-et-gouvernance\/#primaryimage","url":"https:\/\/ppr-antibioresistance.inserm.fr\/wp-content\/uploads\/2020\/04\/icon-cord.svg","contentUrl":"https:\/\/ppr-antibioresistance.inserm.fr\/wp-content\/uploads\/2020\/04\/icon-cord.svg"},{"@type":"BreadcrumbList","@id":"https:\/\/ppr-antibioresistance.inserm.fr\/fr\/ppr-antibioresistance\/coordination-et-gouvernance\/#breadcrumb","itemListElement":[{"@type":"ListItem","position":1,"name":"Accueil","item":"https:\/\/ppr-antibioresistance.inserm.fr\/fr\/"},{"@type":"ListItem","position":2,"name":"PPR Antibior\u00e9sistance","item":"https:\/\/ppr-antibioresistance.inserm.fr\/fr\/ppr-antibioresistance\/"},{"@type":"ListItem","position":3,"name":"Coordination et gouvernance"}]},{"@type":"WebSite","@id":"https:\/\/ppr-antibioresistance.inserm.fr\/fr\/#website","url":"https:\/\/ppr-antibioresistance.inserm.fr\/fr\/","name":"Interface nationale ANTIBIOR\u00c9SISTANCE","description":"PPR Antibior\u00e9sistance - Inserm","publisher":{"@id":"https:\/\/ppr-antibioresistance.inserm.fr\/fr\/#organization"},"potentialAction":[{"@type":"SearchAction","target":{"@type":"EntryPoint","urlTemplate":"https:\/\/ppr-antibioresistance.inserm.fr\/fr\/?s={search_term_string}"},"query-input":"required name=search_term_string"}],"inLanguage":"fr-FR"},{"@type":"Organization","@id":"https:\/\/ppr-antibioresistance.inserm.fr\/fr\/#organization","name":"Inserm","url":"https:\/\/ppr-antibioresistance.inserm.fr\/fr\/","logo":{"@type":"ImageObject","inLanguage":"fr-FR","@id":"https:\/\/ppr-antibioresistance.inserm.fr\/fr\/#\/schema\/logo\/image\/","url":"https:\/\/ppr-antibioresistance.inserm.fr\/wp-content\/uploads\/2020\/05\/logo-inserm-ppra.svg","contentUrl":"https:\/\/ppr-antibioresistance.inserm.fr\/wp-content\/uploads\/2020\/05\/logo-inserm-ppra.svg","width":1,"height":1,"caption":"Inserm"},"image":{"@id":"https:\/\/ppr-antibioresistance.inserm.fr\/fr\/#\/schema\/logo\/image\/"}}]}},"post_mailing_queue_ids":[],"_links":{"self":[{"href":"https:\/\/ppr-antibioresistance.inserm.fr\/fr\/wp-json\/wp\/v2\/pages\/237"}],"collection":[{"href":"https:\/\/ppr-antibioresistance.inserm.fr\/fr\/wp-json\/wp\/v2\/pages"}],"about":[{"href":"https:\/\/ppr-antibioresistance.inserm.fr\/fr\/wp-json\/wp\/v2\/types\/page"}],"author":[{"embeddable":true,"href":"https:\/\/ppr-antibioresistance.inserm.fr\/fr\/wp-json\/wp\/v2\/users\/1"}],"replies":[{"embeddable":true,"href":"https:\/\/ppr-antibioresistance.inserm.fr\/fr\/wp-json\/wp\/v2\/comments?post=237"}],"version-history":[{"count":3,"href":"https:\/\/ppr-antibioresistance.inserm.fr\/fr\/wp-json\/wp\/v2\/pages\/237\/revisions"}],"predecessor-version":[{"id":11007,"href":"https:\/\/ppr-antibioresistance.inserm.fr\/fr\/wp-json\/wp\/v2\/pages\/237\/revisions\/11007"}],"up":[{"embeddable":true,"href":"https:\/\/ppr-antibioresistance.inserm.fr\/fr\/wp-json\/wp\/v2\/pages\/233"}],"wp:featuredmedia":[{"embeddable":true,"href":"https:\/\/ppr-antibioresistance.inserm.fr\/fr\/wp-json\/wp\/v2\/media\/45"}],"wp:attachment":[{"href":"https:\/\/ppr-antibioresistance.inserm.fr\/fr\/wp-json\/wp\/v2\/media?parent=237"}],"curies":[{"name":"wp","href":"https:\/\/api.w.org\/{rel}","templated":true}]}}