{"id":221,"date":"2020-05-04T18:32:18","date_gmt":"2020-05-04T17:32:18","guid":{"rendered":"https:\/\/ppra.inserm.dev-mlcom.net\/?page_id=221"},"modified":"2021-04-27T21:51:05","modified_gmt":"2021-04-27T20:51:05","slug":"les-reseaux-de-surveillance","status":"publish","type":"page","link":"https:\/\/ppr-antibioresistance.inserm.fr\/fr\/forces-de-recherche-francaises\/les-reseaux-de-surveillance\/","title":{"rendered":"Les r\u00e9seaux de surveillance"},"content":{"rendered":"\n<p id=\"block-f672f014-5d36-4eab-a193-1e846295f026\"><strong>L\u2019Agence nationale de sant\u00e9 publique<\/strong>, <a rel=\"noreferrer noopener\" href=\"http:\/\/www.santepubliquefrance.fr\/\" target=\"_blank\">Sant\u00e9 publique France,<\/a> a entre autres pour mission de coordonner la surveillance, les \u00e9tudes et l\u2019expertise en mati\u00e8re de pr\u00e9vention et de lutte contre les infections associ\u00e9es aux soins et la r\u00e9sistance aux anti-infectieux dans les trois secteurs de soins (\u00e9tablissements de sant\u00e9, \u00e9tablissements m\u00e9dico-sociaux et soins de ville). L\u2019Agence s\u2019appuie sur des partenaires r\u00e9gionaux, les centres de pr\u00e9vention des infections associ\u00e9es aux soins (<a rel=\"noreferrer noopener\" href=\"http:\/\/www.cpias.fr\/index.html\" target=\"_blank\">CPias<\/a>), dont certains ont \u00e9t\u00e9 retenus apr\u00e8s appels \u00e0 projet comme pilotes de missions nationales. Ces Cpias porteurs de missions nationales sont regroup\u00e9s au sein du R\u00e9seau de pr\u00e9vention et de surveillance des infections associ\u00e9es aux soins (<a href=\"https:\/\/www.preventioninfection.fr\/\" target=\"_blank\" rel=\"noreferrer noopener\">R\u00e9Pias<\/a>).<br><br>&#8211;&nbsp;&nbsp;&nbsp;&nbsp;<strong>Le CPias du Grand-Est<\/strong>, associ\u00e9 au CPias Nouvelle Aquitaine et au service de microbiologie du CHU de Limoges, a pour mission nationale la surveillance et la pr\u00e9vention de l\u2019antibior\u00e9sistance en \u00e9tablissements de sant\u00e9 (<a href=\"http:\/\/www.cpias-grand-est.fr\/index.php\/secteur-sanitaire\/missions-nationales\/spares\/\" target=\"_blank\" rel=\"noreferrer noopener\">SPARES<\/a>). Les objectifs de SPARES sont d\u2019assurer la mise en \u0153uvre et de coordonner la surveillance de la consommation d\u2019antibiotiques et la r\u00e9sistance bact\u00e9rienne, ainsi que d\u2019\u00e9valuer la pr\u00e9vention de la transmission crois\u00e9e des bact\u00e9ries multi-r\u00e9sistantes (BMR) et bact\u00e9ries hautement r\u00e9sistantes (BHR) en \u00e9tablissements de sant\u00e9. La surveillance se base sur un outil commun d\u2019enregistrement des donn\u00e9es \u00e0 partir des logiciels m\u00e9tiers : l\u2019outil ConsoRes. Tous les \u00e9tablissements de sant\u00e9 volontaires peuvent participer<br><br>&#8211;&nbsp;&nbsp;&nbsp; <strong>La mission nationale de surveillance<\/strong> de la r\u00e9sistance aux antibiotiques et des infections associ\u00e9es aux soins en secteur de ville et \u00e9tablissements m\u00e9dico-sociaux\u202f\u00bb (<a rel=\"noreferrer noopener\" href=\"https:\/\/antibioresistance.fr\/\" target=\"_blank\">Primo<\/a>) est port\u00e9e par les <a rel=\"noreferrer noopener\" href=\"http:\/\/www.paysdelaloire-arlin.com\/\" target=\"_blank\">CPias Pays-de-La-Loire<\/a> et <a rel=\"noreferrer noopener\" href=\"http:\/\/www.cpias-grand-est.fr\/\" target=\"_blank\">CPias Grand Est<\/a>.&nbsp; La surveillance de la r\u00e9sistance se base sur l\u2019outil e-Medqual ville, tous les laboratoires de ville volontaires peuvent participer. La surveillance porte sur les donn\u00e9es de r\u00e9sistance chez Escherichia coli, Staphylococcus aureus ainsi que Enterobacter cloacae, Enterobacter aerogenes, Klebsiella pneumoniae, Klebsiella oxytoca.<br><br>&#8211;&nbsp;&nbsp;&nbsp;En compl\u00e9ment des analyses des donn\u00e9es de vente d\u2019antibiotiques r\u00e9alis\u00e9es par l\u2019agence nationale de s\u00e9curit\u00e9 du m\u00e9dicament et des produits de sant\u00e9 (ANSM), <strong>Sant\u00e9 publique France surveille les consommations d\u2019antibiotiques en secteur de ville<\/strong> au niveau national, mesur\u00e9es \u00e0 partir des donn\u00e9es de remboursement de l&#8217;assurance maladie (Syst\u00e8me National des Donn\u00e9es de sant\u00e9 SNDS).<br><br>Les principaux indicateurs nationaux et r\u00e9gionaux de r\u00e9sistance et consommation d\u2019antibiotiques sont en acc\u00e8s libre dans le portail interactif de Sant\u00e9 publique France <a rel=\"noreferrer noopener\" href=\"https:\/\/geodes.santepubliquefrance.fr\/\" target=\"_blank\">GEODES<\/a>. Les rapports annuels de surveillance, plus complets, sont accessibles depuis le site de Sant\u00e9 publique France.<br><\/p>\n\n\n\n<p id=\"block-34040303-9517-4aab-b738-fc63ccad2a25\"><strong>Sur<\/strong>&nbsp;&nbsp;<strong>les r\u00e9seaux sociaux<\/strong>&nbsp; :<\/p>\n\n\n\n<p id=\"block-f03f0b45-12e6-4611-a5d6-183db62ce1bb\">Retrouvez-nous sur <a rel=\"noreferrer noopener\" href=\"https:\/\/twitter.com\/santepubliquefr?s=21\" target=\"_blank\">Twitter<\/a>, <a rel=\"noreferrer noopener\" href=\"https:\/\/www.linkedin.com\/company\/sante-publique-france\/?originalSubdomain=fr\" target=\"_blank\">Linkedin<\/a>, <a rel=\"noreferrer noopener\" href=\"https:\/\/www.facebook.com\/santepubliquefrance\/\" target=\"_blank\">Facebook<\/a>, <a rel=\"noreferrer noopener\" href=\"https:\/\/www.youtube.com\/c\/Sant%C3%A9publiqueFrance\" target=\"_blank\">Youtube<\/a> et <a rel=\"noreferrer noopener\" href=\"https:\/\/www.instagram.com\/p\/BhPKiryH5Yl\/?hl=fr\" target=\"_blank\">Instagram<\/a><\/p>\n","protected":false},"excerpt":{"rendered":"<p>L\u2019Agence nationale de sant\u00e9 publique, Sant\u00e9 publique France, a entre autres pour mission de coordonner la surveillance, les \u00e9tudes et l\u2019expertise en mati\u00e8re de pr\u00e9vention et de lutte contre les infections associ\u00e9es aux soins et la r\u00e9sistance aux anti-infectieux dans les trois secteurs de soins (\u00e9tablissements de sant\u00e9, \u00e9tablissements m\u00e9dico-sociaux et soins de ville). L\u2019Agence [&hellip;]<\/p>\n","protected":false},"author":1,"featured_media":0,"parent":213,"menu_order":3,"comment_status":"closed","ping_status":"closed","template":"","meta":{"footnotes":"","_links_to":"","_links_to_target":""},"acf":[],"yoast_head":"<!-- This site is optimized with the Yoast SEO plugin v22.8 - https:\/\/yoast.com\/wordpress\/plugins\/seo\/ -->\n<title>Les r\u00e9seaux de surveillance - Interface nationale ANTIBIOR\u00c9SISTANCE<\/title>\n<meta name=\"robots\" content=\"index, follow, max-snippet:-1, max-image-preview:large, max-video-preview:-1\" \/>\n<link rel=\"canonical\" href=\"https:\/\/ppr-antibioresistance.inserm.fr\/fr\/forces-de-recherche-francaises\/les-reseaux-de-surveillance\/\" \/>\n<meta property=\"og:locale\" content=\"fr_FR\" \/>\n<meta property=\"og:type\" content=\"article\" \/>\n<meta property=\"og:title\" content=\"Les r\u00e9seaux de surveillance - Interface nationale ANTIBIOR\u00c9SISTANCE\" \/>\n<meta property=\"og:description\" content=\"L\u2019Agence nationale de sant\u00e9 publique, Sant\u00e9 publique France, a entre autres pour mission de coordonner la surveillance, les \u00e9tudes et l\u2019expertise en mati\u00e8re de pr\u00e9vention et de lutte contre les infections associ\u00e9es aux soins et la r\u00e9sistance aux anti-infectieux dans les trois secteurs de soins (\u00e9tablissements de sant\u00e9, \u00e9tablissements m\u00e9dico-sociaux et soins de ville). L\u2019Agence [&hellip;]\" \/>\n<meta property=\"og:url\" content=\"https:\/\/ppr-antibioresistance.inserm.fr\/fr\/forces-de-recherche-francaises\/les-reseaux-de-surveillance\/\" \/>\n<meta property=\"og:site_name\" content=\"Interface nationale ANTIBIOR\u00c9SISTANCE\" \/>\n<meta property=\"article:modified_time\" content=\"2021-04-27T20:51:05+00:00\" \/>\n<meta name=\"twitter:card\" content=\"summary_large_image\" \/>\n<meta name=\"twitter:label1\" content=\"Dur\u00e9e de lecture estim\u00e9e\" \/>\n\t<meta name=\"twitter:data1\" content=\"2 minutes\" \/>\n<script type=\"application\/ld+json\" class=\"yoast-schema-graph\">{\"@context\":\"https:\/\/schema.org\",\"@graph\":[{\"@type\":\"WebPage\",\"@id\":\"https:\/\/ppr-antibioresistance.inserm.fr\/fr\/forces-de-recherche-francaises\/les-reseaux-de-surveillance\/\",\"url\":\"https:\/\/ppr-antibioresistance.inserm.fr\/fr\/forces-de-recherche-francaises\/les-reseaux-de-surveillance\/\",\"name\":\"Les r\u00e9seaux de surveillance - Interface nationale ANTIBIOR\u00c9SISTANCE\",\"isPartOf\":{\"@id\":\"https:\/\/ppr-antibioresistance.inserm.fr\/fr\/#website\"},\"datePublished\":\"2020-05-04T17:32:18+00:00\",\"dateModified\":\"2021-04-27T20:51:05+00:00\",\"breadcrumb\":{\"@id\":\"https:\/\/ppr-antibioresistance.inserm.fr\/fr\/forces-de-recherche-francaises\/les-reseaux-de-surveillance\/#breadcrumb\"},\"inLanguage\":\"fr-FR\",\"potentialAction\":[{\"@type\":\"ReadAction\",\"target\":[\"https:\/\/ppr-antibioresistance.inserm.fr\/fr\/forces-de-recherche-francaises\/les-reseaux-de-surveillance\/\"]}]},{\"@type\":\"BreadcrumbList\",\"@id\":\"https:\/\/ppr-antibioresistance.inserm.fr\/fr\/forces-de-recherche-francaises\/les-reseaux-de-surveillance\/#breadcrumb\",\"itemListElement\":[{\"@type\":\"ListItem\",\"position\":1,\"name\":\"Accueil\",\"item\":\"https:\/\/ppr-antibioresistance.inserm.fr\/fr\/\"},{\"@type\":\"ListItem\",\"position\":2,\"name\":\"Forces de recherche fran\u00e7aises\",\"item\":\"https:\/\/ppr-antibioresistance.inserm.fr\/fr\/forces-de-recherche-francaises\/\"},{\"@type\":\"ListItem\",\"position\":3,\"name\":\"Les r\u00e9seaux de surveillance\"}]},{\"@type\":\"WebSite\",\"@id\":\"https:\/\/ppr-antibioresistance.inserm.fr\/fr\/#website\",\"url\":\"https:\/\/ppr-antibioresistance.inserm.fr\/fr\/\",\"name\":\"Interface nationale ANTIBIOR\u00c9SISTANCE\",\"description\":\"PPR Antibior\u00e9sistance - Inserm\",\"publisher\":{\"@id\":\"https:\/\/ppr-antibioresistance.inserm.fr\/fr\/#organization\"},\"potentialAction\":[{\"@type\":\"SearchAction\",\"target\":{\"@type\":\"EntryPoint\",\"urlTemplate\":\"https:\/\/ppr-antibioresistance.inserm.fr\/fr\/?s={search_term_string}\"},\"query-input\":\"required name=search_term_string\"}],\"inLanguage\":\"fr-FR\"},{\"@type\":\"Organization\",\"@id\":\"https:\/\/ppr-antibioresistance.inserm.fr\/fr\/#organization\",\"name\":\"Inserm\",\"url\":\"https:\/\/ppr-antibioresistance.inserm.fr\/fr\/\",\"logo\":{\"@type\":\"ImageObject\",\"inLanguage\":\"fr-FR\",\"@id\":\"https:\/\/ppr-antibioresistance.inserm.fr\/fr\/#\/schema\/logo\/image\/\",\"url\":\"https:\/\/ppr-antibioresistance.inserm.fr\/wp-content\/uploads\/2020\/05\/logo-inserm-ppra.svg\",\"contentUrl\":\"https:\/\/ppr-antibioresistance.inserm.fr\/wp-content\/uploads\/2020\/05\/logo-inserm-ppra.svg\",\"width\":1,\"height\":1,\"caption\":\"Inserm\"},\"image\":{\"@id\":\"https:\/\/ppr-antibioresistance.inserm.fr\/fr\/#\/schema\/logo\/image\/\"}}]}<\/script>\n<!-- \/ Yoast SEO plugin. -->","yoast_head_json":{"title":"Les r\u00e9seaux de surveillance - Interface nationale ANTIBIOR\u00c9SISTANCE","robots":{"index":"index","follow":"follow","max-snippet":"max-snippet:-1","max-image-preview":"max-image-preview:large","max-video-preview":"max-video-preview:-1"},"canonical":"https:\/\/ppr-antibioresistance.inserm.fr\/fr\/forces-de-recherche-francaises\/les-reseaux-de-surveillance\/","og_locale":"fr_FR","og_type":"article","og_title":"Les r\u00e9seaux de surveillance - Interface nationale ANTIBIOR\u00c9SISTANCE","og_description":"L\u2019Agence nationale de sant\u00e9 publique, Sant\u00e9 publique France, a entre autres pour mission de coordonner la surveillance, les \u00e9tudes et l\u2019expertise en mati\u00e8re de pr\u00e9vention et de lutte contre les infections associ\u00e9es aux soins et la r\u00e9sistance aux anti-infectieux dans les trois secteurs de soins (\u00e9tablissements de sant\u00e9, \u00e9tablissements m\u00e9dico-sociaux et soins de ville). L\u2019Agence [&hellip;]","og_url":"https:\/\/ppr-antibioresistance.inserm.fr\/fr\/forces-de-recherche-francaises\/les-reseaux-de-surveillance\/","og_site_name":"Interface nationale ANTIBIOR\u00c9SISTANCE","article_modified_time":"2021-04-27T20:51:05+00:00","twitter_card":"summary_large_image","twitter_misc":{"Dur\u00e9e de lecture estim\u00e9e":"2 minutes"},"schema":{"@context":"https:\/\/schema.org","@graph":[{"@type":"WebPage","@id":"https:\/\/ppr-antibioresistance.inserm.fr\/fr\/forces-de-recherche-francaises\/les-reseaux-de-surveillance\/","url":"https:\/\/ppr-antibioresistance.inserm.fr\/fr\/forces-de-recherche-francaises\/les-reseaux-de-surveillance\/","name":"Les r\u00e9seaux de surveillance - Interface nationale ANTIBIOR\u00c9SISTANCE","isPartOf":{"@id":"https:\/\/ppr-antibioresistance.inserm.fr\/fr\/#website"},"datePublished":"2020-05-04T17:32:18+00:00","dateModified":"2021-04-27T20:51:05+00:00","breadcrumb":{"@id":"https:\/\/ppr-antibioresistance.inserm.fr\/fr\/forces-de-recherche-francaises\/les-reseaux-de-surveillance\/#breadcrumb"},"inLanguage":"fr-FR","potentialAction":[{"@type":"ReadAction","target":["https:\/\/ppr-antibioresistance.inserm.fr\/fr\/forces-de-recherche-francaises\/les-reseaux-de-surveillance\/"]}]},{"@type":"BreadcrumbList","@id":"https:\/\/ppr-antibioresistance.inserm.fr\/fr\/forces-de-recherche-francaises\/les-reseaux-de-surveillance\/#breadcrumb","itemListElement":[{"@type":"ListItem","position":1,"name":"Accueil","item":"https:\/\/ppr-antibioresistance.inserm.fr\/fr\/"},{"@type":"ListItem","position":2,"name":"Forces de recherche fran\u00e7aises","item":"https:\/\/ppr-antibioresistance.inserm.fr\/fr\/forces-de-recherche-francaises\/"},{"@type":"ListItem","position":3,"name":"Les r\u00e9seaux de surveillance"}]},{"@type":"WebSite","@id":"https:\/\/ppr-antibioresistance.inserm.fr\/fr\/#website","url":"https:\/\/ppr-antibioresistance.inserm.fr\/fr\/","name":"Interface nationale ANTIBIOR\u00c9SISTANCE","description":"PPR Antibior\u00e9sistance - Inserm","publisher":{"@id":"https:\/\/ppr-antibioresistance.inserm.fr\/fr\/#organization"},"potentialAction":[{"@type":"SearchAction","target":{"@type":"EntryPoint","urlTemplate":"https:\/\/ppr-antibioresistance.inserm.fr\/fr\/?s={search_term_string}"},"query-input":"required name=search_term_string"}],"inLanguage":"fr-FR"},{"@type":"Organization","@id":"https:\/\/ppr-antibioresistance.inserm.fr\/fr\/#organization","name":"Inserm","url":"https:\/\/ppr-antibioresistance.inserm.fr\/fr\/","logo":{"@type":"ImageObject","inLanguage":"fr-FR","@id":"https:\/\/ppr-antibioresistance.inserm.fr\/fr\/#\/schema\/logo\/image\/","url":"https:\/\/ppr-antibioresistance.inserm.fr\/wp-content\/uploads\/2020\/05\/logo-inserm-ppra.svg","contentUrl":"https:\/\/ppr-antibioresistance.inserm.fr\/wp-content\/uploads\/2020\/05\/logo-inserm-ppra.svg","width":1,"height":1,"caption":"Inserm"},"image":{"@id":"https:\/\/ppr-antibioresistance.inserm.fr\/fr\/#\/schema\/logo\/image\/"}}]}},"post_mailing_queue_ids":[],"_links":{"self":[{"href":"https:\/\/ppr-antibioresistance.inserm.fr\/fr\/wp-json\/wp\/v2\/pages\/221"}],"collection":[{"href":"https:\/\/ppr-antibioresistance.inserm.fr\/fr\/wp-json\/wp\/v2\/pages"}],"about":[{"href":"https:\/\/ppr-antibioresistance.inserm.fr\/fr\/wp-json\/wp\/v2\/types\/page"}],"author":[{"embeddable":true,"href":"https:\/\/ppr-antibioresistance.inserm.fr\/fr\/wp-json\/wp\/v2\/users\/1"}],"replies":[{"embeddable":true,"href":"https:\/\/ppr-antibioresistance.inserm.fr\/fr\/wp-json\/wp\/v2\/comments?post=221"}],"version-history":[{"count":11,"href":"https:\/\/ppr-antibioresistance.inserm.fr\/fr\/wp-json\/wp\/v2\/pages\/221\/revisions"}],"predecessor-version":[{"id":10973,"href":"https:\/\/ppr-antibioresistance.inserm.fr\/fr\/wp-json\/wp\/v2\/pages\/221\/revisions\/10973"}],"up":[{"embeddable":true,"href":"https:\/\/ppr-antibioresistance.inserm.fr\/fr\/wp-json\/wp\/v2\/pages\/213"}],"wp:attachment":[{"href":"https:\/\/ppr-antibioresistance.inserm.fr\/fr\/wp-json\/wp\/v2\/media?parent=221"}],"curies":[{"name":"wp","href":"https:\/\/api.w.org\/{rel}","templated":true}]}}