{"id":218,"date":"2020-05-04T18:31:15","date_gmt":"2020-05-04T17:31:15","guid":{"rendered":"https:\/\/ppra.inserm.dev-mlcom.net\/?page_id=218"},"modified":"2021-04-27T21:38:16","modified_gmt":"2021-04-27T20:38:16","slug":"les-thematiques-de-recherche-en-un-clin-doeil","status":"publish","type":"page","link":"https:\/\/ppr-antibioresistance.inserm.fr\/fr\/forces-de-recherche-francaises\/les-thematiques-de-recherche-en-un-clin-doeil\/","title":{"rendered":"Les th\u00e9matiques de recherche en un clin d\u2019oeil"},"content":{"rendered":"\n<h2 class=\"wp-block-heading\">Cartographie relationnelle par mots cl\u00e9s<\/h2>\n\n\n\n<p>Cette cartographie rend compte des sous-disciplines les plus \u00e9tudi\u00e9es en France et reconnues au niveau international. Elle est issue d&#8217;une&nbsp;analyse qui&nbsp;r\u00e9v\u00e8le que la recherche sur l\u2019antibior\u00e9sistance en France se r\u00e9partit majoritairement en 5 grandes tendances th\u00e9matiques :<\/p>\n\n\n\n<ul><li>m\u00e9canismes mol\u00e9culaires et cellulaires (rouge),<\/li><li>g\u00e9nome et g\u00e9n\u00e9tique (anis),<\/li><li>les souches bact\u00e9riennes y compris celles qui sont r\u00e9sistantes et recommand\u00e9es d\u2019\u00e9tudier par l\u2019OMS (bleu),<\/li><li>la prise en charge en milieu hospitalier ou en m\u00e9decine de ville (vert),<\/li><li>les \u00e9tudes pharmacocin\u00e9tiques et de traitements (mauve).<\/li><\/ul>\n\n\n\n<br>\n<span class=\"info\"> <\/span> <i>Cliquez ou survolez une partie de la carte pour agrandir une zone. Vous pouvez utiliser votre molette de souris ou le pincement des doigts sur mobile pour agrandir ou r\u00e9duire le zoom.<\/i>\n<br>\n\n\n\r\n    \r\n    <div class=\"cartozoom_ct\" id=\"cartozoom_1\">\r\n        <img fetchpriority=\"high\" decoding=\"async\" class=\"cartozoom_img_orig\" style=\"display:none;\" src=\"..\/..\/..\/wp-content\/uploads\/2020\/04\/antibio_global_2013-2019_global.png\" data-zoom-image=\"..\/..\/..\/wp-content\/uploads\/2020\/04\/antibio_global_2013-2019_global.png\" alt=\"\" width=\"3318\" height=\"2054\" border=\"0\" usemap=\"#cartozoom_1\" id=\"cartozoom_1_orig\" \/>\r\n\r\n        <map name=\"cartozoom_1\">\r\n            <\/p>\n<area target=\"\" alt=\"Agrandir (zone jaune)\" title=\"Agrandir (zone anis)\" href=\"#cartozoom_1_yellow\" data-src=\"..\/..\/..\/wp-content\/uploads\/2020\/04\/antibio_2013_2019_ZOOM-Jaune.png\" coords=\"171,64,954,91,1194,756,1361,885,1318,979,1039,976,813,785,652,759,224,492\" shape=\"poly\">\n<area target=\"\" alt=\"Agrandir (zone rouge)\" title=\"Agrandir (zone rouge)\" href=\"#cartozoom_1_red\" data-src=\"..\/..\/..\/wp-content\/uploads\/2020\/04\/antibio_2013_2019_ZOOM-Rouge.png\" coords=\"207,709,661,771,816,779,1019,964,1279,987,1499,1187,1564,1661,1104,1957,139,1711\" shape=\"poly\">\n<area target=\"\" alt=\"Agrandir (zone bleue)\" title=\"Agrandir (zone bleue)\" href=\"#cartozoom_1_blue\" data-src=\"..\/..\/..\/wp-content\/uploads\/2020\/04\/antibio_2013_2019_ZOOM-Bleu.png\" coords=\"969,91,2701,135,2692,642,2373,823,2185,750,1913,1017,1705,1102,1426,1058,1353,940,1388,853,1189,753\" shape=\"poly\">\n<area target=\"\" alt=\"Agrandir (zone verte)\" title=\"Agrandir (zone verte)\" href=\"#cartozoom_1_green\" data-src=\"..\/..\/..\/wp-content\/uploads\/2020\/04\/antibio_2013_2019_ZOOM-Vert.png\" coords=\"2695,653,2938,677,3105,1629,2379,1500,2071,1497,2100,1321,1825,1269,1745,1087,2173,756,2376,823\" shape=\"poly\">\n<area target=\"\" alt=\"Agrandir (zone violette)\" title=\"Agrandir (zone mauve)\" href=\"#cartozoom_1_violet\" data-src=\"..\/..\/..\/wp-content\/uploads\/2020\/04\/antibio_2013_2019_ZOOM-Parme.png\" coords=\"2804,1591,2763,1987,2261,1951,1596,1667,1479,1078,1754,1137,1822,1266,2091,1313,2083,1500,2393,1503\" shape=\"poly\">\n        <\/map>\r\n\r\n        <div class=\"cartozoom_ct_zoomed\"  style=\"display: none;\" id=\"cartozoom_1\">\r\n            <span class=\"cartozoom_btn_back\"><span class=\"btn-arrow-back\"><svg xmlns=\"http:\/\/www.w3.org\/2000\/svg\" width=\"20.48\" height=\"24.93\" viewBox=\"0 0 20.48 24.93\"><path d=\"M8.71,24.93V20.32h.41a4.91,4.91,0,0,0,2.17-.42,9.27,9.27,0,0,0,2.13-1.71l4.41-4.4a10.47,10.47,0,0,0,2.22-2.86,10.54,10.54,0,0,0,.43-3.61V0l-4.1,4.1L12.29,0V12.13H8.71V7.52L0,16.22l8.71,8.71Zm-1.38-14V13.5h8.79L12,17.68a4.08,4.08,0,0,1-1.42,1A4.94,4.94,0,0,1,8.71,19H7.33v2.61L2,16.22l5.32-5.34Zm9-4.9,2.73-2.74V8.39a3.67,3.67,0,0,1-1,2.9,5.25,5.25,0,0,1-3.39.84H13.66V3.24L16.38,6Z\" style=\"fill:#fff\"\/><\/svg><\/span><\/span>\r\n            <div class=\"cartozoom_img_zoom_ct\"><\/div>\r\n        <\/div>\r\n\r\n    <\/div>\r\n\r\n    <!-- CartZoom Scripts -->\r\n    <script src=\"https:\/\/ppr-antibioresistance.inserm.fr\/wp-content\/themes\/ppra-inserm\/js\/lib\/jquery.rwdImageMaps.min.js\" id=\"jquery-imgmap\"><\/script>\r\n    <script src=\"https:\/\/ppr-antibioresistance.inserm.fr\/wp-content\/themes\/ppra-inserm\/js\/lib\/jquery.elevateZoom-3.0.8.min.js\" id=\"jquery-imgzoom\"><\/script>\r\n    <script src=\"https:\/\/ppr-antibioresistance.inserm.fr\/wp-content\/themes\/ppra-inserm\/js\/cartzoom.js\" id=\"ppra-cartzoom\"><\/script>\r\n    <!-- End Scripts -->    \r\n\r\n    \n\n\n\n<figcaption>\n<strong>Cartographie fran\u00e7aise des domaines de recherche sur l\u2019antibior\u00e9sistance sur la p\u00e9riode de 2013-2019, issue de 5 405 publications produites par 289 chercheurs.<\/strong> Chaque mot cl\u00e9 est repr\u00e9sent\u00e9 par un cercle dont la taille est proportionnelle au nombre de fois que le mot cl\u00e9 est trouv\u00e9 dans les titres et\/ou r\u00e9sum\u00e9s des publications. La proximit\u00e9 des mots cl\u00e9s est g\u00e9r\u00e9e par une force d\u2019attraction d\u00e9finie par la fr\u00e9quence de survenue simultan\u00e9e dans une publication et permet de les regrouper en clusters d\u00e9finis par une couleur diff\u00e9rente. Les lignes sont le reflet de la fr\u00e9quence de citation simultan\u00e9e de deux mots cl\u00e9s sous un seuil de fr\u00e9quence moins \u00e9lev\u00e9e que celui choisi pour les cercles. Analyses issues du service Bibliom\u00e9trie de l\u2019Inserm.\n<\/figcaption>\n\n\n\n<div style=\"height:25px\" aria-hidden=\"true\" class=\"wp-block-spacer\"><\/div>\n\n\n\n<h2 class=\"wp-block-heading\">Collaborations fran\u00e7aises avec les pays europ\u00e9ens et \u00e0 l\u2019international<\/h2>\n\n\n\n<p>L\u2019analyse de la contribution de la France via son activit\u00e9 publicatoire de recherche, entre 2013-2019, montre que 43,3 % des publications sont issues de collaborations entre \u00e9quipes fran\u00e7aises et \u00e9quipes europ\u00e9ennes et\/ou internationales. En particulier, un fort r\u00e9seau de collaborations est \u00e9tabli avec les \u00c9tats-Unis, le Royaume-Uni, l\u2019Allemagne, la Suisse et l\u2019Espagne,&nbsp;et le regroupement de plusieurs pays europ\u00e9ens (cluster bleu) atteste que les \u00e9quipes fran\u00e7aises participent \u00e0 des consortiums europ\u00e9ens.<\/p>\n\n\n\n<p><\/p>\n\n\n\n<br>\n<span class=\"info\"> <\/span> <i>Cliquez ou survolez une partie de la carte pour agrandir une zone. Vous pouvez utiliser votre molette de souris ou le pincement des doigts sur mobile pour agrandir ou r\u00e9duire le zoom.<\/i>\n<br>\n\n\n\n<br>\n<img decoding=\"async\" src=\"..\/..\/..\/wp-content\/uploads\/2020\/05\/antibio_2013_2019_Collab-Pays_ZOOM-1024x699.jpg\" data-zoom-image=\"..\/..\/..\/wp-content\/uploads\/2020\/05\/antibio_2013_2019_Collab-Pays_ZOOM.jpg\" alt=\"Cartographie Fran\u00e7aise des domaines de Recherche sur l\u2019antibior\u00e9sistance\" width=\"100%\" height=\"auto\" style=\"border:1px solid #000;\" class=\"elevatezoom\">\n<br><br>\n\n\n\n<figcaption>\n<strong>Visualisation g\u00e9ographique des collaborations de la France m\u00e9tropolitaine dans le domaine de l\u2019antibior\u00e9sistance.<\/strong>  Chaque pays est repr\u00e9sent\u00e9 par un cercle dont la taille est proportionnelle au nombre de publications entre les \u00e9quipes fran\u00e7aises et les \u00e9quipes de ce pays. La distance entre les pays refl\u00e8te la fr\u00e9quence de publications en commun. Plus la distance est faible plus la fr\u00e9quence des publications communes est \u00e9lev\u00e9e. Les pays sont regroup\u00e9s en clusters d\u00e9pendant de la fr\u00e9quence de publications auxquelles sont associ\u00e9es les \u00e9quipes de leur pays. L\u2019\u00e9paisseur d\u2019une ligne refl\u00e8te le nombre de publications entre deux pays. Analyses issues du service Bibliom\u00e9trie de l\u2019Inserm.\n<\/figcaption>\n","protected":false},"excerpt":{"rendered":"<p>Cartographie relationnelle par mots cl\u00e9s Cette cartographie rend compte des sous-disciplines les plus \u00e9tudi\u00e9es en France et reconnues au niveau international. Elle est issue d&#8217;une&nbsp;analyse qui&nbsp;r\u00e9v\u00e8le que la recherche sur l\u2019antibior\u00e9sistance en France se r\u00e9partit majoritairement en 5 grandes tendances th\u00e9matiques : m\u00e9canismes mol\u00e9culaires et cellulaires (rouge), g\u00e9nome et g\u00e9n\u00e9tique (anis), les souches bact\u00e9riennes y [&hellip;]<\/p>\n","protected":false},"author":1,"featured_media":0,"parent":213,"menu_order":2,"comment_status":"closed","ping_status":"closed","template":"","meta":{"footnotes":"","_links_to":"","_links_to_target":""},"acf":[],"yoast_head":"<!-- This site is optimized with the Yoast SEO plugin v22.8 - https:\/\/yoast.com\/wordpress\/plugins\/seo\/ -->\n<title>Les th\u00e9matiques de recherche en un clin d\u2019oeil - Interface nationale ANTIBIOR\u00c9SISTANCE<\/title>\n<meta name=\"robots\" content=\"index, follow, max-snippet:-1, max-image-preview:large, max-video-preview:-1\" \/>\n<link rel=\"canonical\" href=\"https:\/\/ppr-antibioresistance.inserm.fr\/fr\/forces-de-recherche-francaises\/les-thematiques-de-recherche-en-un-clin-doeil\/\" \/>\n<meta property=\"og:locale\" content=\"fr_FR\" \/>\n<meta property=\"og:type\" content=\"article\" \/>\n<meta property=\"og:title\" content=\"Les th\u00e9matiques de recherche en un clin d\u2019oeil - Interface nationale ANTIBIOR\u00c9SISTANCE\" \/>\n<meta property=\"og:description\" content=\"Cartographie relationnelle par mots cl\u00e9s Cette cartographie rend compte des sous-disciplines les plus \u00e9tudi\u00e9es en France et reconnues au niveau international. Elle est issue d&#8217;une&nbsp;analyse qui&nbsp;r\u00e9v\u00e8le que la recherche sur l\u2019antibior\u00e9sistance en France se r\u00e9partit majoritairement en 5 grandes tendances th\u00e9matiques : m\u00e9canismes mol\u00e9culaires et cellulaires (rouge), g\u00e9nome et g\u00e9n\u00e9tique (anis), les souches bact\u00e9riennes y [&hellip;]\" \/>\n<meta property=\"og:url\" content=\"https:\/\/ppr-antibioresistance.inserm.fr\/fr\/forces-de-recherche-francaises\/les-thematiques-de-recherche-en-un-clin-doeil\/\" \/>\n<meta property=\"og:site_name\" content=\"Interface nationale ANTIBIOR\u00c9SISTANCE\" \/>\n<meta property=\"article:modified_time\" content=\"2021-04-27T20:38:16+00:00\" \/>\n<meta property=\"og:image\" content=\"http:\/\/..\/..\/..\/wp-content\/uploads\/2020\/05\/antibio_2013_2019_Collab-Pays_ZOOM-1024x699.jpg\" \/>\n<meta name=\"twitter:card\" content=\"summary_large_image\" \/>\n<meta name=\"twitter:label1\" content=\"Dur\u00e9e de lecture estim\u00e9e\" \/>\n\t<meta name=\"twitter:data1\" content=\"3 minutes\" \/>\n<script type=\"application\/ld+json\" class=\"yoast-schema-graph\">{\"@context\":\"https:\/\/schema.org\",\"@graph\":[{\"@type\":\"WebPage\",\"@id\":\"https:\/\/ppr-antibioresistance.inserm.fr\/fr\/forces-de-recherche-francaises\/les-thematiques-de-recherche-en-un-clin-doeil\/\",\"url\":\"https:\/\/ppr-antibioresistance.inserm.fr\/fr\/forces-de-recherche-francaises\/les-thematiques-de-recherche-en-un-clin-doeil\/\",\"name\":\"Les th\u00e9matiques de recherche en un clin d\u2019oeil - Interface nationale ANTIBIOR\u00c9SISTANCE\",\"isPartOf\":{\"@id\":\"https:\/\/ppr-antibioresistance.inserm.fr\/fr\/#website\"},\"datePublished\":\"2020-05-04T17:31:15+00:00\",\"dateModified\":\"2021-04-27T20:38:16+00:00\",\"breadcrumb\":{\"@id\":\"https:\/\/ppr-antibioresistance.inserm.fr\/fr\/forces-de-recherche-francaises\/les-thematiques-de-recherche-en-un-clin-doeil\/#breadcrumb\"},\"inLanguage\":\"fr-FR\",\"potentialAction\":[{\"@type\":\"ReadAction\",\"target\":[\"https:\/\/ppr-antibioresistance.inserm.fr\/fr\/forces-de-recherche-francaises\/les-thematiques-de-recherche-en-un-clin-doeil\/\"]}]},{\"@type\":\"BreadcrumbList\",\"@id\":\"https:\/\/ppr-antibioresistance.inserm.fr\/fr\/forces-de-recherche-francaises\/les-thematiques-de-recherche-en-un-clin-doeil\/#breadcrumb\",\"itemListElement\":[{\"@type\":\"ListItem\",\"position\":1,\"name\":\"Accueil\",\"item\":\"https:\/\/ppr-antibioresistance.inserm.fr\/fr\/\"},{\"@type\":\"ListItem\",\"position\":2,\"name\":\"Forces de recherche fran\u00e7aises\",\"item\":\"https:\/\/ppr-antibioresistance.inserm.fr\/fr\/forces-de-recherche-francaises\/\"},{\"@type\":\"ListItem\",\"position\":3,\"name\":\"Les th\u00e9matiques de recherche en un clin d\u2019oeil\"}]},{\"@type\":\"WebSite\",\"@id\":\"https:\/\/ppr-antibioresistance.inserm.fr\/fr\/#website\",\"url\":\"https:\/\/ppr-antibioresistance.inserm.fr\/fr\/\",\"name\":\"Interface nationale ANTIBIOR\u00c9SISTANCE\",\"description\":\"PPR Antibior\u00e9sistance - Inserm\",\"publisher\":{\"@id\":\"https:\/\/ppr-antibioresistance.inserm.fr\/fr\/#organization\"},\"potentialAction\":[{\"@type\":\"SearchAction\",\"target\":{\"@type\":\"EntryPoint\",\"urlTemplate\":\"https:\/\/ppr-antibioresistance.inserm.fr\/fr\/?s={search_term_string}\"},\"query-input\":\"required name=search_term_string\"}],\"inLanguage\":\"fr-FR\"},{\"@type\":\"Organization\",\"@id\":\"https:\/\/ppr-antibioresistance.inserm.fr\/fr\/#organization\",\"name\":\"Inserm\",\"url\":\"https:\/\/ppr-antibioresistance.inserm.fr\/fr\/\",\"logo\":{\"@type\":\"ImageObject\",\"inLanguage\":\"fr-FR\",\"@id\":\"https:\/\/ppr-antibioresistance.inserm.fr\/fr\/#\/schema\/logo\/image\/\",\"url\":\"https:\/\/ppr-antibioresistance.inserm.fr\/wp-content\/uploads\/2020\/05\/logo-inserm-ppra.svg\",\"contentUrl\":\"https:\/\/ppr-antibioresistance.inserm.fr\/wp-content\/uploads\/2020\/05\/logo-inserm-ppra.svg\",\"width\":1,\"height\":1,\"caption\":\"Inserm\"},\"image\":{\"@id\":\"https:\/\/ppr-antibioresistance.inserm.fr\/fr\/#\/schema\/logo\/image\/\"}}]}<\/script>\n<!-- \/ Yoast SEO plugin. -->","yoast_head_json":{"title":"Les th\u00e9matiques de recherche en un clin d\u2019oeil - Interface nationale ANTIBIOR\u00c9SISTANCE","robots":{"index":"index","follow":"follow","max-snippet":"max-snippet:-1","max-image-preview":"max-image-preview:large","max-video-preview":"max-video-preview:-1"},"canonical":"https:\/\/ppr-antibioresistance.inserm.fr\/fr\/forces-de-recherche-francaises\/les-thematiques-de-recherche-en-un-clin-doeil\/","og_locale":"fr_FR","og_type":"article","og_title":"Les th\u00e9matiques de recherche en un clin d\u2019oeil - Interface nationale ANTIBIOR\u00c9SISTANCE","og_description":"Cartographie relationnelle par mots cl\u00e9s Cette cartographie rend compte des sous-disciplines les plus \u00e9tudi\u00e9es en France et reconnues au niveau international. Elle est issue d&#8217;une&nbsp;analyse qui&nbsp;r\u00e9v\u00e8le que la recherche sur l\u2019antibior\u00e9sistance en France se r\u00e9partit majoritairement en 5 grandes tendances th\u00e9matiques : m\u00e9canismes mol\u00e9culaires et cellulaires (rouge), g\u00e9nome et g\u00e9n\u00e9tique (anis), les souches bact\u00e9riennes y [&hellip;]","og_url":"https:\/\/ppr-antibioresistance.inserm.fr\/fr\/forces-de-recherche-francaises\/les-thematiques-de-recherche-en-un-clin-doeil\/","og_site_name":"Interface nationale ANTIBIOR\u00c9SISTANCE","article_modified_time":"2021-04-27T20:38:16+00:00","og_image":[{"url":"..\/..\/..\/wp-content\/uploads\/2020\/05\/antibio_2013_2019_Collab-Pays_ZOOM-1024x699.jpg"}],"twitter_card":"summary_large_image","twitter_misc":{"Dur\u00e9e de lecture estim\u00e9e":"3 minutes"},"schema":{"@context":"https:\/\/schema.org","@graph":[{"@type":"WebPage","@id":"https:\/\/ppr-antibioresistance.inserm.fr\/fr\/forces-de-recherche-francaises\/les-thematiques-de-recherche-en-un-clin-doeil\/","url":"https:\/\/ppr-antibioresistance.inserm.fr\/fr\/forces-de-recherche-francaises\/les-thematiques-de-recherche-en-un-clin-doeil\/","name":"Les th\u00e9matiques de recherche en un clin d\u2019oeil - Interface nationale ANTIBIOR\u00c9SISTANCE","isPartOf":{"@id":"https:\/\/ppr-antibioresistance.inserm.fr\/fr\/#website"},"datePublished":"2020-05-04T17:31:15+00:00","dateModified":"2021-04-27T20:38:16+00:00","breadcrumb":{"@id":"https:\/\/ppr-antibioresistance.inserm.fr\/fr\/forces-de-recherche-francaises\/les-thematiques-de-recherche-en-un-clin-doeil\/#breadcrumb"},"inLanguage":"fr-FR","potentialAction":[{"@type":"ReadAction","target":["https:\/\/ppr-antibioresistance.inserm.fr\/fr\/forces-de-recherche-francaises\/les-thematiques-de-recherche-en-un-clin-doeil\/"]}]},{"@type":"BreadcrumbList","@id":"https:\/\/ppr-antibioresistance.inserm.fr\/fr\/forces-de-recherche-francaises\/les-thematiques-de-recherche-en-un-clin-doeil\/#breadcrumb","itemListElement":[{"@type":"ListItem","position":1,"name":"Accueil","item":"https:\/\/ppr-antibioresistance.inserm.fr\/fr\/"},{"@type":"ListItem","position":2,"name":"Forces de recherche fran\u00e7aises","item":"https:\/\/ppr-antibioresistance.inserm.fr\/fr\/forces-de-recherche-francaises\/"},{"@type":"ListItem","position":3,"name":"Les th\u00e9matiques de recherche en un clin d\u2019oeil"}]},{"@type":"WebSite","@id":"https:\/\/ppr-antibioresistance.inserm.fr\/fr\/#website","url":"https:\/\/ppr-antibioresistance.inserm.fr\/fr\/","name":"Interface nationale ANTIBIOR\u00c9SISTANCE","description":"PPR Antibior\u00e9sistance - Inserm","publisher":{"@id":"https:\/\/ppr-antibioresistance.inserm.fr\/fr\/#organization"},"potentialAction":[{"@type":"SearchAction","target":{"@type":"EntryPoint","urlTemplate":"https:\/\/ppr-antibioresistance.inserm.fr\/fr\/?s={search_term_string}"},"query-input":"required name=search_term_string"}],"inLanguage":"fr-FR"},{"@type":"Organization","@id":"https:\/\/ppr-antibioresistance.inserm.fr\/fr\/#organization","name":"Inserm","url":"https:\/\/ppr-antibioresistance.inserm.fr\/fr\/","logo":{"@type":"ImageObject","inLanguage":"fr-FR","@id":"https:\/\/ppr-antibioresistance.inserm.fr\/fr\/#\/schema\/logo\/image\/","url":"https:\/\/ppr-antibioresistance.inserm.fr\/wp-content\/uploads\/2020\/05\/logo-inserm-ppra.svg","contentUrl":"https:\/\/ppr-antibioresistance.inserm.fr\/wp-content\/uploads\/2020\/05\/logo-inserm-ppra.svg","width":1,"height":1,"caption":"Inserm"},"image":{"@id":"https:\/\/ppr-antibioresistance.inserm.fr\/fr\/#\/schema\/logo\/image\/"}}]}},"post_mailing_queue_ids":[],"_links":{"self":[{"href":"https:\/\/ppr-antibioresistance.inserm.fr\/fr\/wp-json\/wp\/v2\/pages\/218"}],"collection":[{"href":"https:\/\/ppr-antibioresistance.inserm.fr\/fr\/wp-json\/wp\/v2\/pages"}],"about":[{"href":"https:\/\/ppr-antibioresistance.inserm.fr\/fr\/wp-json\/wp\/v2\/types\/page"}],"author":[{"embeddable":true,"href":"https:\/\/ppr-antibioresistance.inserm.fr\/fr\/wp-json\/wp\/v2\/users\/1"}],"replies":[{"embeddable":true,"href":"https:\/\/ppr-antibioresistance.inserm.fr\/fr\/wp-json\/wp\/v2\/comments?post=218"}],"version-history":[{"count":21,"href":"https:\/\/ppr-antibioresistance.inserm.fr\/fr\/wp-json\/wp\/v2\/pages\/218\/revisions"}],"predecessor-version":[{"id":10963,"href":"https:\/\/ppr-antibioresistance.inserm.fr\/fr\/wp-json\/wp\/v2\/pages\/218\/revisions\/10963"}],"up":[{"embeddable":true,"href":"https:\/\/ppr-antibioresistance.inserm.fr\/fr\/wp-json\/wp\/v2\/pages\/213"}],"wp:attachment":[{"href":"https:\/\/ppr-antibioresistance.inserm.fr\/fr\/wp-json\/wp\/v2\/media?parent=218"}],"curies":[{"name":"wp","href":"https:\/\/api.w.org\/{rel}","templated":true}]}}