{"id":213,"date":"2020-05-04T18:26:58","date_gmt":"2020-05-04T17:26:58","guid":{"rendered":"https:\/\/ppra.inserm.dev-mlcom.net\/?page_id=213"},"modified":"2023-07-24T10:58:12","modified_gmt":"2023-07-24T09:58:12","slug":"forces-de-recherche-francaises","status":"publish","type":"page","link":"https:\/\/ppr-antibioresistance.inserm.fr\/fr\/forces-de-recherche-francaises\/","title":{"rendered":"Forces de recherche fran\u00e7aises"},"content":{"rendered":"\n<p>L\u2019ensemble de ces donn\u00e9es sont recens\u00e9es et actualis\u00e9es au travers de trois outils, ouverts et interactifs, d\u00e9di\u00e9s \u00e0 la communaut\u00e9 scientifique :<\/p>\n\n\n\n<ul><li>une <a href=\"https:\/\/ppr-antibioresistance.inserm.fr\/forces-de-recherche-francaises\/les-equipes\/\" target=\"_blank\" rel=\"noreferrer noopener\"><strong>base de donn\u00e9es des scientifique et structures de recherche<\/strong><\/a>&nbsp;ouverte et interactive,<\/li><li>une<strong>&nbsp;<a href=\"\/fr\/?page_id=218\" target=\"_blank\" rel=\"noreferrer noopener\">repr\u00e9sentation globale et interactive des th\u00e9matiques de recherches<\/a><\/strong>&nbsp;en cours, fond\u00e9e sur des donn\u00e9es bibliom\u00e9triques,<\/li><li>les&nbsp;<strong><a href=\"\/fr\/?page_id=221\" target=\"_blank\" rel=\"noreferrer noopener\">r\u00e9seaux de surveillance<\/a><\/strong>&nbsp;en place&nbsp;sur le plan national.<\/li><\/ul>\n\n\n\n<p><\/p>\n","protected":false},"excerpt":{"rendered":"<p>L\u2019ensemble de ces donn\u00e9es sont recens\u00e9es et actualis\u00e9es au travers de trois outils, ouverts et interactifs, d\u00e9di\u00e9s \u00e0 la communaut\u00e9 scientifique : une base de donn\u00e9es des scientifique et structures de recherche&nbsp;ouverte et interactive, une&nbsp;repr\u00e9sentation globale et interactive des th\u00e9matiques de recherches&nbsp;en cours, fond\u00e9e sur des donn\u00e9es bibliom\u00e9triques, les&nbsp;r\u00e9seaux de surveillance&nbsp;en place&nbsp;sur le plan national.<\/p>\n","protected":false},"author":1,"featured_media":0,"parent":0,"menu_order":0,"comment_status":"closed","ping_status":"closed","template":"","meta":{"footnotes":"","_links_to":"","_links_to_target":""},"acf":[],"yoast_head":"<!-- This site is optimized with the Yoast SEO plugin v22.8 - https:\/\/yoast.com\/wordpress\/plugins\/seo\/ -->\n<title>Forces de recherche fran\u00e7aises - Interface nationale ANTIBIOR\u00c9SISTANCE<\/title>\n<meta name=\"robots\" content=\"index, follow, max-snippet:-1, max-image-preview:large, max-video-preview:-1\" \/>\n<link rel=\"canonical\" href=\"https:\/\/ppr-antibioresistance.inserm.fr\/fr\/forces-de-recherche-francaises\/\" \/>\n<meta property=\"og:locale\" content=\"fr_FR\" \/>\n<meta property=\"og:type\" content=\"article\" \/>\n<meta property=\"og:title\" content=\"Forces de recherche fran\u00e7aises - Interface nationale ANTIBIOR\u00c9SISTANCE\" \/>\n<meta property=\"og:description\" content=\"L\u2019ensemble de ces donn\u00e9es sont recens\u00e9es et actualis\u00e9es au travers de trois outils, ouverts et interactifs, d\u00e9di\u00e9s \u00e0 la communaut\u00e9 scientifique : une base de donn\u00e9es des scientifique et structures de recherche&nbsp;ouverte et interactive, une&nbsp;repr\u00e9sentation globale et interactive des th\u00e9matiques de recherches&nbsp;en cours, fond\u00e9e sur des donn\u00e9es bibliom\u00e9triques, les&nbsp;r\u00e9seaux de surveillance&nbsp;en place&nbsp;sur le plan national.\" \/>\n<meta property=\"og:url\" content=\"https:\/\/ppr-antibioresistance.inserm.fr\/fr\/forces-de-recherche-francaises\/\" \/>\n<meta property=\"og:site_name\" content=\"Interface nationale ANTIBIOR\u00c9SISTANCE\" \/>\n<meta property=\"article:modified_time\" content=\"2023-07-24T09:58:12+00:00\" \/>\n<meta name=\"twitter:card\" content=\"summary_large_image\" \/>\n<meta name=\"twitter:label1\" content=\"Dur\u00e9e de lecture estim\u00e9e\" \/>\n\t<meta name=\"twitter:data1\" content=\"1 minute\" \/>\n<script type=\"application\/ld+json\" class=\"yoast-schema-graph\">{\"@context\":\"https:\/\/schema.org\",\"@graph\":[{\"@type\":\"WebPage\",\"@id\":\"https:\/\/ppr-antibioresistance.inserm.fr\/fr\/forces-de-recherche-francaises\/\",\"url\":\"https:\/\/ppr-antibioresistance.inserm.fr\/fr\/forces-de-recherche-francaises\/\",\"name\":\"Forces de recherche fran\u00e7aises - Interface nationale ANTIBIOR\u00c9SISTANCE\",\"isPartOf\":{\"@id\":\"https:\/\/ppr-antibioresistance.inserm.fr\/fr\/#website\"},\"datePublished\":\"2020-05-04T17:26:58+00:00\",\"dateModified\":\"2023-07-24T09:58:12+00:00\",\"breadcrumb\":{\"@id\":\"https:\/\/ppr-antibioresistance.inserm.fr\/fr\/forces-de-recherche-francaises\/#breadcrumb\"},\"inLanguage\":\"fr-FR\",\"potentialAction\":[{\"@type\":\"ReadAction\",\"target\":[\"https:\/\/ppr-antibioresistance.inserm.fr\/fr\/forces-de-recherche-francaises\/\"]}]},{\"@type\":\"BreadcrumbList\",\"@id\":\"https:\/\/ppr-antibioresistance.inserm.fr\/fr\/forces-de-recherche-francaises\/#breadcrumb\",\"itemListElement\":[{\"@type\":\"ListItem\",\"position\":1,\"name\":\"Accueil\",\"item\":\"https:\/\/ppr-antibioresistance.inserm.fr\/fr\/\"},{\"@type\":\"ListItem\",\"position\":2,\"name\":\"Forces de recherche fran\u00e7aises\"}]},{\"@type\":\"WebSite\",\"@id\":\"https:\/\/ppr-antibioresistance.inserm.fr\/fr\/#website\",\"url\":\"https:\/\/ppr-antibioresistance.inserm.fr\/fr\/\",\"name\":\"Interface nationale ANTIBIOR\u00c9SISTANCE\",\"description\":\"PPR Antibior\u00e9sistance - Inserm\",\"publisher\":{\"@id\":\"https:\/\/ppr-antibioresistance.inserm.fr\/fr\/#organization\"},\"potentialAction\":[{\"@type\":\"SearchAction\",\"target\":{\"@type\":\"EntryPoint\",\"urlTemplate\":\"https:\/\/ppr-antibioresistance.inserm.fr\/fr\/?s={search_term_string}\"},\"query-input\":\"required name=search_term_string\"}],\"inLanguage\":\"fr-FR\"},{\"@type\":\"Organization\",\"@id\":\"https:\/\/ppr-antibioresistance.inserm.fr\/fr\/#organization\",\"name\":\"Inserm\",\"url\":\"https:\/\/ppr-antibioresistance.inserm.fr\/fr\/\",\"logo\":{\"@type\":\"ImageObject\",\"inLanguage\":\"fr-FR\",\"@id\":\"https:\/\/ppr-antibioresistance.inserm.fr\/fr\/#\/schema\/logo\/image\/\",\"url\":\"https:\/\/ppr-antibioresistance.inserm.fr\/wp-content\/uploads\/2020\/05\/logo-inserm-ppra.svg\",\"contentUrl\":\"https:\/\/ppr-antibioresistance.inserm.fr\/wp-content\/uploads\/2020\/05\/logo-inserm-ppra.svg\",\"width\":1,\"height\":1,\"caption\":\"Inserm\"},\"image\":{\"@id\":\"https:\/\/ppr-antibioresistance.inserm.fr\/fr\/#\/schema\/logo\/image\/\"}}]}<\/script>\n<!-- \/ Yoast SEO plugin. -->","yoast_head_json":{"title":"Forces de recherche fran\u00e7aises - Interface nationale ANTIBIOR\u00c9SISTANCE","robots":{"index":"index","follow":"follow","max-snippet":"max-snippet:-1","max-image-preview":"max-image-preview:large","max-video-preview":"max-video-preview:-1"},"canonical":"https:\/\/ppr-antibioresistance.inserm.fr\/fr\/forces-de-recherche-francaises\/","og_locale":"fr_FR","og_type":"article","og_title":"Forces de recherche fran\u00e7aises - Interface nationale ANTIBIOR\u00c9SISTANCE","og_description":"L\u2019ensemble de ces donn\u00e9es sont recens\u00e9es et actualis\u00e9es au travers de trois outils, ouverts et interactifs, d\u00e9di\u00e9s \u00e0 la communaut\u00e9 scientifique : une base de donn\u00e9es des scientifique et structures de recherche&nbsp;ouverte et interactive, une&nbsp;repr\u00e9sentation globale et interactive des th\u00e9matiques de recherches&nbsp;en cours, fond\u00e9e sur des donn\u00e9es bibliom\u00e9triques, les&nbsp;r\u00e9seaux de surveillance&nbsp;en place&nbsp;sur le plan national.","og_url":"https:\/\/ppr-antibioresistance.inserm.fr\/fr\/forces-de-recherche-francaises\/","og_site_name":"Interface nationale ANTIBIOR\u00c9SISTANCE","article_modified_time":"2023-07-24T09:58:12+00:00","twitter_card":"summary_large_image","twitter_misc":{"Dur\u00e9e de lecture estim\u00e9e":"1 minute"},"schema":{"@context":"https:\/\/schema.org","@graph":[{"@type":"WebPage","@id":"https:\/\/ppr-antibioresistance.inserm.fr\/fr\/forces-de-recherche-francaises\/","url":"https:\/\/ppr-antibioresistance.inserm.fr\/fr\/forces-de-recherche-francaises\/","name":"Forces de recherche fran\u00e7aises - Interface nationale ANTIBIOR\u00c9SISTANCE","isPartOf":{"@id":"https:\/\/ppr-antibioresistance.inserm.fr\/fr\/#website"},"datePublished":"2020-05-04T17:26:58+00:00","dateModified":"2023-07-24T09:58:12+00:00","breadcrumb":{"@id":"https:\/\/ppr-antibioresistance.inserm.fr\/fr\/forces-de-recherche-francaises\/#breadcrumb"},"inLanguage":"fr-FR","potentialAction":[{"@type":"ReadAction","target":["https:\/\/ppr-antibioresistance.inserm.fr\/fr\/forces-de-recherche-francaises\/"]}]},{"@type":"BreadcrumbList","@id":"https:\/\/ppr-antibioresistance.inserm.fr\/fr\/forces-de-recherche-francaises\/#breadcrumb","itemListElement":[{"@type":"ListItem","position":1,"name":"Accueil","item":"https:\/\/ppr-antibioresistance.inserm.fr\/fr\/"},{"@type":"ListItem","position":2,"name":"Forces de recherche fran\u00e7aises"}]},{"@type":"WebSite","@id":"https:\/\/ppr-antibioresistance.inserm.fr\/fr\/#website","url":"https:\/\/ppr-antibioresistance.inserm.fr\/fr\/","name":"Interface nationale ANTIBIOR\u00c9SISTANCE","description":"PPR Antibior\u00e9sistance - Inserm","publisher":{"@id":"https:\/\/ppr-antibioresistance.inserm.fr\/fr\/#organization"},"potentialAction":[{"@type":"SearchAction","target":{"@type":"EntryPoint","urlTemplate":"https:\/\/ppr-antibioresistance.inserm.fr\/fr\/?s={search_term_string}"},"query-input":"required name=search_term_string"}],"inLanguage":"fr-FR"},{"@type":"Organization","@id":"https:\/\/ppr-antibioresistance.inserm.fr\/fr\/#organization","name":"Inserm","url":"https:\/\/ppr-antibioresistance.inserm.fr\/fr\/","logo":{"@type":"ImageObject","inLanguage":"fr-FR","@id":"https:\/\/ppr-antibioresistance.inserm.fr\/fr\/#\/schema\/logo\/image\/","url":"https:\/\/ppr-antibioresistance.inserm.fr\/wp-content\/uploads\/2020\/05\/logo-inserm-ppra.svg","contentUrl":"https:\/\/ppr-antibioresistance.inserm.fr\/wp-content\/uploads\/2020\/05\/logo-inserm-ppra.svg","width":1,"height":1,"caption":"Inserm"},"image":{"@id":"https:\/\/ppr-antibioresistance.inserm.fr\/fr\/#\/schema\/logo\/image\/"}}]}},"post_mailing_queue_ids":[],"_links":{"self":[{"href":"https:\/\/ppr-antibioresistance.inserm.fr\/fr\/wp-json\/wp\/v2\/pages\/213"}],"collection":[{"href":"https:\/\/ppr-antibioresistance.inserm.fr\/fr\/wp-json\/wp\/v2\/pages"}],"about":[{"href":"https:\/\/ppr-antibioresistance.inserm.fr\/fr\/wp-json\/wp\/v2\/types\/page"}],"author":[{"embeddable":true,"href":"https:\/\/ppr-antibioresistance.inserm.fr\/fr\/wp-json\/wp\/v2\/users\/1"}],"replies":[{"embeddable":true,"href":"https:\/\/ppr-antibioresistance.inserm.fr\/fr\/wp-json\/wp\/v2\/comments?post=213"}],"version-history":[{"count":8,"href":"https:\/\/ppr-antibioresistance.inserm.fr\/fr\/wp-json\/wp\/v2\/pages\/213\/revisions"}],"predecessor-version":[{"id":28857,"href":"https:\/\/ppr-antibioresistance.inserm.fr\/fr\/wp-json\/wp\/v2\/pages\/213\/revisions\/28857"}],"wp:attachment":[{"href":"https:\/\/ppr-antibioresistance.inserm.fr\/fr\/wp-json\/wp\/v2\/media?parent=213"}],"curies":[{"name":"wp","href":"https:\/\/api.w.org\/{rel}","templated":true}]}}