{"id":19253,"date":"2021-12-14T17:00:28","date_gmt":"2021-12-14T16:00:28","guid":{"rendered":"https:\/\/ppr-antibioresistance.inserm.fr\/?page_id=19253"},"modified":"2022-02-21T11:54:24","modified_gmt":"2022-02-21T10:54:24","slug":"action-3-reseau-avec-les-pays-a-ressources-limitees-du-ppr-antibioresistance-developpement-de-2-projets-de-recherche","status":"publish","type":"page","link":"https:\/\/ppr-antibioresistance.inserm.fr\/fr\/projets-actions-soutenus\/action-3-reseau-avec-les-pays-a-ressources-limitees-du-ppr-antibioresistance-developpement-de-2-projets-de-recherche\/","title":{"rendered":"Action 3 &#8211; R\u00e9seau avec les pays \u00e0 ressources limit\u00e9es du PPR Antibior\u00e9sistance : d\u00e9veloppement de 2 projets de recherche"},"content":{"rendered":"\n<p>Dans le cadre du Programme prioritaire de recherche (PPR) Antibior\u00e9sistance, un budget de 1,5M \u20ac a \u00e9t\u00e9 d\u00e9di\u00e9 \u00e0 la structuration et la coordination d\u2019un r\u00e9seau sur l\u2019antibior\u00e9sistance avec les pays \u00e0 ressources limit\u00e9es, visant \u00e0 f\u00e9d\u00e9rer les forces locales et fran\u00e7aises pour d\u00e9velopper la recherche et faciliter les candidatures \u00e0 des appels \u00e0 projets pour le financement de projets de recherche communs.<\/p>\n\n\n\n<p>Le travail collaboratif du r\u00e9seau AMR-Sud a men\u00e9 \u00e0 la structuration de deux projets de recherche compl\u00e9mentaires, qui seront men\u00e9s au Burkina Faso, au Cambodge, en C\u00f4te d\u2019Ivoire et \u00e0 Madagascar. <\/p>\n\n\n\n<p>Ces deux projets portent l\u2019un sur les facteurs de transmission de la r\u00e9sistance aux antibiotiques dans divers habitats et environnements (CircUs) et l\u2019autre sur les facteurs \u00e9conomiques et sociaux de l\u2019antibior\u00e9sistance (RAMSES). <\/p>\n\n\n\n<p>Le rationnel de ces projets est la mise en place rapide d\u2019\u00e9tudes de faisabilit\u00e9 qui pourront servir de levier pour le financement de projets de recherche ambitieux d\u00e9velopp\u00e9s au sein du r\u00e9seau AMR-Sud.<\/p>\n\n\n\n<p>Les 2 projets <strong>CircUs et RAMSES&nbsp;&nbsp;<\/strong>ont \u00e9t\u00e9 \u00e9valu\u00e9s par des experts internationaux et sont soutenus \u00e0 hauteur de 1 M\u20ac.<\/p>\n\n\n\n<p><strong>Ci-apr\u00e8s une pr\u00e9sentation des deux projets et de leurs r\u00e9seaux d\u2019interactions.<\/strong><\/p>\n\n\n\n<div style=\"height:50px\" aria-hidden=\"true\" class=\"wp-block-spacer\"><\/div>\n\n\n\n<hr class=\"wp-block-separator has-text-color has-background has-cyan-bluish-gray-background-color has-cyan-bluish-gray-color is-style-wide\"\/>\n\n\n\n<div style=\"height:50px\" aria-hidden=\"true\" class=\"wp-block-spacer\"><\/div>\n\n\n\n<div class=\"wp-block-pb-accordion-item c-accordion__item js-accordion-item no-js\" data-initially-open=\"false\" data-click-to-close=\"true\" data-auto-close=\"true\" data-scroll=\"false\" data-scroll-offset=\"0\"><h2 id=\"at-192530\" class=\"c-accordion__title js-accordion-controller\" role=\"button\">CircUs \u2013 Circulation des ent\u00e9robact\u00e9ries multir\u00e9sistantes (EMR) chez les humains, les animaux et dans l&#8217;environnement dans les zones rurales, p\u00e9riurbaines et urbaines des pays en d\u00e9veloppement : une approche \u00ab One Health \u00bb<\/h2><div id=\"ac-192530\" class=\"c-accordion__content\">\n<p><strong>Coordinateurs : <\/strong>&nbsp;Eric CARDINALE (UMR Astre CIRAD, France), Nathalie GUESSEND (Unit\u00e9 des Antibiotiques, Institut Pasteur C\u00f4te d&#8217;Ivoire), Anne-Laure BA\u00d1ULS (UMR MIVEGEC, IRD, France), Abdou-Salam OUEDRAOGO (H\u00f4pital Universitaire Souro Sanou, Burkina Faso) <\/p>\n\n\n\n<p><strong>Etablissements partenaires<\/strong>&nbsp;: CIRAD, Fondation M\u00e9rieux&nbsp;; INSERM &#8211; Unit\u00e9 IAME&nbsp;; INSERM &#8211; UPSaclay ; CEA and French National Reference Center for Carbapenem-Resistant Enterobacteriacae&nbsp;; Institut Pasteur du Cambodge&nbsp;; Institut Pasteur de C\u00f4te d\u2019Ivoire&nbsp;; Laboratoire National de R\u00e9f\u00e9rence pour les antimicrobiens C\u00f4te d\u2019Ivoire&nbsp;; Institut Pasteur de Madagascar&nbsp;; Institut Pasteur de Paris&nbsp;; IRD&nbsp;; Laboratoire National de R\u00e9f\u00e9rence pour les Antimicrobiens, Burkina Faso&nbsp;; Laboratoire National d\u2019Appui au D\u00e9veloppement Agricole (LANADA), C\u00f4te d\u2019Ivoire&nbsp;; Service des Maladies Infectieuses Centre Hospitalier Universitaire Joseph Raseta Befelatanana, Antananarivo, Madagascar. <\/p>\n\n\n\n<p><strong>Pays partenaires<\/strong>&nbsp;<strong>: <\/strong>&nbsp;Burkina Faso, Cambodge, C\u00f4te d\u2019Ivoire, France et Madagascar <\/p>\n\n\n\n<p><strong>Budget&nbsp;: <\/strong>700k\u20ac <\/p>\n\n\n\n<p><strong>R\u00e9sum\u00e9 :<\/strong><br>L\u2019objectif g\u00e9n\u00e9ral du projet est de <strong>caract\u00e9riser la circulation de la R\u00e9sistance aux antimicrobiens (RAM)<\/strong>, en particulier des souches d\u2019ent\u00e9robact\u00e9ries r\u00e9sistantes responsables d&#8217;infections urinaires et digestives et de bact\u00e9ri\u00e9mies et des \u00e9l\u00e9ments g\u00e9n\u00e9tiques mobiles portant ces r\u00e9sistances, <strong>dans les trois secteurs One Health (humain, animal et leurs environnement) et dans trois types d\u2019habitats (urbain, p\u00e9riurbain, et rural)<\/strong>. <\/p>\n\n\n\n<p>Cette \u00e9tude sera men\u00e9e dans quatre pays partenaires : Burkina Faso, Cambodge, C\u00f4te d\u2019Ivoire et Madagascar. <\/p>\n\n\n\n<p>Le projet pr\u00e9voit la caract\u00e9risation microbiologique, \u00e9pid\u00e9miologique, g\u00e9n\u00e9tique et m\u00e9tag\u00e9nomique de la circulation de la RAM dans l\u2019\u00e9cosyst\u00e8me, ainsi que le renforcement de la capacit\u00e9 de diagnostic et de surveillance de la r\u00e9sistance des laboratoires, et d\u2019\u00e9tablir des recommandations sp\u00e9cifiques pour la gestion et l\u2019utilisation des antibiotiques dans les trois habitats \u00e9tudi\u00e9s. Dans le cadre du financement du PPR Antibior\u00e9sistance, <strong>une \u00e9tude pilote de 18 mois<\/strong> sera mise en place afin d\u2019\u00e9prouver le fonctionnement global du projet et sa faisabilit\u00e9. <\/p>\n\n\n\n<p>Cette phase permettra de produire des r\u00e9sultats essentiels pour la mise en place du projet global, de f\u00e9d\u00e9rer l\u2019ensemble des acteurs autour d\u2019objectifs communs et de renforcer le partenariat entre les organismes des pays membres (organismes nationaux relevant des Minist\u00e8res de la Sant\u00e9 et des Minist\u00e8res en charge de l\u2019\u00e9levage, institutions de recherche assurant la mise en place de l\u2019\u00e9tude dans un des trois habitats et l\u2019extraction d\u2019ADN des isolats bact\u00e9riens, et l\u2019Institut Pasteur de Paris qui centralisera les donn\u00e9es pour r\u00e9aliser le s\u00e9quen\u00e7age, le stockage et leur analyse avec l\u2019ensemble des partenaires). <\/p>\n\n\n\n<p>Ce premier cycle permettra ainsi le renforcement des capacit\u00e9s, qui garantira la possibilit\u00e9 de mener \u00e0 bien une \u00e9tude de grande envergure. Gr\u00e2ce \u00e0 ce projet, les chercheurs obtiendrons une vision globale et objective de la circulation de la RAM dans les pays concern\u00e9s mais surtout la mise en place de mesures de gestion et d\u2019utilisation des antibiotiques appropri\u00e9es aux pays et habitats concern\u00e9s, et plus largement dans les pays \u00e0 ressources limit\u00e9es. <\/p>\n<\/div><\/div>\n\n\n\n<div class=\"wp-block-pb-accordion-item c-accordion__item js-accordion-item no-js\" data-initially-open=\"false\" data-click-to-close=\"true\" data-auto-close=\"true\" data-scroll=\"false\" data-scroll-offset=\"0\"><h2 id=\"at-192531\" class=\"c-accordion__title js-accordion-controller\" role=\"button\">RAMSES &#8211; R\u00e9sistance aux AntiMicrobiens : facteurs Socio-\u00c9conomiques et r\u00e9gulations influen\u00e7ant l\u2019\u00e9mergence et la diss\u00e9mination dans les pays du Sud<\/h2><div id=\"ac-192531\" class=\"c-accordion__content\">\n<p><strong>Coordinateurs : <\/strong>Alexandre HOBEIKA (CIRAD, France), Ad\u00e8le KACOU N\u2019DOUBA (Universit\u00e9 d\u2019Abidjan, C\u00f4te d\u2019Ivoire) <\/p>\n\n\n\n<p><strong>Etablissements partenaires<\/strong>&nbsp;: INRAE&nbsp;; IRD&nbsp;; Institut de Recherche en Sciences de la Sant\u00e9, Burkina Faso ; Universit\u00e9 Nazi Boni, Institut Sup\u00e9rieur des Sciences de la Sant\u00e9, Burkina Faso&nbsp;; Institut Pasteur du Cambodge&nbsp;; Universit\u00e9 d\u2019Abidjan, UFR des Sciences m\u00e9dicales, C\u00f4te d\u2019Ivoire&nbsp;; Minist\u00e8re de l\u2019Agriculture, de l\u2019Elevage et de la P\u00eache\/Services V\u00e9t\u00e9rinaires, Madagascar&nbsp;; Institut Pasteur de Madagascar. <\/p>\n\n\n\n<p><strong>Pays partenaires<\/strong>&nbsp;<strong>: <\/strong>&nbsp;Burkina Faso, Cambodge, C\u00f4te d\u2019Ivoire, France et Madagascar<\/p>\n\n\n\n<p><strong>Budget&nbsp;: <\/strong>300k\u20ac<\/p>\n\n\n\n<p><strong>R\u00e9sum\u00e9 :<\/strong><br>Le projet RAMSES a pour but d\u2019explorer <strong>les<\/strong> <strong>facteurs socio-\u00e9conomiques et r\u00e9glementaires<\/strong> qui influencent l\u2019\u00e9mergence et la diffusion de la r\u00e9sistance aux antimicrobiens (RAM), de comprendre <strong>les liens entre ces facteurs<\/strong> et d\u2019identifier <strong>les leviers pour une am\u00e9lioration de la surveillance de la RAM<\/strong> <strong>et les actions de contr\u00f4le<\/strong>, dans les pays \u00e0 revenus faibles et mod\u00e9r\u00e9s. Ce projet s\u2019attachera \u00e0 documenter les facteurs socio-\u00e9conomiques, institutionnels, et politiques qui orientent les circulations d\u2019antibiotiques dans la soci\u00e9t\u00e9 ainsi que les outils disponibles pour g\u00e9rer les risques qui touchent les humains, les animaux et l\u2019environnement. <\/p>\n\n\n\n<p>Le cadre d\u2019analyse sera fond\u00e9 principalement sur l\u2019\u00e9tude de la \u00ab vie sociale des m\u00e9dicaments \u00bb (l\u2019\u00e9conomie du commerce et les normes culturelles de prescription et d\u2019usage des m\u00e9dicaments), et la sociologie de l\u2019action publique (l\u2019\u00e9tude des politiques publiques, des institutions, des groupes d\u2019int\u00e9r\u00eats, des sciences et des controverses). Le projet int\u00e8gre de fa\u00e7on centrale les aspects One Health (sant\u00e9 humaine, animale, et environnementale. <\/p>\n\n\n\n<p>Les donn\u00e9es seront collect\u00e9es et men\u00e9es par des universit\u00e9s et instituts de recherche dans les quatre pays partenaires, Burkina Faso, Cambodge, C\u00f4te d\u2019Ivoire et Madagascar, ainsi que dans diff\u00e9rents contextes locaux (urbains, p\u00e9riurbains et ruraux). Le consortium associe ainsi des chercheurs des sciences sociales, m\u00e9dicales et v\u00e9t\u00e9rinaires fran\u00e7ais et des pays partenaires. Dans le cadre du financement du PPR Antibior\u00e9sistance, une \u00e9tude pilote de 18 mois sera mise en place afin d\u2019\u00e9prouver le fonctionnement global du projet et sa faisabilit\u00e9. <\/p>\n\n\n\n<p>Le projet dans sa globalit\u00e9 permettra de fournir des conseils de politique publique qui prennent en compte les variations sp\u00e9cifiques aux pays ainsi que les opportunit\u00e9s de politique publique.<\/p>\n<\/div><\/div>\n\n\n\n<p><\/p>\n","protected":false},"excerpt":{"rendered":"<p>Dans le cadre du Programme prioritaire de recherche (PPR) Antibior\u00e9sistance, un budget de 1,5M \u20ac a \u00e9t\u00e9 d\u00e9di\u00e9 \u00e0 la structuration et la coordination d\u2019un r\u00e9seau sur l\u2019antibior\u00e9sistance avec les pays \u00e0 ressources limit\u00e9es, visant \u00e0 f\u00e9d\u00e9rer les forces locales et fran\u00e7aises pour d\u00e9velopper la recherche et faciliter les candidatures \u00e0 des appels \u00e0 projets [&hellip;]<\/p>\n","protected":false},"author":139,"featured_media":0,"parent":11019,"menu_order":3,"comment_status":"closed","ping_status":"closed","template":"","meta":{"footnotes":"","_links_to":"","_links_to_target":""},"acf":[],"yoast_head":"<!-- This site is optimized with the Yoast SEO plugin v22.8 - https:\/\/yoast.com\/wordpress\/plugins\/seo\/ -->\n<title>Action 3 - R\u00e9seau avec les pays \u00e0 ressources limit\u00e9es du PPR Antibior\u00e9sistance : d\u00e9veloppement de 2 projets de recherche - Interface nationale ANTIBIOR\u00c9SISTANCE<\/title>\n<meta name=\"robots\" content=\"index, follow, max-snippet:-1, max-image-preview:large, max-video-preview:-1\" \/>\n<link rel=\"canonical\" href=\"https:\/\/ppr-antibioresistance.inserm.fr\/fr\/projets-actions-soutenus\/action-3-reseau-avec-les-pays-a-ressources-limitees-du-ppr-antibioresistance-developpement-de-2-projets-de-recherche\/\" \/>\n<meta property=\"og:locale\" content=\"fr_FR\" \/>\n<meta property=\"og:type\" content=\"article\" \/>\n<meta property=\"og:title\" content=\"Action 3 - R\u00e9seau avec les pays \u00e0 ressources limit\u00e9es du PPR Antibior\u00e9sistance : d\u00e9veloppement de 2 projets de recherche - Interface nationale ANTIBIOR\u00c9SISTANCE\" \/>\n<meta property=\"og:description\" content=\"Dans le cadre du Programme prioritaire de recherche (PPR) Antibior\u00e9sistance, un budget de 1,5M \u20ac a \u00e9t\u00e9 d\u00e9di\u00e9 \u00e0 la structuration et la coordination d\u2019un r\u00e9seau sur l\u2019antibior\u00e9sistance avec les pays \u00e0 ressources limit\u00e9es, visant \u00e0 f\u00e9d\u00e9rer les forces locales et fran\u00e7aises pour d\u00e9velopper la recherche et faciliter les candidatures \u00e0 des appels \u00e0 projets [&hellip;]\" \/>\n<meta property=\"og:url\" content=\"https:\/\/ppr-antibioresistance.inserm.fr\/fr\/projets-actions-soutenus\/action-3-reseau-avec-les-pays-a-ressources-limitees-du-ppr-antibioresistance-developpement-de-2-projets-de-recherche\/\" \/>\n<meta property=\"og:site_name\" content=\"Interface nationale ANTIBIOR\u00c9SISTANCE\" \/>\n<meta property=\"article:modified_time\" content=\"2022-02-21T10:54:24+00:00\" \/>\n<meta name=\"twitter:card\" content=\"summary_large_image\" \/>\n<meta name=\"twitter:label1\" content=\"Dur\u00e9e de lecture estim\u00e9e\" \/>\n\t<meta name=\"twitter:data1\" content=\"6 minutes\" \/>\n<script type=\"application\/ld+json\" class=\"yoast-schema-graph\">{\"@context\":\"https:\/\/schema.org\",\"@graph\":[{\"@type\":\"WebPage\",\"@id\":\"https:\/\/ppr-antibioresistance.inserm.fr\/fr\/projets-actions-soutenus\/action-3-reseau-avec-les-pays-a-ressources-limitees-du-ppr-antibioresistance-developpement-de-2-projets-de-recherche\/\",\"url\":\"https:\/\/ppr-antibioresistance.inserm.fr\/fr\/projets-actions-soutenus\/action-3-reseau-avec-les-pays-a-ressources-limitees-du-ppr-antibioresistance-developpement-de-2-projets-de-recherche\/\",\"name\":\"Action 3 - R\u00e9seau avec les pays \u00e0 ressources limit\u00e9es du PPR Antibior\u00e9sistance : d\u00e9veloppement de 2 projets de recherche - Interface nationale ANTIBIOR\u00c9SISTANCE\",\"isPartOf\":{\"@id\":\"https:\/\/ppr-antibioresistance.inserm.fr\/fr\/#website\"},\"datePublished\":\"2021-12-14T16:00:28+00:00\",\"dateModified\":\"2022-02-21T10:54:24+00:00\",\"breadcrumb\":{\"@id\":\"https:\/\/ppr-antibioresistance.inserm.fr\/fr\/projets-actions-soutenus\/action-3-reseau-avec-les-pays-a-ressources-limitees-du-ppr-antibioresistance-developpement-de-2-projets-de-recherche\/#breadcrumb\"},\"inLanguage\":\"fr-FR\",\"potentialAction\":[{\"@type\":\"ReadAction\",\"target\":[\"https:\/\/ppr-antibioresistance.inserm.fr\/fr\/projets-actions-soutenus\/action-3-reseau-avec-les-pays-a-ressources-limitees-du-ppr-antibioresistance-developpement-de-2-projets-de-recherche\/\"]}]},{\"@type\":\"BreadcrumbList\",\"@id\":\"https:\/\/ppr-antibioresistance.inserm.fr\/fr\/projets-actions-soutenus\/action-3-reseau-avec-les-pays-a-ressources-limitees-du-ppr-antibioresistance-developpement-de-2-projets-de-recherche\/#breadcrumb\",\"itemListElement\":[{\"@type\":\"ListItem\",\"position\":1,\"name\":\"Accueil\",\"item\":\"https:\/\/ppr-antibioresistance.inserm.fr\/fr\/\"},{\"@type\":\"ListItem\",\"position\":2,\"name\":\"Projets et actions soutenus\",\"item\":\"https:\/\/ppr-antibioresistance.inserm.fr\/fr\/projets-actions-soutenus\/\"},{\"@type\":\"ListItem\",\"position\":3,\"name\":\"Action 3 &#8211; R\u00e9seau avec les pays \u00e0 ressources limit\u00e9es du PPR Antibior\u00e9sistance : d\u00e9veloppement de 2 projets de recherche\"}]},{\"@type\":\"WebSite\",\"@id\":\"https:\/\/ppr-antibioresistance.inserm.fr\/fr\/#website\",\"url\":\"https:\/\/ppr-antibioresistance.inserm.fr\/fr\/\",\"name\":\"Interface nationale ANTIBIOR\u00c9SISTANCE\",\"description\":\"PPR Antibior\u00e9sistance - Inserm\",\"publisher\":{\"@id\":\"https:\/\/ppr-antibioresistance.inserm.fr\/fr\/#organization\"},\"potentialAction\":[{\"@type\":\"SearchAction\",\"target\":{\"@type\":\"EntryPoint\",\"urlTemplate\":\"https:\/\/ppr-antibioresistance.inserm.fr\/fr\/?s={search_term_string}\"},\"query-input\":\"required name=search_term_string\"}],\"inLanguage\":\"fr-FR\"},{\"@type\":\"Organization\",\"@id\":\"https:\/\/ppr-antibioresistance.inserm.fr\/fr\/#organization\",\"name\":\"Inserm\",\"url\":\"https:\/\/ppr-antibioresistance.inserm.fr\/fr\/\",\"logo\":{\"@type\":\"ImageObject\",\"inLanguage\":\"fr-FR\",\"@id\":\"https:\/\/ppr-antibioresistance.inserm.fr\/fr\/#\/schema\/logo\/image\/\",\"url\":\"https:\/\/ppr-antibioresistance.inserm.fr\/wp-content\/uploads\/2020\/05\/logo-inserm-ppra.svg\",\"contentUrl\":\"https:\/\/ppr-antibioresistance.inserm.fr\/wp-content\/uploads\/2020\/05\/logo-inserm-ppra.svg\",\"width\":1,\"height\":1,\"caption\":\"Inserm\"},\"image\":{\"@id\":\"https:\/\/ppr-antibioresistance.inserm.fr\/fr\/#\/schema\/logo\/image\/\"}}]}<\/script>\n<!-- \/ Yoast SEO plugin. -->","yoast_head_json":{"title":"Action 3 - R\u00e9seau avec les pays \u00e0 ressources limit\u00e9es du PPR Antibior\u00e9sistance : d\u00e9veloppement de 2 projets de recherche - Interface nationale ANTIBIOR\u00c9SISTANCE","robots":{"index":"index","follow":"follow","max-snippet":"max-snippet:-1","max-image-preview":"max-image-preview:large","max-video-preview":"max-video-preview:-1"},"canonical":"https:\/\/ppr-antibioresistance.inserm.fr\/fr\/projets-actions-soutenus\/action-3-reseau-avec-les-pays-a-ressources-limitees-du-ppr-antibioresistance-developpement-de-2-projets-de-recherche\/","og_locale":"fr_FR","og_type":"article","og_title":"Action 3 - R\u00e9seau avec les pays \u00e0 ressources limit\u00e9es du PPR Antibior\u00e9sistance : d\u00e9veloppement de 2 projets de recherche - Interface nationale ANTIBIOR\u00c9SISTANCE","og_description":"Dans le cadre du Programme prioritaire de recherche (PPR) Antibior\u00e9sistance, un budget de 1,5M \u20ac a \u00e9t\u00e9 d\u00e9di\u00e9 \u00e0 la structuration et la coordination d\u2019un r\u00e9seau sur l\u2019antibior\u00e9sistance avec les pays \u00e0 ressources limit\u00e9es, visant \u00e0 f\u00e9d\u00e9rer les forces locales et fran\u00e7aises pour d\u00e9velopper la recherche et faciliter les candidatures \u00e0 des appels \u00e0 projets [&hellip;]","og_url":"https:\/\/ppr-antibioresistance.inserm.fr\/fr\/projets-actions-soutenus\/action-3-reseau-avec-les-pays-a-ressources-limitees-du-ppr-antibioresistance-developpement-de-2-projets-de-recherche\/","og_site_name":"Interface nationale ANTIBIOR\u00c9SISTANCE","article_modified_time":"2022-02-21T10:54:24+00:00","twitter_card":"summary_large_image","twitter_misc":{"Dur\u00e9e de lecture estim\u00e9e":"6 minutes"},"schema":{"@context":"https:\/\/schema.org","@graph":[{"@type":"WebPage","@id":"https:\/\/ppr-antibioresistance.inserm.fr\/fr\/projets-actions-soutenus\/action-3-reseau-avec-les-pays-a-ressources-limitees-du-ppr-antibioresistance-developpement-de-2-projets-de-recherche\/","url":"https:\/\/ppr-antibioresistance.inserm.fr\/fr\/projets-actions-soutenus\/action-3-reseau-avec-les-pays-a-ressources-limitees-du-ppr-antibioresistance-developpement-de-2-projets-de-recherche\/","name":"Action 3 - R\u00e9seau avec les pays \u00e0 ressources limit\u00e9es du PPR Antibior\u00e9sistance : d\u00e9veloppement de 2 projets de recherche - Interface nationale ANTIBIOR\u00c9SISTANCE","isPartOf":{"@id":"https:\/\/ppr-antibioresistance.inserm.fr\/fr\/#website"},"datePublished":"2021-12-14T16:00:28+00:00","dateModified":"2022-02-21T10:54:24+00:00","breadcrumb":{"@id":"https:\/\/ppr-antibioresistance.inserm.fr\/fr\/projets-actions-soutenus\/action-3-reseau-avec-les-pays-a-ressources-limitees-du-ppr-antibioresistance-developpement-de-2-projets-de-recherche\/#breadcrumb"},"inLanguage":"fr-FR","potentialAction":[{"@type":"ReadAction","target":["https:\/\/ppr-antibioresistance.inserm.fr\/fr\/projets-actions-soutenus\/action-3-reseau-avec-les-pays-a-ressources-limitees-du-ppr-antibioresistance-developpement-de-2-projets-de-recherche\/"]}]},{"@type":"BreadcrumbList","@id":"https:\/\/ppr-antibioresistance.inserm.fr\/fr\/projets-actions-soutenus\/action-3-reseau-avec-les-pays-a-ressources-limitees-du-ppr-antibioresistance-developpement-de-2-projets-de-recherche\/#breadcrumb","itemListElement":[{"@type":"ListItem","position":1,"name":"Accueil","item":"https:\/\/ppr-antibioresistance.inserm.fr\/fr\/"},{"@type":"ListItem","position":2,"name":"Projets et actions soutenus","item":"https:\/\/ppr-antibioresistance.inserm.fr\/fr\/projets-actions-soutenus\/"},{"@type":"ListItem","position":3,"name":"Action 3 &#8211; R\u00e9seau avec les pays \u00e0 ressources limit\u00e9es du PPR Antibior\u00e9sistance : d\u00e9veloppement de 2 projets de recherche"}]},{"@type":"WebSite","@id":"https:\/\/ppr-antibioresistance.inserm.fr\/fr\/#website","url":"https:\/\/ppr-antibioresistance.inserm.fr\/fr\/","name":"Interface nationale ANTIBIOR\u00c9SISTANCE","description":"PPR Antibior\u00e9sistance - Inserm","publisher":{"@id":"https:\/\/ppr-antibioresistance.inserm.fr\/fr\/#organization"},"potentialAction":[{"@type":"SearchAction","target":{"@type":"EntryPoint","urlTemplate":"https:\/\/ppr-antibioresistance.inserm.fr\/fr\/?s={search_term_string}"},"query-input":"required name=search_term_string"}],"inLanguage":"fr-FR"},{"@type":"Organization","@id":"https:\/\/ppr-antibioresistance.inserm.fr\/fr\/#organization","name":"Inserm","url":"https:\/\/ppr-antibioresistance.inserm.fr\/fr\/","logo":{"@type":"ImageObject","inLanguage":"fr-FR","@id":"https:\/\/ppr-antibioresistance.inserm.fr\/fr\/#\/schema\/logo\/image\/","url":"https:\/\/ppr-antibioresistance.inserm.fr\/wp-content\/uploads\/2020\/05\/logo-inserm-ppra.svg","contentUrl":"https:\/\/ppr-antibioresistance.inserm.fr\/wp-content\/uploads\/2020\/05\/logo-inserm-ppra.svg","width":1,"height":1,"caption":"Inserm"},"image":{"@id":"https:\/\/ppr-antibioresistance.inserm.fr\/fr\/#\/schema\/logo\/image\/"}}]}},"post_mailing_queue_ids":[],"_links":{"self":[{"href":"https:\/\/ppr-antibioresistance.inserm.fr\/fr\/wp-json\/wp\/v2\/pages\/19253"}],"collection":[{"href":"https:\/\/ppr-antibioresistance.inserm.fr\/fr\/wp-json\/wp\/v2\/pages"}],"about":[{"href":"https:\/\/ppr-antibioresistance.inserm.fr\/fr\/wp-json\/wp\/v2\/types\/page"}],"author":[{"embeddable":true,"href":"https:\/\/ppr-antibioresistance.inserm.fr\/fr\/wp-json\/wp\/v2\/users\/139"}],"replies":[{"embeddable":true,"href":"https:\/\/ppr-antibioresistance.inserm.fr\/fr\/wp-json\/wp\/v2\/comments?post=19253"}],"version-history":[{"count":10,"href":"https:\/\/ppr-antibioresistance.inserm.fr\/fr\/wp-json\/wp\/v2\/pages\/19253\/revisions"}],"predecessor-version":[{"id":19337,"href":"https:\/\/ppr-antibioresistance.inserm.fr\/fr\/wp-json\/wp\/v2\/pages\/19253\/revisions\/19337"}],"up":[{"embeddable":true,"href":"https:\/\/ppr-antibioresistance.inserm.fr\/fr\/wp-json\/wp\/v2\/pages\/11019"}],"wp:attachment":[{"href":"https:\/\/ppr-antibioresistance.inserm.fr\/fr\/wp-json\/wp\/v2\/media?parent=19253"}],"curies":[{"name":"wp","href":"https:\/\/api.w.org\/{rel}","templated":true}]}}