{"id":14971,"date":"2021-07-30T14:43:13","date_gmt":"2021-07-30T13:43:13","guid":{"rendered":"https:\/\/ppr-antibioresistance.inserm.fr\/?page_id=14971"},"modified":"2023-07-24T10:34:25","modified_gmt":"2023-07-24T09:34:25","slug":"action-2-resultats-des-aap-structurants-du-ppr-antibioresistance-3-projets-retenus","status":"publish","type":"page","link":"https:\/\/ppr-antibioresistance.inserm.fr\/fr\/projets-actions-soutenus\/action-2-resultats-des-aap-structurants-du-ppr-antibioresistance-3-projets-retenus\/","title":{"rendered":"Action 2 &#8211; R\u00e9sultats des AAP structurants du PPR Antibior\u00e9sistance : 3 projets retenus"},"content":{"rendered":"\n<p>Ces trois projets sont une excellente opportunit\u00e9 pour structurer la recherche sur l\u2019antibior\u00e9sistance en m\u00e9tropole et dans les d\u00e9partements et territoires d\u2019outre-mer :<\/p>\n\n\n\n<ul><li>d\u00e9veloppement d\u2019un portail commun permettant l\u2019interconnexion et l\u2019interop\u00e9rabilit\u00e9 des donn\u00e9es et des outils d\u2019analyses li\u00e9es \u00e0 la r\u00e9sistance antimicrobienne,<\/li><li>regroupement des comp\u00e9tences professionnelles dans les trois secteurs humain, animal et environnement en facilitant la mutualisation de comp\u00e9tences,<\/li><li>collaboration entre les diff\u00e9rents secteurs de la recherche en SHS et en sant\u00e9 publique.<\/li><\/ul>\n\n\n\n<p>A terme, ces projets structurants renforceront les interactions des forces fran\u00e7aises mobilis\u00e9es et reconnues sur la sc\u00e8ne internationale de la lutte contre l\u2019antibior\u00e9sistance.<\/p>\n\n\n\n<div style=\"height:25px\" aria-hidden=\"true\" class=\"wp-block-spacer\"><\/div>\n\n\n\n<hr class=\"wp-block-separator has-text-color has-black-color has-css-opacity has-black-background-color has-background is-style-wide\"\/>\n\n\n\n<div style=\"height:25px\" aria-hidden=\"true\" class=\"wp-block-spacer\"><\/div>\n\n\n\n<div class=\"wp-block-pb-accordion-item c-accordion__item js-accordion-item no-js\" data-initially-open=\"false\" data-click-to-close=\"true\" data-auto-close=\"true\" data-scroll=\"false\" data-scroll-offset=\"0\" id=\"abromicspf\"><h2 id=\"at-149710\" class=\"c-accordion__title js-accordion-controller\" role=\"button\">ABRomics-PF &#8211; une plateforme num\u00e9rique sur l\u2019antibior\u00e9sistance pour stocker, int\u00e9grer, analyser et partager des donn\u00e9es multi-omiques<\/h2><div id=\"ac-149710\" class=\"c-accordion__content\">\n<p><strong>Coordinateurs :<\/strong> Claudine MEDIGUE et Philippe GLASER<br>\u00c9tablissements porteurs : Institut fran\u00e7ais de bioinformatique (IFB), Institut Pasteur (IP)<br><br><strong>Partenaires :<\/strong> 45 \u00e9quipes partenaires provenant de 10 institutions\/agences principales (Anses, BioPark, CEA, CNR-SpF, CNRS, IFB, Inrae, Inserm, IP, IRD)<br><br><strong>Budget :<\/strong> 2 M\u20ac<\/p>\n\n\n\n<figure class=\"wp-block-image size-large\"><img decoding=\"async\" src=\"https:\/\/ppr-antibioresistance.inserm.fr\/wp-content\/uploads\/2021\/07\/projet-ABRomics-PF-partenaire.svg\" alt=\"\" class=\"wp-image-14983\"\/><\/figure>\n\n\n\n<h3 class=\"wp-block-heading\">R\u00e9sum\u00e9 :<\/h3>\n\n\n\n<p>La <strong>g\u00e9nomique et les autres approches \u00ab omiques \u00bb<\/strong> sont essentielles pour la recherche, pour am\u00e9liorer la surveillance de la r\u00e9sistance aux antibiotiques dans une perspective <em>One Health<\/em> et pour d\u00e9velopper de nouvelles strat\u00e9gies th\u00e9rapeutiques. L&#8217;int\u00e9gration et l\u2019analyse des donn\u00e9es omiques avec les m\u00e9tadonn\u00e9es associ\u00e9es n\u00e9cessitent le d\u00e9veloppement de bases de donn\u00e9es accessibles \u00e0 la communaut\u00e9, l&#8217;utilisation de pipelines standardis\u00e9s pour l\u2019analyse de ces donn\u00e9es, et le d\u00e9veloppement de nouvelles m\u00e9thodes bioinformatiques et math\u00e9matiques pour r\u00e9pondre aux demandes de tous les acteurs impliqu\u00e9s dans la probl\u00e9matique de l\u2019antibior\u00e9sistance, \u00e0 savoir : laboratoires de microbiologie clinique et v\u00e9t\u00e9rinaire, instituts de surveillance et de sant\u00e9 publique, et chercheurs dans les secteurs humain, animal et environnement. Pour r\u00e9pondre \u00e0 ces objectifs ambitieux, un consortium multidisciplinaire de <strong>43 \u00e9quipes<\/strong> appartenant aux principaux organismes de recherche fran\u00e7ais a \u00e9t\u00e9 mis en place. Ces \u00e9quipes couvrent la diversit\u00e9 de la recherche sur l\u2019antibior\u00e9sistance dans les domaines cliniques et fondamentaux, et r\u00e9unissent toutes les comp\u00e9tences et expertises n\u00e9cessaires \u00e0 la construction de la plateforme <strong>ABRomics-PF<\/strong>, en informatique, bioinformatique, base de donn\u00e9es, architecture informatique et mod\u00e9lisation math\u00e9matique.<br>Le d\u00e9veloppement de <strong>ABRomics-PF<\/strong> s\u2019articule autour de <em>3 work packages<\/em> technologiques (infrastructure IT, bases de donn\u00e9es multiomiques int\u00e9gr\u00e9es et outils bioinformatiques) qui seront d\u00e9velopp\u00e9s dans le contexte de plusieurs cas d\u2019\u00e9tude sp\u00e9cifiques. <strong>ABRomics-PF<\/strong> augmentera l&#8217;accessibilit\u00e9 des ressources sur l\u2019antibior\u00e9sistance, leur archivage et les possibilit\u00e9s de leur exploitation. Cela permettra \u00e0 la fois d\u2019am\u00e9liorer la surveillance en France et de stimuler la recherche dans une approche trans-sectorielle.<\/p>\n<\/div><\/div>\n\n\n\n<div class=\"wp-block-pb-accordion-item c-accordion__item js-accordion-item no-js\" data-initially-open=\"false\" data-click-to-close=\"true\" data-auto-close=\"true\" data-scroll=\"false\" data-scroll-offset=\"0\" id=\"promise\"><h2 id=\"at-149711\" class=\"c-accordion__title js-accordion-controller\" role=\"button\">PROMISE &#8211; r\u00e9seau communautaire professionnel sur l\u2019antibior\u00e9sistance<\/h2><div id=\"ac-149711\" class=\"c-accordion__content\">\n<p><strong>Coordinateurs : <\/strong>Marie-C\u00e9cile PLOY, Bruno FRAN\u00c7OIS<br>\u00c9tablissements porteurs : Inserm UMR 1092, CHU et CIC1435 de Limoges<\/p>\n\n\n\n<p><strong>Partenaires :<\/strong> 30 r\u00e9seaux professionnels existants, 42 partenaires acad\u00e9miques et 2 nouveaux r\u00e9seaux professionnels<br><br><strong>Budget :<\/strong> 1,4 M\u20ac<\/p>\n\n\n\n<figure class=\"wp-block-image size-large\"><img decoding=\"async\" src=\"https:\/\/ppr-antibioresistance.inserm.fr\/wp-content\/uploads\/2021\/07\/projet-Promise-partenaires.svg\" alt=\"\" class=\"wp-image-14991\"\/><\/figure>\n\n\n\n<h3 class=\"wp-block-heading\">R\u00e9sum\u00e9 :<\/h3>\n\n\n\n<p>Les microbes ne connaissant pas de fronti\u00e8res, la r\u00e9sistance antimicrobienne (RAM) peut se d\u00e9placer librement d&#8217;un r\u00e9servoir \u00e0 l&#8217;autre et ne sera jamais contenue dans une r\u00e9gion g\u00e9ographique ou un pays. La lutte contre la RAM ne se limite pas \u00e0 l&#8217;utilisation appropri\u00e9e des antimicrobiens ; elle comprend \u00e9galement des actions visant \u00e0 r\u00e9duire l&#8217;impact n\u00e9gatif de l&#8217;utilisation des antimicrobiens sur l&#8217;environnement et la qualit\u00e9 de l&#8217;eau. Seule une approche <em>One Health<\/em> multisectorielle peut esp\u00e9rer limiter efficacement l\u2019\u00e9mergence des r\u00e9sistances.<br>En r\u00e9unissant les principaux acteurs fran\u00e7ais de la RAM <strong>(21 r\u00e9seaux professionnels<\/strong> existants et <strong>42 unit\u00e9s de recherche universitaire<\/strong> des secteurs animal, humain et environnement, l\u2019objectif du projet <strong>PROMISE<\/strong>, est de favoriser les synergies par la cr\u00e9ation d\u2019une communaut\u00e9 <em>One Health<\/em> permettant aux r\u00e9seaux\/\u00e9quipes acad\u00e9miques de partager les meilleures pratiques et leurs expertises, et de coordonner leur action.<br>L\u2019action de <strong>PROMISE <\/strong>repose sur <strong>4 piliers transdisciplinaires et intersectoriels : <\/strong>i) le renforcement des synergies pour am\u00e9liorer la surveillance <em>One Health<\/em> de la consommation d&#8217;antibiotiques et de la RAM, ii) le partage de donn\u00e9es pour am\u00e9liorer les connaissances des professionnels, iii) l\u2019am\u00e9lioration de la recherche clinique, iv) le rayonnement du m\u00e9ta-r\u00e9seau en Europe.<br>Pour y parvenir, <strong>PROMISE <\/strong>ambitionne notamment de cr\u00e9er un <strong>entrep\u00f4t de donn\u00e9es<\/strong> rassemblant des donn\u00e9es de surveillance issues des 3 secteurs qui permettra une meilleure compr\u00e9hension du risque \u00e9pid\u00e9mique et de renforcer les connaissances et comp\u00e9tences des professionnels du r\u00e9seau. <strong>PROMISE <\/strong>facilitera la structuration d&#8217;un <strong>nouveau r\u00e9seau<\/strong> d\u00e9di\u00e9 \u00e0 l&#8217;environnement, qui collaborera avec les r\u00e9seaux existants. Ces acteurs travaillent d\u00e9j\u00e0 sur le risque de diss\u00e9mination des pathog\u00e8nes\/RAM dans l&#8217;environnement, mais sans structuration. <strong>PROMISE <\/strong>servira \u00e9galement d&#8217;incubateur pour l&#8217;\u00e9mergence de r\u00e9seaux en permettant, \u00e0 travers un forum de discussion ouvert, de construire des ponts entre les diff\u00e9rentes communaut\u00e9s scientifiques. Enfin, <strong>PROMISE <\/strong>participera \u00e0 des activit\u00e9s de <strong>formation et de vulgarisation<\/strong> pour renforcer les pratiques <em>One Health<\/em> et sensibiliser au probl\u00e8me de l\u2019antibior\u00e9sistance.<br>En r\u00e9sum\u00e9, <strong>PROMISE<\/strong> propose d\u2019\u00e9tablir une collaboration multisectorielle fructueuse entre des acteurs travaillant en silo en les invitant \u00e0 partager les meilleures pratiques, les expertises, les m\u00e9thodologies afin d&#8217;acc\u00e9l\u00e9rer une recherche interdisciplinaire et coordonn\u00e9e sur la RAM.<\/p>\n<\/div><\/div>\n\n\n\n<div class=\"wp-block-pb-accordion-item c-accordion__item js-accordion-item no-js\" data-initially-open=\"false\" data-click-to-close=\"true\" data-auto-close=\"true\" data-scroll=\"false\" data-scroll-offset=\"0\" id=\"dosa\"><h2 id=\"at-149712\" class=\"c-accordion__title js-accordion-controller\" role=\"button\">DOSA &#8211; Observatoire num\u00e9rique des dimensions sociales de la r\u00e9sistance aux antimicrobiens<\/h2><div id=\"ac-149712\" class=\"c-accordion__content\">\n<p><strong>Coordinateur : <\/strong>Nicolas FORTANE<br>\u00c9tablissement porteur : Inrae CNRS UMR IRISSO, Universit\u00e9 Paris-Dauphine<\/p>\n\n\n\n<p><strong>5 \u00e9quipes partenaires :<\/strong> Sciences Po, T\u00e9l\u00e9com Paris Tech (IDF), Cirad (Montpellier) &amp; Pfizer France<br><br><strong>Budget :<\/strong> 600 k\u20ac<\/p>\n\n\n\n<figure class=\"wp-block-image size-large\"><img decoding=\"async\" src=\"https:\/\/ppr-antibioresistance.inserm.fr\/wp-content\/uploads\/2021\/07\/projet-Dosa-partenaires.svg\" alt=\"\" class=\"wp-image-14987\"\/><\/figure>\n\n\n\n<h3 class=\"wp-block-heading\">R\u00e9sum\u00e9 :<\/h3>\n\n\n\n<p><strong>DOSA<\/strong>, l&#8217;observatoire num\u00e9rique des dimensions sociales de la r\u00e9sistance aux antimicrobiens (RAM), a pour objectif<br>d&#8217;apporter des connaissances sur les pratiques, les discours et les normes li\u00e9s \u00e0 la RAM. Il est d\u00e9sormais reconnu que<br>les <strong>sciences humaines et sociales (SHS) <\/strong>autour de la RAM doivent se d\u00e9velopper pour mieux identifier et \u00e9valuer les<br>dimensions sociales, \u00e9conomiques et culturelles de l&#8217;usage des antibiotiques et ses cons\u00e9quences sur la sant\u00e9 humaine<br>et animale et sur l&#8217;environnement. <strong>DOSA <\/strong>vise \u00e0 stimuler cette dynamique en analysant des <strong>donn\u00e9es sociologiques<\/strong><br><strong>et num\u00e9riques<\/strong> qui n&#8217;ont jamais \u00e9t\u00e9 appr\u00e9hend\u00e9es auparavant, afin de structurer un r\u00e9seau d&#8217;expertise en SHS qui<br>pourrait s&#8217;engager dans des collaborations interdisciplinaires ou avec des parties prenantes. Tout d&#8217;abord, les activit\u00e9s<br>de veille strat\u00e9gique et les analyses computationnelles des espaces num\u00e9riques de la RAM fourniront des ressources<br>essentielles pour comprendre les aspects socio-culturels du probl\u00e8me ainsi que les <strong>controverses techniques et<br>scientifiques<\/strong> qui le structurent. En explorant les m\u00e9dias, les ar\u00e8nes scientifiques et les r\u00e9seaux sociaux dans toute leur<br>vari\u00e9t\u00e9, <strong>DOSA <\/strong>produira des donn\u00e9es capables de saisir les diff\u00e9rents cadres et exp\u00e9riences de la RAM. Ensuite, les<br>activit\u00e9s de communication et de diffusion mettront ces connaissances \u00e0 la disposition des communaut\u00e9s de recherche<br>disciplinaires et interdisciplinaires (en favorisant les interactions entre les SHS et les sciences biom\u00e9dicales et<br>v\u00e9t\u00e9rinaires), et encourageront l&#8217;utilisation prudente des antibiotiques parmi les diverses communaut\u00e9s (patients,<br>professionnels de la sant\u00e9, industries, etc.).<\/p>\n<\/div><\/div>\n\n\n\n<p><\/p>\n","protected":false},"excerpt":{"rendered":"<p>Ces trois projets sont une excellente opportunit\u00e9 pour structurer la recherche sur l\u2019antibior\u00e9sistance en m\u00e9tropole et dans les d\u00e9partements et territoires d\u2019outre-mer : d\u00e9veloppement d\u2019un portail commun permettant l\u2019interconnexion et l\u2019interop\u00e9rabilit\u00e9 des donn\u00e9es et des outils d\u2019analyses li\u00e9es \u00e0 la r\u00e9sistance antimicrobienne, regroupement des comp\u00e9tences professionnelles dans les trois secteurs humain, animal et environnement en [&hellip;]<\/p>\n","protected":false},"author":1,"featured_media":0,"parent":11019,"menu_order":2,"comment_status":"closed","ping_status":"closed","template":"","meta":{"footnotes":"","_links_to":"","_links_to_target":""},"acf":[],"yoast_head":"<!-- This site is optimized with the Yoast SEO plugin v22.8 - https:\/\/yoast.com\/wordpress\/plugins\/seo\/ -->\n<title>Action 2 - R\u00e9sultats des AAP structurants du PPR Antibior\u00e9sistance : 3 projets retenus - Interface nationale ANTIBIOR\u00c9SISTANCE<\/title>\n<meta name=\"robots\" content=\"index, follow, max-snippet:-1, max-image-preview:large, max-video-preview:-1\" \/>\n<link rel=\"canonical\" href=\"https:\/\/ppr-antibioresistance.inserm.fr\/fr\/projets-actions-soutenus\/action-2-resultats-des-aap-structurants-du-ppr-antibioresistance-3-projets-retenus\/\" \/>\n<meta property=\"og:locale\" content=\"fr_FR\" \/>\n<meta property=\"og:type\" content=\"article\" \/>\n<meta property=\"og:title\" content=\"Action 2 - R\u00e9sultats des AAP structurants du PPR Antibior\u00e9sistance : 3 projets retenus - Interface nationale ANTIBIOR\u00c9SISTANCE\" \/>\n<meta property=\"og:description\" content=\"Ces trois projets sont une excellente opportunit\u00e9 pour structurer la recherche sur l\u2019antibior\u00e9sistance en m\u00e9tropole et dans les d\u00e9partements et territoires d\u2019outre-mer : d\u00e9veloppement d\u2019un portail commun permettant l\u2019interconnexion et l\u2019interop\u00e9rabilit\u00e9 des donn\u00e9es et des outils d\u2019analyses li\u00e9es \u00e0 la r\u00e9sistance antimicrobienne, regroupement des comp\u00e9tences professionnelles dans les trois secteurs humain, animal et environnement en [&hellip;]\" \/>\n<meta property=\"og:url\" content=\"https:\/\/ppr-antibioresistance.inserm.fr\/fr\/projets-actions-soutenus\/action-2-resultats-des-aap-structurants-du-ppr-antibioresistance-3-projets-retenus\/\" \/>\n<meta property=\"og:site_name\" content=\"Interface nationale ANTIBIOR\u00c9SISTANCE\" \/>\n<meta property=\"article:modified_time\" content=\"2023-07-24T09:34:25+00:00\" \/>\n<meta property=\"og:image\" content=\"https:\/\/ppr-antibioresistance.inserm.fr\/wp-content\/uploads\/2021\/07\/projet-ABRomics-PF-partenaire.svg\" \/>\n<meta name=\"twitter:card\" content=\"summary_large_image\" \/>\n<meta name=\"twitter:label1\" content=\"Dur\u00e9e de lecture estim\u00e9e\" \/>\n\t<meta name=\"twitter:data1\" content=\"6 minutes\" \/>\n<script type=\"application\/ld+json\" class=\"yoast-schema-graph\">{\"@context\":\"https:\/\/schema.org\",\"@graph\":[{\"@type\":\"WebPage\",\"@id\":\"https:\/\/ppr-antibioresistance.inserm.fr\/fr\/projets-actions-soutenus\/action-2-resultats-des-aap-structurants-du-ppr-antibioresistance-3-projets-retenus\/\",\"url\":\"https:\/\/ppr-antibioresistance.inserm.fr\/fr\/projets-actions-soutenus\/action-2-resultats-des-aap-structurants-du-ppr-antibioresistance-3-projets-retenus\/\",\"name\":\"Action 2 - R\u00e9sultats des AAP structurants du PPR Antibior\u00e9sistance : 3 projets retenus - Interface nationale ANTIBIOR\u00c9SISTANCE\",\"isPartOf\":{\"@id\":\"https:\/\/ppr-antibioresistance.inserm.fr\/fr\/#website\"},\"primaryImageOfPage\":{\"@id\":\"https:\/\/ppr-antibioresistance.inserm.fr\/fr\/projets-actions-soutenus\/action-2-resultats-des-aap-structurants-du-ppr-antibioresistance-3-projets-retenus\/#primaryimage\"},\"image\":{\"@id\":\"https:\/\/ppr-antibioresistance.inserm.fr\/fr\/projets-actions-soutenus\/action-2-resultats-des-aap-structurants-du-ppr-antibioresistance-3-projets-retenus\/#primaryimage\"},\"thumbnailUrl\":\"https:\/\/ppr-antibioresistance.inserm.fr\/wp-content\/uploads\/2021\/07\/projet-ABRomics-PF-partenaire.svg\",\"datePublished\":\"2021-07-30T13:43:13+00:00\",\"dateModified\":\"2023-07-24T09:34:25+00:00\",\"breadcrumb\":{\"@id\":\"https:\/\/ppr-antibioresistance.inserm.fr\/fr\/projets-actions-soutenus\/action-2-resultats-des-aap-structurants-du-ppr-antibioresistance-3-projets-retenus\/#breadcrumb\"},\"inLanguage\":\"fr-FR\",\"potentialAction\":[{\"@type\":\"ReadAction\",\"target\":[\"https:\/\/ppr-antibioresistance.inserm.fr\/fr\/projets-actions-soutenus\/action-2-resultats-des-aap-structurants-du-ppr-antibioresistance-3-projets-retenus\/\"]}]},{\"@type\":\"ImageObject\",\"inLanguage\":\"fr-FR\",\"@id\":\"https:\/\/ppr-antibioresistance.inserm.fr\/fr\/projets-actions-soutenus\/action-2-resultats-des-aap-structurants-du-ppr-antibioresistance-3-projets-retenus\/#primaryimage\",\"url\":\"https:\/\/ppr-antibioresistance.inserm.fr\/wp-content\/uploads\/2021\/07\/projet-ABRomics-PF-partenaire.svg\",\"contentUrl\":\"https:\/\/ppr-antibioresistance.inserm.fr\/wp-content\/uploads\/2021\/07\/projet-ABRomics-PF-partenaire.svg\"},{\"@type\":\"BreadcrumbList\",\"@id\":\"https:\/\/ppr-antibioresistance.inserm.fr\/fr\/projets-actions-soutenus\/action-2-resultats-des-aap-structurants-du-ppr-antibioresistance-3-projets-retenus\/#breadcrumb\",\"itemListElement\":[{\"@type\":\"ListItem\",\"position\":1,\"name\":\"Accueil\",\"item\":\"https:\/\/ppr-antibioresistance.inserm.fr\/fr\/\"},{\"@type\":\"ListItem\",\"position\":2,\"name\":\"Projets et actions soutenus\",\"item\":\"https:\/\/ppr-antibioresistance.inserm.fr\/fr\/projets-actions-soutenus\/\"},{\"@type\":\"ListItem\",\"position\":3,\"name\":\"Action 2 &#8211; R\u00e9sultats des AAP structurants du PPR Antibior\u00e9sistance : 3 projets retenus\"}]},{\"@type\":\"WebSite\",\"@id\":\"https:\/\/ppr-antibioresistance.inserm.fr\/fr\/#website\",\"url\":\"https:\/\/ppr-antibioresistance.inserm.fr\/fr\/\",\"name\":\"Interface nationale ANTIBIOR\u00c9SISTANCE\",\"description\":\"PPR Antibior\u00e9sistance - Inserm\",\"publisher\":{\"@id\":\"https:\/\/ppr-antibioresistance.inserm.fr\/fr\/#organization\"},\"potentialAction\":[{\"@type\":\"SearchAction\",\"target\":{\"@type\":\"EntryPoint\",\"urlTemplate\":\"https:\/\/ppr-antibioresistance.inserm.fr\/fr\/?s={search_term_string}\"},\"query-input\":\"required name=search_term_string\"}],\"inLanguage\":\"fr-FR\"},{\"@type\":\"Organization\",\"@id\":\"https:\/\/ppr-antibioresistance.inserm.fr\/fr\/#organization\",\"name\":\"Inserm\",\"url\":\"https:\/\/ppr-antibioresistance.inserm.fr\/fr\/\",\"logo\":{\"@type\":\"ImageObject\",\"inLanguage\":\"fr-FR\",\"@id\":\"https:\/\/ppr-antibioresistance.inserm.fr\/fr\/#\/schema\/logo\/image\/\",\"url\":\"https:\/\/ppr-antibioresistance.inserm.fr\/wp-content\/uploads\/2020\/05\/logo-inserm-ppra.svg\",\"contentUrl\":\"https:\/\/ppr-antibioresistance.inserm.fr\/wp-content\/uploads\/2020\/05\/logo-inserm-ppra.svg\",\"width\":1,\"height\":1,\"caption\":\"Inserm\"},\"image\":{\"@id\":\"https:\/\/ppr-antibioresistance.inserm.fr\/fr\/#\/schema\/logo\/image\/\"}}]}<\/script>\n<!-- \/ Yoast SEO plugin. -->","yoast_head_json":{"title":"Action 2 - R\u00e9sultats des AAP structurants du PPR Antibior\u00e9sistance : 3 projets retenus - Interface nationale ANTIBIOR\u00c9SISTANCE","robots":{"index":"index","follow":"follow","max-snippet":"max-snippet:-1","max-image-preview":"max-image-preview:large","max-video-preview":"max-video-preview:-1"},"canonical":"https:\/\/ppr-antibioresistance.inserm.fr\/fr\/projets-actions-soutenus\/action-2-resultats-des-aap-structurants-du-ppr-antibioresistance-3-projets-retenus\/","og_locale":"fr_FR","og_type":"article","og_title":"Action 2 - R\u00e9sultats des AAP structurants du PPR Antibior\u00e9sistance : 3 projets retenus - Interface nationale ANTIBIOR\u00c9SISTANCE","og_description":"Ces trois projets sont une excellente opportunit\u00e9 pour structurer la recherche sur l\u2019antibior\u00e9sistance en m\u00e9tropole et dans les d\u00e9partements et territoires d\u2019outre-mer : d\u00e9veloppement d\u2019un portail commun permettant l\u2019interconnexion et l\u2019interop\u00e9rabilit\u00e9 des donn\u00e9es et des outils d\u2019analyses li\u00e9es \u00e0 la r\u00e9sistance antimicrobienne, regroupement des comp\u00e9tences professionnelles dans les trois secteurs humain, animal et environnement en [&hellip;]","og_url":"https:\/\/ppr-antibioresistance.inserm.fr\/fr\/projets-actions-soutenus\/action-2-resultats-des-aap-structurants-du-ppr-antibioresistance-3-projets-retenus\/","og_site_name":"Interface nationale ANTIBIOR\u00c9SISTANCE","article_modified_time":"2023-07-24T09:34:25+00:00","og_image":[{"url":"https:\/\/ppr-antibioresistance.inserm.fr\/wp-content\/uploads\/2021\/07\/projet-ABRomics-PF-partenaire.svg"}],"twitter_card":"summary_large_image","twitter_misc":{"Dur\u00e9e de lecture estim\u00e9e":"6 minutes"},"schema":{"@context":"https:\/\/schema.org","@graph":[{"@type":"WebPage","@id":"https:\/\/ppr-antibioresistance.inserm.fr\/fr\/projets-actions-soutenus\/action-2-resultats-des-aap-structurants-du-ppr-antibioresistance-3-projets-retenus\/","url":"https:\/\/ppr-antibioresistance.inserm.fr\/fr\/projets-actions-soutenus\/action-2-resultats-des-aap-structurants-du-ppr-antibioresistance-3-projets-retenus\/","name":"Action 2 - R\u00e9sultats des AAP structurants du PPR Antibior\u00e9sistance : 3 projets retenus - Interface nationale ANTIBIOR\u00c9SISTANCE","isPartOf":{"@id":"https:\/\/ppr-antibioresistance.inserm.fr\/fr\/#website"},"primaryImageOfPage":{"@id":"https:\/\/ppr-antibioresistance.inserm.fr\/fr\/projets-actions-soutenus\/action-2-resultats-des-aap-structurants-du-ppr-antibioresistance-3-projets-retenus\/#primaryimage"},"image":{"@id":"https:\/\/ppr-antibioresistance.inserm.fr\/fr\/projets-actions-soutenus\/action-2-resultats-des-aap-structurants-du-ppr-antibioresistance-3-projets-retenus\/#primaryimage"},"thumbnailUrl":"https:\/\/ppr-antibioresistance.inserm.fr\/wp-content\/uploads\/2021\/07\/projet-ABRomics-PF-partenaire.svg","datePublished":"2021-07-30T13:43:13+00:00","dateModified":"2023-07-24T09:34:25+00:00","breadcrumb":{"@id":"https:\/\/ppr-antibioresistance.inserm.fr\/fr\/projets-actions-soutenus\/action-2-resultats-des-aap-structurants-du-ppr-antibioresistance-3-projets-retenus\/#breadcrumb"},"inLanguage":"fr-FR","potentialAction":[{"@type":"ReadAction","target":["https:\/\/ppr-antibioresistance.inserm.fr\/fr\/projets-actions-soutenus\/action-2-resultats-des-aap-structurants-du-ppr-antibioresistance-3-projets-retenus\/"]}]},{"@type":"ImageObject","inLanguage":"fr-FR","@id":"https:\/\/ppr-antibioresistance.inserm.fr\/fr\/projets-actions-soutenus\/action-2-resultats-des-aap-structurants-du-ppr-antibioresistance-3-projets-retenus\/#primaryimage","url":"https:\/\/ppr-antibioresistance.inserm.fr\/wp-content\/uploads\/2021\/07\/projet-ABRomics-PF-partenaire.svg","contentUrl":"https:\/\/ppr-antibioresistance.inserm.fr\/wp-content\/uploads\/2021\/07\/projet-ABRomics-PF-partenaire.svg"},{"@type":"BreadcrumbList","@id":"https:\/\/ppr-antibioresistance.inserm.fr\/fr\/projets-actions-soutenus\/action-2-resultats-des-aap-structurants-du-ppr-antibioresistance-3-projets-retenus\/#breadcrumb","itemListElement":[{"@type":"ListItem","position":1,"name":"Accueil","item":"https:\/\/ppr-antibioresistance.inserm.fr\/fr\/"},{"@type":"ListItem","position":2,"name":"Projets et actions soutenus","item":"https:\/\/ppr-antibioresistance.inserm.fr\/fr\/projets-actions-soutenus\/"},{"@type":"ListItem","position":3,"name":"Action 2 &#8211; R\u00e9sultats des AAP structurants du PPR Antibior\u00e9sistance : 3 projets retenus"}]},{"@type":"WebSite","@id":"https:\/\/ppr-antibioresistance.inserm.fr\/fr\/#website","url":"https:\/\/ppr-antibioresistance.inserm.fr\/fr\/","name":"Interface nationale ANTIBIOR\u00c9SISTANCE","description":"PPR Antibior\u00e9sistance - Inserm","publisher":{"@id":"https:\/\/ppr-antibioresistance.inserm.fr\/fr\/#organization"},"potentialAction":[{"@type":"SearchAction","target":{"@type":"EntryPoint","urlTemplate":"https:\/\/ppr-antibioresistance.inserm.fr\/fr\/?s={search_term_string}"},"query-input":"required name=search_term_string"}],"inLanguage":"fr-FR"},{"@type":"Organization","@id":"https:\/\/ppr-antibioresistance.inserm.fr\/fr\/#organization","name":"Inserm","url":"https:\/\/ppr-antibioresistance.inserm.fr\/fr\/","logo":{"@type":"ImageObject","inLanguage":"fr-FR","@id":"https:\/\/ppr-antibioresistance.inserm.fr\/fr\/#\/schema\/logo\/image\/","url":"https:\/\/ppr-antibioresistance.inserm.fr\/wp-content\/uploads\/2020\/05\/logo-inserm-ppra.svg","contentUrl":"https:\/\/ppr-antibioresistance.inserm.fr\/wp-content\/uploads\/2020\/05\/logo-inserm-ppra.svg","width":1,"height":1,"caption":"Inserm"},"image":{"@id":"https:\/\/ppr-antibioresistance.inserm.fr\/fr\/#\/schema\/logo\/image\/"}}]}},"post_mailing_queue_ids":[],"_links":{"self":[{"href":"https:\/\/ppr-antibioresistance.inserm.fr\/fr\/wp-json\/wp\/v2\/pages\/14971"}],"collection":[{"href":"https:\/\/ppr-antibioresistance.inserm.fr\/fr\/wp-json\/wp\/v2\/pages"}],"about":[{"href":"https:\/\/ppr-antibioresistance.inserm.fr\/fr\/wp-json\/wp\/v2\/types\/page"}],"author":[{"embeddable":true,"href":"https:\/\/ppr-antibioresistance.inserm.fr\/fr\/wp-json\/wp\/v2\/users\/1"}],"replies":[{"embeddable":true,"href":"https:\/\/ppr-antibioresistance.inserm.fr\/fr\/wp-json\/wp\/v2\/comments?post=14971"}],"version-history":[{"count":9,"href":"https:\/\/ppr-antibioresistance.inserm.fr\/fr\/wp-json\/wp\/v2\/pages\/14971\/revisions"}],"predecessor-version":[{"id":28837,"href":"https:\/\/ppr-antibioresistance.inserm.fr\/fr\/wp-json\/wp\/v2\/pages\/14971\/revisions\/28837"}],"up":[{"embeddable":true,"href":"https:\/\/ppr-antibioresistance.inserm.fr\/fr\/wp-json\/wp\/v2\/pages\/11019"}],"wp:attachment":[{"href":"https:\/\/ppr-antibioresistance.inserm.fr\/fr\/wp-json\/wp\/v2\/media?parent=14971"}],"curies":[{"name":"wp","href":"https:\/\/api.w.org\/{rel}","templated":true}]}}