{"id":11173,"date":"2021-04-29T16:05:37","date_gmt":"2021-04-29T15:05:37","guid":{"rendered":"https:\/\/ppra2.inserm.dev-mlcom.net\/?page_id=11173"},"modified":"2025-10-23T11:54:18","modified_gmt":"2025-10-23T10:54:18","slug":"alertes-emails","status":"publish","type":"page","link":"https:\/\/ppr-antibioresistance.inserm.fr\/fr\/alertes-emails\/","title":{"rendered":"Lettres d&#8217;information"},"content":{"rendered":"\n<h2 class=\"wp-block-heading\" id=\"newsletter\">Lettres d&#8217;information<\/h2>\n\n\n\n<p>Abonnez-vous \u00e0 nos lettres d&#8217;information trimestrielles sur l&#8217;antibior\u00e9sistance.<\/p>\n\n\n\n<iframe data-w-type=\"embedded\" frameborder=\"0\" scrolling=\"no\" marginheight=\"0\" marginwidth=\"0\" src=\"https:\/\/5yil.mjt.lu\/wgt\/5yil\/03ns\/form?c=7f4b8f47\" width=\"100%\" style=\"height: 0;\"><\/iframe>\n\n<script type=\"text\/javascript\" src=\"https:\/\/app.mailjet.com\/pas-nc-embedded-v1.js\"><\/script>\n\n\n\n<hr class=\"wp-block-separator has-alpha-channel-opacity\"\/>\n\n\n\n<h2 class=\"wp-block-heading\" id=\"newsletters-archive\">\u00c9ditions pr\u00e9c\u00e9dentes de la lettre d&#8217;information<\/h2>\n\n\n\t\t<div data-elementor-type=\"section\" data-elementor-id=\"11409\" class=\"elementor elementor-11409\">\n\t\t\t\t\t<div class=\"elementor-section-wrap\">\n\t\t\t\t\t\t\t\t<section class=\"elementor-section elementor-top-section elementor-element elementor-element-5bb6480 elementor-section-full_width elementor-section-height-default elementor-section-height-default\" data-id=\"5bb6480\" data-element_type=\"section\">\n\t\t\t\t\t\t<div class=\"elementor-container elementor-column-gap-no\">\n\t\t\t\t\t<div class=\"elementor-column elementor-col-100 elementor-top-column elementor-element elementor-element-5d61397\" data-id=\"5d61397\" data-element_type=\"column\">\n\t\t\t<div class=\"elementor-widget-wrap elementor-element-populated\">\n\t\t\t\t\t\t<div class=\"dce-fix-background-loop elementor-element elementor-element-25cf644 elementor-widget elementor-widget-dce-views\" data-id=\"25cf644\" data-element_type=\"widget\" data-settings=\"{&quot;spaceBetween&quot;:0}\" data-widget_type=\"dce-views.default\">\n\t\t\t\t<div class=\"elementor-widget-container\">\n\t\t\t<div class=\"dce-view-results-wrapper\"><div class=\"dce-view-results\"><div class=\"dce-view-row elementor-row dce-view-grid  dce-flex dce-view-archive\"><div class=\"dce-view-col dce-view-single-wrapper dce-view-grid-element   dce-view-element dce-view-element-31230 elementor-column elementor-col-100\"><div class=\"elementor-column-wrap elementor-element-populated dce-view-single\"><div class=\"elementor-widget-wrap dce-block\"><div class=\"dce-view-field-post_title \"><div class=\"dce-view-field-value newsletter-title\"><h3><a href=\"https:\/\/5yil.mjt.lu\/nl3\/hmqsY45wPfug4gIJy-FeLQ?m=AXMAAIpohRAAAc43_SoAAjofPLMAAYCr0FwAKkkEAAVWbQBpZf7ZVKDhEly8QlmgYEvTAdo-5QAFHio&#038;b=29b83187&#038;e=81911295&#038;x=KMN8L3bubqJwg0ooJVCUyd494WdUks2qcVyFg271sR0\">Lettre d'information de Janvier 2026<\/a><\/h3><\/div><\/div><div class=\"dce-view-field-post_excerpt \"><div class=\"dce-view-field-value newsletter-content\"><\/div><\/div><div class=\"dce-view-field- \"><div class=\"dce-view-field-value newsletter-link\"><a href=\"https:\/\/5yil.mjt.lu\/nl3\/hmqsY45wPfug4gIJy-FeLQ?m=AXMAAIpohRAAAc43_SoAAjofPLMAAYCr0FwAKkkEAAVWbQBpZf7ZVKDhEly8QlmgYEvTAdo-5QAFHio&#038;b=29b83187&#038;e=81911295&#038;x=KMN8L3bubqJwg0ooJVCUyd494WdUks2qcVyFg271sR0\">Lire la lettre<\/a><\/div><\/div><\/div><\/div><\/div><div class=\"dce-view-col dce-view-single-wrapper dce-view-grid-element   dce-view-element dce-view-element-30683 elementor-column elementor-col-100\"><div class=\"elementor-column-wrap elementor-element-populated dce-view-single\"><div class=\"elementor-widget-wrap dce-block\"><div class=\"dce-view-field-post_title \"><div class=\"dce-view-field-value newsletter-title\"><h3><a href=\"https:\/\/5yil.mjt.lu\/nl3\/jG2LT_iu4XSIo1NPalUIqw?m=AW4AAHw659gAAc43opgAALAONMMAAYCr0FwAKkkEAAVWbQBoyQ44sq39Vci4THe4wo-nPpQ7mQAFHio&#038;b=5aa26ea9&#038;e=3b66fae6&#038;x=pbsXB5Au7kwHB2mY5T6ZQQ\">Lettre d\u2019information de Septembre 2025<\/a><\/h3><\/div><\/div><div class=\"dce-view-field-post_excerpt \"><div class=\"dce-view-field-value newsletter-content\"><\/div><\/div><div class=\"dce-view-field- \"><div class=\"dce-view-field-value newsletter-link\"><a href=\"https:\/\/5yil.mjt.lu\/nl3\/jG2LT_iu4XSIo1NPalUIqw?m=AW4AAHw659gAAc43opgAALAONMMAAYCr0FwAKkkEAAVWbQBoyQ44sq39Vci4THe4wo-nPpQ7mQAFHio&#038;b=5aa26ea9&#038;e=3b66fae6&#038;x=pbsXB5Au7kwHB2mY5T6ZQQ\">Lire la lettre<\/a><\/div><\/div><\/div><\/div><\/div><div class=\"dce-view-col dce-view-single-wrapper dce-view-grid-element   dce-view-element dce-view-element-30449 elementor-column elementor-col-100\"><div class=\"elementor-column-wrap elementor-element-populated dce-view-single\"><div class=\"elementor-widget-wrap dce-block\"><div class=\"dce-view-field-post_title \"><div class=\"dce-view-field-value newsletter-title\"><h3><a href=\"https:\/\/5yil.mjt.lu\/nl3\/RWTbgM6boMCKfFjXxE3xtQ?hl=fr\">Lettre d'information de Juin 2025<\/a><\/h3><\/div><\/div><div class=\"dce-view-field-post_excerpt \"><div class=\"dce-view-field-value newsletter-content\"><\/div><\/div><div class=\"dce-view-field- \"><div class=\"dce-view-field-value newsletter-link\"><a href=\"https:\/\/5yil.mjt.lu\/nl3\/RWTbgM6boMCKfFjXxE3xtQ?hl=fr\">Lire la lettre<\/a><\/div><\/div><\/div><\/div><\/div><div class=\"dce-view-col dce-view-single-wrapper dce-view-grid-element   dce-view-element dce-view-element-30065 elementor-column elementor-col-100\"><div class=\"elementor-column-wrap elementor-element-populated dce-view-single\"><div class=\"elementor-widget-wrap dce-block\"><div class=\"dce-view-field-post_title \"><div class=\"dce-view-field-value newsletter-title\"><h3><a href=\"https:\/\/5yil.mjt.lu\/nl3\/9l4cyAqBhG-8TncfKz3SFA?m=AWEAAF-PJPcAAc43BZ4AAjofPLMAAYCr0FwAKkkEAAVWbQBnnHKkrjEttROgS92L2JxG2BK0hAAFHio&#038;b=708748af&#038;e=b4e45813&#038;x=KMN8L3bubqJwg0ooJVCUyd494WdUks2qcVyFg271sR0\">Lettre d'information de Janvier 2025<\/a><\/h3><\/div><\/div><div class=\"dce-view-field-post_excerpt \"><div class=\"dce-view-field-value newsletter-content\"><\/div><\/div><div class=\"dce-view-field- \"><div class=\"dce-view-field-value newsletter-link\"><a href=\"https:\/\/5yil.mjt.lu\/nl3\/9l4cyAqBhG-8TncfKz3SFA?m=AWEAAF-PJPcAAc43BZ4AAjofPLMAAYCr0FwAKkkEAAVWbQBnnHKkrjEttROgS92L2JxG2BK0hAAFHio&#038;b=708748af&#038;e=b4e45813&#038;x=KMN8L3bubqJwg0ooJVCUyd494WdUks2qcVyFg271sR0\">Lire la lettre<\/a><\/div><\/div><\/div><\/div><\/div><div class=\"dce-view-col dce-view-single-wrapper dce-view-grid-element   dce-view-element dce-view-element-29809 elementor-column elementor-col-100\"><div class=\"elementor-column-wrap elementor-element-populated dce-view-single\"><div class=\"elementor-widget-wrap dce-block\"><div class=\"dce-view-field-post_title \"><div class=\"dce-view-field-value newsletter-title\"><h3><a href=\"https:\/\/5yil.mjt.lu\/nl3\/XxDWLog7XrgLAhoP-cqkbA?m=AAAAABShDUoAAAAAAAAAAQ0gTYgAAYCr0FwAAAAAAAVWbQBm5FUE_8NA00zqR5Kf0VDdNFm9awAFHio&#038;b=1ebff0d9&#038;e=b336ea04&#038;x=N7-9PxW68tvVD49tz4UhXw\">Lettre d'information de Septembre 2024<\/a><\/h3><\/div><\/div><div class=\"dce-view-field-post_excerpt \"><div class=\"dce-view-field-value newsletter-content\"><\/div><\/div><div class=\"dce-view-field- \"><div class=\"dce-view-field-value newsletter-link\"><a href=\"https:\/\/5yil.mjt.lu\/nl3\/XxDWLog7XrgLAhoP-cqkbA?m=AAAAABShDUoAAAAAAAAAAQ0gTYgAAYCr0FwAAAAAAAVWbQBm5FUE_8NA00zqR5Kf0VDdNFm9awAFHio&#038;b=1ebff0d9&#038;e=b336ea04&#038;x=N7-9PxW68tvVD49tz4UhXw\">Lire la lettre<\/a><\/div><\/div><\/div><\/div><\/div><div class=\"dce-view-col dce-view-single-wrapper dce-view-grid-element   dce-view-element dce-view-element-28475 elementor-column elementor-col-100\"><div class=\"elementor-column-wrap elementor-element-populated dce-view-single\"><div class=\"elementor-widget-wrap dce-block\"><div class=\"dce-view-field-post_title \"><div class=\"dce-view-field-value newsletter-title\"><h3><a href=\"https:\/\/5yil.mjt.lu\/nl3\/gff_fV-XML0IqgAdmbAwAA?m=AAAAAA3WpUgAAAAAAAAAAQ0d3BsAAYCr0FwAAAAAAAVWbQBklBHcQfamcifTQMy5ZSxIDGtfYAAFHio&#038;b=29716da1&#038;e=d91c862e&#038;x=SFDZV05bKxH-t1gOlJ0QNoGxE92jKmf0WKp0olgLIA0\">Lettre d'information de Juin 2023<\/a><\/h3><\/div><\/div><div class=\"dce-view-field-post_excerpt \"><div class=\"dce-view-field-value newsletter-content\"><\/div><\/div><div class=\"dce-view-field- \"><div class=\"dce-view-field-value newsletter-link\"><a href=\"https:\/\/5yil.mjt.lu\/nl3\/gff_fV-XML0IqgAdmbAwAA?m=AAAAAA3WpUgAAAAAAAAAAQ0d3BsAAYCr0FwAAAAAAAVWbQBklBHcQfamcifTQMy5ZSxIDGtfYAAFHio&#038;b=29716da1&#038;e=d91c862e&#038;x=SFDZV05bKxH-t1gOlJ0QNoGxE92jKmf0WKp0olgLIA0\">Lire la lettre<\/a><\/div><\/div><\/div><\/div><\/div><\/div><\/div><\/div>\t\t<\/div>\n\t\t\t\t<\/div>\n\t\t\t\t\t<\/div>\n\t\t<\/div>\n\t\t\t\t\t<\/div>\n\t\t<\/section>\n\t\t\t\t<section class=\"elementor-section elementor-top-section elementor-element elementor-element-f43d12d elementor-section-full_width elementor-section-height-default elementor-section-height-default\" data-id=\"f43d12d\" data-element_type=\"section\">\n\t\t\t\t\t\t<div class=\"elementor-container elementor-column-gap-no\">\n\t\t\t\t\t<div class=\"elementor-column elementor-col-100 elementor-top-column elementor-element elementor-element-95c85c3\" data-id=\"95c85c3\" data-element_type=\"column\">\n\t\t\t<div class=\"elementor-widget-wrap elementor-element-populated\">\n\t\t\t\t\t\t<div class=\"dce-fix-background-loop elementor-element elementor-element-9705a5e elementor-widget elementor-widget-dce-views\" data-id=\"9705a5e\" data-element_type=\"widget\" data-settings=\"{&quot;spaceBetween&quot;:0}\" data-widget_type=\"dce-views.default\">\n\t\t\t\t<div class=\"elementor-widget-container\">\n\t\t\t<div class=\"dce-view-results-wrapper\"><div class=\"dce-view-results\"><div class=\"dce-view-row elementor-row dce-view-grid  dce-flex dce-view-archive\"><div class=\"dce-view-col dce-view-single-wrapper dce-view-grid-element   dce-view-element dce-view-element-25555 elementor-column elementor-col-100\"><div class=\"elementor-column-wrap elementor-element-populated dce-view-single\"><div class=\"elementor-widget-wrap dce-block\"><div class=\"dce-view-field-post_title \"><div class=\"dce-view-field-value newsletter-title\"><h3><a href=\"https:\/\/ppr-antibioresistance.inserm.fr\/fr\/lettres-information\/lettre-dinformation-de-juillet-2022\/\">Lettre d'information de Juillet 2022<\/a><\/h3><\/div><\/div><div class=\"dce-view-field-post_excerpt \"><div class=\"dce-view-field-value newsletter-content\"><\/div><\/div><div class=\"dce-view-field- \"><div class=\"dce-view-field-value newsletter-link\"><a href=\"https:\/\/ppr-antibioresistance.inserm.fr\/fr\/lettres-information\/lettre-dinformation-de-juillet-2022\/\">Lire la lettre<\/a><\/div><\/div><\/div><\/div><\/div><div class=\"dce-view-col dce-view-single-wrapper dce-view-grid-element   dce-view-element dce-view-element-21415 elementor-column elementor-col-100\"><div class=\"elementor-column-wrap elementor-element-populated dce-view-single\"><div class=\"elementor-widget-wrap dce-block\"><div class=\"dce-view-field-post_title \"><div class=\"dce-view-field-value newsletter-title\"><h3><a href=\"https:\/\/ppr-antibioresistance.inserm.fr\/fr\/lettres-information\/lettre-dinformation-de-mars-2022\/\">Lettre d'information de Mars 2022<\/a><\/h3><\/div><\/div><div class=\"dce-view-field-post_excerpt \"><div class=\"dce-view-field-value newsletter-content\"><\/div><\/div><div class=\"dce-view-field- \"><div class=\"dce-view-field-value newsletter-link\"><a href=\"https:\/\/ppr-antibioresistance.inserm.fr\/fr\/lettres-information\/lettre-dinformation-de-mars-2022\/\">Lire la lettre<\/a><\/div><\/div><\/div><\/div><\/div><div class=\"dce-view-col dce-view-single-wrapper dce-view-grid-element   dce-view-element dce-view-element-16641 elementor-column elementor-col-100\"><div class=\"elementor-column-wrap elementor-element-populated dce-view-single\"><div class=\"elementor-widget-wrap dce-block\"><div class=\"dce-view-field-post_title \"><div class=\"dce-view-field-value newsletter-title\"><h3><a href=\"https:\/\/ppr-antibioresistance.inserm.fr\/fr\/lettres-information\/lettre-dinformation-de-septembre-2021\/\">Lettre d'information de Septembre 2021<\/a><\/h3><\/div><\/div><div class=\"dce-view-field-post_excerpt \"><div class=\"dce-view-field-value newsletter-content\"><\/div><\/div><div class=\"dce-view-field- \"><div class=\"dce-view-field-value newsletter-link\"><a href=\"https:\/\/ppr-antibioresistance.inserm.fr\/fr\/lettres-information\/lettre-dinformation-de-septembre-2021\/\">Lire la lettre<\/a><\/div><\/div><\/div><\/div><\/div><div class=\"dce-view-col dce-view-single-wrapper dce-view-grid-element   dce-view-element dce-view-element-11563 elementor-column elementor-col-100\"><div class=\"elementor-column-wrap elementor-element-populated dce-view-single\"><div class=\"elementor-widget-wrap dce-block\"><div class=\"dce-view-field-post_title \"><div class=\"dce-view-field-value newsletter-title\"><h3><a href=\"https:\/\/ppr-antibioresistance.inserm.fr\/fr\/lettres-information\/lettre-dinformation-de-mai-juin-2021\/\">Lettre d'information de Mai-Juin 2021<\/a><\/h3><\/div><\/div><div class=\"dce-view-field-post_excerpt \"><div class=\"dce-view-field-value newsletter-content\"><\/div><\/div><div class=\"dce-view-field- \"><div class=\"dce-view-field-value newsletter-link\"><a href=\"https:\/\/ppr-antibioresistance.inserm.fr\/fr\/lettres-information\/lettre-dinformation-de-mai-juin-2021\/\">Lire la lettre<\/a><\/div><\/div><\/div><\/div><\/div><\/div><\/div><\/div>\t\t<\/div>\n\t\t\t\t<\/div>\n\t\t\t\t\t<\/div>\n\t\t<\/div>\n\t\t\t\t\t<\/div>\n\t\t<\/section>\n\t\t\t\t\t\t\t<\/div>\n\t\t\t\t<\/div>\n\t\t\n","protected":false},"excerpt":{"rendered":"<p>Lettres d&#8217;information Abonnez-vous \u00e0 nos lettres d&#8217;information trimestrielles sur l&#8217;antibior\u00e9sistance. \u00c9ditions pr\u00e9c\u00e9dentes de la lettre d&#8217;information<\/p>\n","protected":false},"author":1,"featured_media":0,"parent":0,"menu_order":0,"comment_status":"closed","ping_status":"closed","template":"","meta":{"footnotes":"","_links_to":"","_links_to_target":""},"acf":[],"yoast_head":"<!-- This site is optimized with the Yoast SEO plugin v22.8 - https:\/\/yoast.com\/wordpress\/plugins\/seo\/ -->\n<title>Lettres d&#039;information - Interface nationale ANTIBIOR\u00c9SISTANCE<\/title>\n<meta name=\"robots\" content=\"index, follow, max-snippet:-1, max-image-preview:large, max-video-preview:-1\" \/>\n<link rel=\"canonical\" href=\"https:\/\/ppr-antibioresistance.inserm.fr\/fr\/alertes-emails\/\" \/>\n<meta property=\"og:locale\" content=\"fr_FR\" \/>\n<meta property=\"og:type\" content=\"article\" \/>\n<meta property=\"og:title\" content=\"Lettres d&#039;information - Interface nationale ANTIBIOR\u00c9SISTANCE\" \/>\n<meta property=\"og:description\" content=\"Lettres d&#8217;information Abonnez-vous \u00e0 nos lettres d&#8217;information trimestrielles sur l&#8217;antibior\u00e9sistance. \u00c9ditions pr\u00e9c\u00e9dentes de la lettre d&#8217;information\" \/>\n<meta property=\"og:url\" content=\"https:\/\/ppr-antibioresistance.inserm.fr\/fr\/alertes-emails\/\" \/>\n<meta property=\"og:site_name\" content=\"Interface nationale ANTIBIOR\u00c9SISTANCE\" \/>\n<meta property=\"article:modified_time\" content=\"2025-10-23T10:54:18+00:00\" \/>\n<meta name=\"twitter:card\" content=\"summary_large_image\" \/>\n<meta name=\"twitter:label1\" content=\"Dur\u00e9e de lecture estim\u00e9e\" \/>\n\t<meta name=\"twitter:data1\" content=\"1 minute\" \/>\n<script type=\"application\/ld+json\" class=\"yoast-schema-graph\">{\"@context\":\"https:\/\/schema.org\",\"@graph\":[{\"@type\":\"WebPage\",\"@id\":\"https:\/\/ppr-antibioresistance.inserm.fr\/fr\/alertes-emails\/\",\"url\":\"https:\/\/ppr-antibioresistance.inserm.fr\/fr\/alertes-emails\/\",\"name\":\"Lettres d'information - Interface nationale ANTIBIOR\u00c9SISTANCE\",\"isPartOf\":{\"@id\":\"https:\/\/ppr-antibioresistance.inserm.fr\/fr\/#website\"},\"datePublished\":\"2021-04-29T15:05:37+00:00\",\"dateModified\":\"2025-10-23T10:54:18+00:00\",\"breadcrumb\":{\"@id\":\"https:\/\/ppr-antibioresistance.inserm.fr\/fr\/alertes-emails\/#breadcrumb\"},\"inLanguage\":\"fr-FR\",\"potentialAction\":[{\"@type\":\"ReadAction\",\"target\":[\"https:\/\/ppr-antibioresistance.inserm.fr\/fr\/alertes-emails\/\"]}]},{\"@type\":\"BreadcrumbList\",\"@id\":\"https:\/\/ppr-antibioresistance.inserm.fr\/fr\/alertes-emails\/#breadcrumb\",\"itemListElement\":[{\"@type\":\"ListItem\",\"position\":1,\"name\":\"Accueil\",\"item\":\"https:\/\/ppr-antibioresistance.inserm.fr\/fr\/\"},{\"@type\":\"ListItem\",\"position\":2,\"name\":\"Lettres d&#8217;information\"}]},{\"@type\":\"WebSite\",\"@id\":\"https:\/\/ppr-antibioresistance.inserm.fr\/fr\/#website\",\"url\":\"https:\/\/ppr-antibioresistance.inserm.fr\/fr\/\",\"name\":\"Interface nationale ANTIBIOR\u00c9SISTANCE\",\"description\":\"PPR Antibior\u00e9sistance - Inserm\",\"publisher\":{\"@id\":\"https:\/\/ppr-antibioresistance.inserm.fr\/fr\/#organization\"},\"potentialAction\":[{\"@type\":\"SearchAction\",\"target\":{\"@type\":\"EntryPoint\",\"urlTemplate\":\"https:\/\/ppr-antibioresistance.inserm.fr\/fr\/?s={search_term_string}\"},\"query-input\":\"required name=search_term_string\"}],\"inLanguage\":\"fr-FR\"},{\"@type\":\"Organization\",\"@id\":\"https:\/\/ppr-antibioresistance.inserm.fr\/fr\/#organization\",\"name\":\"Inserm\",\"url\":\"https:\/\/ppr-antibioresistance.inserm.fr\/fr\/\",\"logo\":{\"@type\":\"ImageObject\",\"inLanguage\":\"fr-FR\",\"@id\":\"https:\/\/ppr-antibioresistance.inserm.fr\/fr\/#\/schema\/logo\/image\/\",\"url\":\"https:\/\/ppr-antibioresistance.inserm.fr\/wp-content\/uploads\/2020\/05\/logo-inserm-ppra.svg\",\"contentUrl\":\"https:\/\/ppr-antibioresistance.inserm.fr\/wp-content\/uploads\/2020\/05\/logo-inserm-ppra.svg\",\"width\":1,\"height\":1,\"caption\":\"Inserm\"},\"image\":{\"@id\":\"https:\/\/ppr-antibioresistance.inserm.fr\/fr\/#\/schema\/logo\/image\/\"}}]}<\/script>\n<!-- \/ Yoast SEO plugin. -->","yoast_head_json":{"title":"Lettres d'information - Interface nationale ANTIBIOR\u00c9SISTANCE","robots":{"index":"index","follow":"follow","max-snippet":"max-snippet:-1","max-image-preview":"max-image-preview:large","max-video-preview":"max-video-preview:-1"},"canonical":"https:\/\/ppr-antibioresistance.inserm.fr\/fr\/alertes-emails\/","og_locale":"fr_FR","og_type":"article","og_title":"Lettres d'information - Interface nationale ANTIBIOR\u00c9SISTANCE","og_description":"Lettres d&#8217;information Abonnez-vous \u00e0 nos lettres d&#8217;information trimestrielles sur l&#8217;antibior\u00e9sistance. \u00c9ditions pr\u00e9c\u00e9dentes de la lettre d&#8217;information","og_url":"https:\/\/ppr-antibioresistance.inserm.fr\/fr\/alertes-emails\/","og_site_name":"Interface nationale ANTIBIOR\u00c9SISTANCE","article_modified_time":"2025-10-23T10:54:18+00:00","twitter_card":"summary_large_image","twitter_misc":{"Dur\u00e9e de lecture estim\u00e9e":"1 minute"},"schema":{"@context":"https:\/\/schema.org","@graph":[{"@type":"WebPage","@id":"https:\/\/ppr-antibioresistance.inserm.fr\/fr\/alertes-emails\/","url":"https:\/\/ppr-antibioresistance.inserm.fr\/fr\/alertes-emails\/","name":"Lettres d'information - Interface nationale ANTIBIOR\u00c9SISTANCE","isPartOf":{"@id":"https:\/\/ppr-antibioresistance.inserm.fr\/fr\/#website"},"datePublished":"2021-04-29T15:05:37+00:00","dateModified":"2025-10-23T10:54:18+00:00","breadcrumb":{"@id":"https:\/\/ppr-antibioresistance.inserm.fr\/fr\/alertes-emails\/#breadcrumb"},"inLanguage":"fr-FR","potentialAction":[{"@type":"ReadAction","target":["https:\/\/ppr-antibioresistance.inserm.fr\/fr\/alertes-emails\/"]}]},{"@type":"BreadcrumbList","@id":"https:\/\/ppr-antibioresistance.inserm.fr\/fr\/alertes-emails\/#breadcrumb","itemListElement":[{"@type":"ListItem","position":1,"name":"Accueil","item":"https:\/\/ppr-antibioresistance.inserm.fr\/fr\/"},{"@type":"ListItem","position":2,"name":"Lettres d&#8217;information"}]},{"@type":"WebSite","@id":"https:\/\/ppr-antibioresistance.inserm.fr\/fr\/#website","url":"https:\/\/ppr-antibioresistance.inserm.fr\/fr\/","name":"Interface nationale ANTIBIOR\u00c9SISTANCE","description":"PPR Antibior\u00e9sistance - Inserm","publisher":{"@id":"https:\/\/ppr-antibioresistance.inserm.fr\/fr\/#organization"},"potentialAction":[{"@type":"SearchAction","target":{"@type":"EntryPoint","urlTemplate":"https:\/\/ppr-antibioresistance.inserm.fr\/fr\/?s={search_term_string}"},"query-input":"required name=search_term_string"}],"inLanguage":"fr-FR"},{"@type":"Organization","@id":"https:\/\/ppr-antibioresistance.inserm.fr\/fr\/#organization","name":"Inserm","url":"https:\/\/ppr-antibioresistance.inserm.fr\/fr\/","logo":{"@type":"ImageObject","inLanguage":"fr-FR","@id":"https:\/\/ppr-antibioresistance.inserm.fr\/fr\/#\/schema\/logo\/image\/","url":"https:\/\/ppr-antibioresistance.inserm.fr\/wp-content\/uploads\/2020\/05\/logo-inserm-ppra.svg","contentUrl":"https:\/\/ppr-antibioresistance.inserm.fr\/wp-content\/uploads\/2020\/05\/logo-inserm-ppra.svg","width":1,"height":1,"caption":"Inserm"},"image":{"@id":"https:\/\/ppr-antibioresistance.inserm.fr\/fr\/#\/schema\/logo\/image\/"}}]}},"post_mailing_queue_ids":[],"_links":{"self":[{"href":"https:\/\/ppr-antibioresistance.inserm.fr\/fr\/wp-json\/wp\/v2\/pages\/11173"}],"collection":[{"href":"https:\/\/ppr-antibioresistance.inserm.fr\/fr\/wp-json\/wp\/v2\/pages"}],"about":[{"href":"https:\/\/ppr-antibioresistance.inserm.fr\/fr\/wp-json\/wp\/v2\/types\/page"}],"author":[{"embeddable":true,"href":"https:\/\/ppr-antibioresistance.inserm.fr\/fr\/wp-json\/wp\/v2\/users\/1"}],"replies":[{"embeddable":true,"href":"https:\/\/ppr-antibioresistance.inserm.fr\/fr\/wp-json\/wp\/v2\/comments?post=11173"}],"version-history":[{"count":26,"href":"https:\/\/ppr-antibioresistance.inserm.fr\/fr\/wp-json\/wp\/v2\/pages\/11173\/revisions"}],"predecessor-version":[{"id":30904,"href":"https:\/\/ppr-antibioresistance.inserm.fr\/fr\/wp-json\/wp\/v2\/pages\/11173\/revisions\/30904"}],"wp:attachment":[{"href":"https:\/\/ppr-antibioresistance.inserm.fr\/fr\/wp-json\/wp\/v2\/media?parent=11173"}],"curies":[{"name":"wp","href":"https:\/\/api.w.org\/{rel}","templated":true}]}}