{"id":1368,"date":"2020-05-01T08:15:10","date_gmt":"2020-05-01T07:15:10","guid":{"rendered":"https:\/\/ppra.inserm.dev-mlcom.net\/mentions-legales\/"},"modified":"2021-04-22T21:19:20","modified_gmt":"2021-04-22T20:19:20","slug":"legal-notice","status":"publish","type":"page","link":"https:\/\/ppr-antibioresistance.inserm.fr\/en\/legal-notice\/","title":{"rendered":"Legal Notice"},"content":{"rendered":"\n<h2 class=\"wp-block-heading\">Editeur<\/h2>\n\n\n\n<p><strong>Le site Interface nationale ANTIBIOR\u00c9SISTANCE ppr-antibioresistance.inserm.fr est \u00e9dit\u00e9 par l\u2019Institut national de la sant\u00e9 et de la recherche m\u00e9dicale (Inserm)<\/strong>, \u00e9tablissement public national \u00e0 caract\u00e8re scientifique et technologique r\u00e9gi par le d\u00e9cret n\u00b083-75 relatif \u00e0 son organisation et \u00e0 son fonctionnement, dont le si\u00e8ge social est situ\u00e9 101 rue de Tolbiac, 75654 Paris cedex 13.<\/p>\n\n\n\n<p>T\u00e9l. + 33 (0)1 44 23 60 00<\/p>\n\n\n\n<p><a href=\"https:\/\/www.inserm.fr\/formulaire-de-contact\">Contact<\/a> &nbsp;: <a href=\"mailto:ppr-antibioresistance.i3m@inserm.fr\">ppr-antibioresistance.i3m@inserm.fr<\/a><\/p>\n\n\n\n<p><strong>Directeur de la publication&nbsp;: <\/strong>Gilles BLOCH, pr\u00e9sident-directeur g\u00e9n\u00e9ral de l&#8217;Inserm<\/p>\n\n\n\n<p><strong>Directrices adjointes de la publication :<\/strong><br>Marie-Paule KIENY, directrice du Programme prioritaire de recherche (PPR) Antibior\u00e9sistance<br><br>Evelyne JOUVIN-MARCHE, coordinatrice scientifique du Programme prioritaire de recherche (PPR) Antibior\u00e9sistance et directrice adjointe de l\u2019institut th\u00e9matique Inserm : Immunologie, inflammation, infectiologie, microbiologie<br><br><\/p>\n\n\n\n<h2 class=\"wp-block-heading\">H\u00e9bergement<\/h2>\n\n\n\n<p>L\u2019h\u00e9bergement du site est assur\u00e9 par l\u2019Inserm.<\/p>\n\n\n\n<p>D\u00e9partement du syst\u00e8me d\u2019information (DSI) de l\u2019Inserm,<\/p>\n\n\n\n<p>Biopark,<\/p>\n\n\n\n<p>13, rue Watt &#8211; 75013 Paris &#8211; France<\/p>\n\n\n\n<h2 class=\"wp-block-heading\">Conception et r\u00e9alisation<\/h2>\n\n\n\n<p>ML Com &nbsp;: <a href=\"http:\/\/www.mlcom.fr\">http:\/\/www.mlcom.fr<\/a><\/p>\n\n\n\n<h2 class=\"wp-block-heading\">Limitation de responsabilit\u00e9<\/h2>\n\n\n\n<p>L&#8217;acc\u00e8s au site peut \u00eatre interrompu \u00e0 tout moment, sans pr\u00e9avis, notamment en cas de force majeure, de maintenance, ou si l&#8217;Inserm d\u00e9cide de suspendre ou d&#8217;arr\u00eater la fourniture de ce service. L&#8217;obligation de fourniture du service se limite donc \u00e0 une obligation de moyens.<\/p>\n\n\n\n<p>Le site est r\u00e9gi par la loi fran\u00e7aise. Les utilisateurs \u00e9trangers acceptent formellement l&#8217;application de la loi fran\u00e7aise en visitant ce site et en utilisant tout ou partie des fonctionnalit\u00e9s du site.<\/p>\n\n\n\n<h2 class=\"wp-block-heading\">Contenu du site<\/h2>\n\n\n\n<p>L&#8217;Inserm s&#8217;efforce d&#8217;assurer au mieux de ses possibilit\u00e9s, l&#8217;exactitude et la mise \u00e0 jour des informations diffus\u00e9es, au moment de leur mise en ligne sur le site. Cependant, l&#8217;Inserm ne garantit en aucune fa\u00e7on l&#8217;exactitude, la pr\u00e9cision ou l&#8217;exhaustivit\u00e9 des informations mises \u00e0 disposition sur le site. Les informations pr\u00e9sentes sur le site sont non-contractuelles et peuvent \u00eatre modifi\u00e9es \u00e0 tout moment.<\/p>\n\n\n\n<h2 class=\"wp-block-heading\">Propri\u00e9t\u00e9 intellectuelle<\/h2>\n\n\n\n<p>La pr\u00e9sentation et le contenu du pr\u00e9sent site contiennent ou constituent des \u0153uvres ou des \u00e9l\u00e9ments prot\u00e9g\u00e9s selon les lois fran\u00e7aises et conventions internationales en vigueur sur la propri\u00e9t\u00e9 intellectuelle. Sont notamment prot\u00e9g\u00e9s les \u00e9l\u00e9ments constitutifs du pr\u00e9sent site notamment : nom de domaine, photographies, logos, charte graphique et graphiques, textes, r\u00e9sultats statistiques, syst\u00e8me d\u2019accr\u00e9ditation, applications sp\u00e9cifiquement d\u00e9velopp\u00e9es et leurs sources, base de donn\u00e9es, ainsi que l\u2019ensemble des informations de quelque nature que ce soit et sous quelque format existant ou \u00e0 venir \u2013 pages HTML statiques ou dynamiques, fichiers images, sons vid\u00e9o, etc.<\/p>\n\n\n\n<p>A ce titre, toute reproduction, repr\u00e9sentation, adaptation ou traduction partielle ou totale des diff\u00e9rentes \u0153uvres ou des diff\u00e9rents \u00e9l\u00e9ments du site, transfert sur un autre site ou incorporation dans un site tiers de tout ou partie du site, voire exploitation commerciale m\u00eame partielle des donn\u00e9es qui y sont pr\u00e9sent\u00e9es sont prohib\u00e9s et constitutifs de contrefa\u00e7on, sauf autorisation \u00e9crite et pr\u00e9alable accord\u00e9e par le ou les titulaires des droits sur ledit contenu.<\/p>\n\n\n\n<p>La copie \u00e0 usage priv\u00e9 des documents ou pages inh\u00e9rents au site sont cependant autoris\u00e9s conform\u00e9ment aux dispositions l\u00e9gales et r\u00e9glementaires fran\u00e7aises.<\/p>\n\n\n\n<p>Toute autre utilisation ou exploitation devra \u00eatre sollicit\u00e9e \u00e0 cette adresse&nbsp;: <a href=\"mailto:ppr-antibioresistance.i3m@inserm.fr\">ppr-antibioresistance.i3m@inserm.fr<\/a>. Les titulaires des droits sur les \u0153uvres et \u00e9l\u00e9ments pr\u00e9sents sur le site sont libres d\u2019acc\u00e9der \u00e0 la requ\u00eate.<\/p>\n\n\n\n<h2 class=\"wp-block-heading\">Politique de confidentialit\u00e9<\/h2>\n\n\n\n<p>Pour des informations sur la gestion des donn\u00e9es personnelles, veuillez consulter la <a href=\"https:\/\/ppr-antibioresistance.inserm.fr\/en\/privacy-policy\/\" target=\"_blank\" rel=\"noreferrer noopener\">politique de confidentialit\u00e9 du site<\/a>&nbsp; pr\u00e9sente en bas de chaque page du site.<\/p>\n","protected":false},"excerpt":{"rendered":"<p>Editeur Le site Interface nationale ANTIBIOR\u00c9SISTANCE ppr-antibioresistance.inserm.fr est \u00e9dit\u00e9 par l\u2019Institut national de la sant\u00e9 et de la recherche m\u00e9dicale (Inserm), \u00e9tablissement public national \u00e0 caract\u00e8re scientifique et technologique r\u00e9gi par le d\u00e9cret n\u00b083-75 relatif \u00e0 son organisation et \u00e0 son fonctionnement, dont le si\u00e8ge social est situ\u00e9 101 rue de Tolbiac, 75654 Paris cedex [&hellip;]<\/p>\n","protected":false},"author":1,"featured_media":0,"parent":0,"menu_order":0,"comment_status":"closed","ping_status":"closed","template":"","meta":{"footnotes":"","_links_to":"","_links_to_target":""},"acf":[],"yoast_head":"<!-- This site is optimized with the Yoast SEO plugin v22.8 - https:\/\/yoast.com\/wordpress\/plugins\/seo\/ -->\n<title>Legal Notice - French\u00a0National ANTIBIOTIC RESISTANCE Portal<\/title>\n<meta name=\"robots\" content=\"index, follow, max-snippet:-1, max-image-preview:large, max-video-preview:-1\" \/>\n<link rel=\"canonical\" href=\"https:\/\/ppr-antibioresistance.inserm.fr\/en\/legal-notice\/\" \/>\n<meta property=\"og:locale\" content=\"en_GB\" \/>\n<meta property=\"og:type\" content=\"article\" \/>\n<meta property=\"og:title\" content=\"Legal Notice - French\u00a0National ANTIBIOTIC RESISTANCE Portal\" \/>\n<meta property=\"og:description\" content=\"Editeur Le site Interface nationale ANTIBIOR\u00c9SISTANCE ppr-antibioresistance.inserm.fr est \u00e9dit\u00e9 par l\u2019Institut national de la sant\u00e9 et de la recherche m\u00e9dicale (Inserm), \u00e9tablissement public national \u00e0 caract\u00e8re scientifique et technologique r\u00e9gi par le d\u00e9cret n\u00b083-75 relatif \u00e0 son organisation et \u00e0 son fonctionnement, dont le si\u00e8ge social est situ\u00e9 101 rue de Tolbiac, 75654 Paris cedex [&hellip;]\" \/>\n<meta property=\"og:url\" content=\"https:\/\/ppr-antibioresistance.inserm.fr\/en\/legal-notice\/\" \/>\n<meta property=\"og:site_name\" content=\"French\u00a0National ANTIBIOTIC RESISTANCE Portal\" \/>\n<meta property=\"article:modified_time\" content=\"2021-04-22T20:19:20+00:00\" \/>\n<meta name=\"twitter:card\" content=\"summary_large_image\" \/>\n<meta name=\"twitter:label1\" content=\"Estimated reading time\" \/>\n\t<meta name=\"twitter:data1\" content=\"3 minutes\" \/>\n<script type=\"application\/ld+json\" class=\"yoast-schema-graph\">{\"@context\":\"https:\/\/schema.org\",\"@graph\":[{\"@type\":\"WebPage\",\"@id\":\"https:\/\/ppr-antibioresistance.inserm.fr\/en\/legal-notice\/\",\"url\":\"https:\/\/ppr-antibioresistance.inserm.fr\/en\/legal-notice\/\",\"name\":\"Legal Notice - French\u00a0National ANTIBIOTIC RESISTANCE Portal\",\"isPartOf\":{\"@id\":\"https:\/\/ppr-antibioresistance.inserm.fr\/en\/#website\"},\"datePublished\":\"2020-05-01T07:15:10+00:00\",\"dateModified\":\"2021-04-22T20:19:20+00:00\",\"breadcrumb\":{\"@id\":\"https:\/\/ppr-antibioresistance.inserm.fr\/en\/legal-notice\/#breadcrumb\"},\"inLanguage\":\"en-GB\",\"potentialAction\":[{\"@type\":\"ReadAction\",\"target\":[\"https:\/\/ppr-antibioresistance.inserm.fr\/en\/legal-notice\/\"]}]},{\"@type\":\"BreadcrumbList\",\"@id\":\"https:\/\/ppr-antibioresistance.inserm.fr\/en\/legal-notice\/#breadcrumb\",\"itemListElement\":[{\"@type\":\"ListItem\",\"position\":1,\"name\":\"Home\",\"item\":\"https:\/\/ppr-antibioresistance.inserm.fr\/en\/\"},{\"@type\":\"ListItem\",\"position\":2,\"name\":\"Legal Notice\"}]},{\"@type\":\"WebSite\",\"@id\":\"https:\/\/ppr-antibioresistance.inserm.fr\/en\/#website\",\"url\":\"https:\/\/ppr-antibioresistance.inserm.fr\/en\/\",\"name\":\"French\u00a0National ANTIBIOTIC RESISTANCE Portal\",\"description\":\"INSERM - From science to health\",\"publisher\":{\"@id\":\"https:\/\/ppr-antibioresistance.inserm.fr\/en\/#organization\"},\"potentialAction\":[{\"@type\":\"SearchAction\",\"target\":{\"@type\":\"EntryPoint\",\"urlTemplate\":\"https:\/\/ppr-antibioresistance.inserm.fr\/en\/?s={search_term_string}\"},\"query-input\":\"required name=search_term_string\"}],\"inLanguage\":\"en-GB\"},{\"@type\":\"Organization\",\"@id\":\"https:\/\/ppr-antibioresistance.inserm.fr\/en\/#organization\",\"name\":\"Inserm\",\"url\":\"https:\/\/ppr-antibioresistance.inserm.fr\/en\/\",\"logo\":{\"@type\":\"ImageObject\",\"inLanguage\":\"en-GB\",\"@id\":\"https:\/\/ppr-antibioresistance.inserm.fr\/en\/#\/schema\/logo\/image\/\",\"url\":\"https:\/\/ppr-antibioresistance.inserm.fr\/wp-content\/uploads\/2020\/05\/logo-inserm-ppra.svg\",\"contentUrl\":\"https:\/\/ppr-antibioresistance.inserm.fr\/wp-content\/uploads\/2020\/05\/logo-inserm-ppra.svg\",\"width\":1,\"height\":1,\"caption\":\"Inserm\"},\"image\":{\"@id\":\"https:\/\/ppr-antibioresistance.inserm.fr\/en\/#\/schema\/logo\/image\/\"}}]}<\/script>\n<!-- \/ Yoast SEO plugin. -->","yoast_head_json":{"title":"Legal Notice - French\u00a0National ANTIBIOTIC RESISTANCE Portal","robots":{"index":"index","follow":"follow","max-snippet":"max-snippet:-1","max-image-preview":"max-image-preview:large","max-video-preview":"max-video-preview:-1"},"canonical":"https:\/\/ppr-antibioresistance.inserm.fr\/en\/legal-notice\/","og_locale":"en_GB","og_type":"article","og_title":"Legal Notice - French\u00a0National ANTIBIOTIC RESISTANCE Portal","og_description":"Editeur Le site Interface nationale ANTIBIOR\u00c9SISTANCE ppr-antibioresistance.inserm.fr est \u00e9dit\u00e9 par l\u2019Institut national de la sant\u00e9 et de la recherche m\u00e9dicale (Inserm), \u00e9tablissement public national \u00e0 caract\u00e8re scientifique et technologique r\u00e9gi par le d\u00e9cret n\u00b083-75 relatif \u00e0 son organisation et \u00e0 son fonctionnement, dont le si\u00e8ge social est situ\u00e9 101 rue de Tolbiac, 75654 Paris cedex [&hellip;]","og_url":"https:\/\/ppr-antibioresistance.inserm.fr\/en\/legal-notice\/","og_site_name":"French\u00a0National ANTIBIOTIC RESISTANCE Portal","article_modified_time":"2021-04-22T20:19:20+00:00","twitter_card":"summary_large_image","twitter_misc":{"Estimated reading time":"3 minutes"},"schema":{"@context":"https:\/\/schema.org","@graph":[{"@type":"WebPage","@id":"https:\/\/ppr-antibioresistance.inserm.fr\/en\/legal-notice\/","url":"https:\/\/ppr-antibioresistance.inserm.fr\/en\/legal-notice\/","name":"Legal Notice - French\u00a0National ANTIBIOTIC RESISTANCE Portal","isPartOf":{"@id":"https:\/\/ppr-antibioresistance.inserm.fr\/en\/#website"},"datePublished":"2020-05-01T07:15:10+00:00","dateModified":"2021-04-22T20:19:20+00:00","breadcrumb":{"@id":"https:\/\/ppr-antibioresistance.inserm.fr\/en\/legal-notice\/#breadcrumb"},"inLanguage":"en-GB","potentialAction":[{"@type":"ReadAction","target":["https:\/\/ppr-antibioresistance.inserm.fr\/en\/legal-notice\/"]}]},{"@type":"BreadcrumbList","@id":"https:\/\/ppr-antibioresistance.inserm.fr\/en\/legal-notice\/#breadcrumb","itemListElement":[{"@type":"ListItem","position":1,"name":"Home","item":"https:\/\/ppr-antibioresistance.inserm.fr\/en\/"},{"@type":"ListItem","position":2,"name":"Legal Notice"}]},{"@type":"WebSite","@id":"https:\/\/ppr-antibioresistance.inserm.fr\/en\/#website","url":"https:\/\/ppr-antibioresistance.inserm.fr\/en\/","name":"French\u00a0National ANTIBIOTIC RESISTANCE Portal","description":"INSERM - From science to health","publisher":{"@id":"https:\/\/ppr-antibioresistance.inserm.fr\/en\/#organization"},"potentialAction":[{"@type":"SearchAction","target":{"@type":"EntryPoint","urlTemplate":"https:\/\/ppr-antibioresistance.inserm.fr\/en\/?s={search_term_string}"},"query-input":"required name=search_term_string"}],"inLanguage":"en-GB"},{"@type":"Organization","@id":"https:\/\/ppr-antibioresistance.inserm.fr\/en\/#organization","name":"Inserm","url":"https:\/\/ppr-antibioresistance.inserm.fr\/en\/","logo":{"@type":"ImageObject","inLanguage":"en-GB","@id":"https:\/\/ppr-antibioresistance.inserm.fr\/en\/#\/schema\/logo\/image\/","url":"https:\/\/ppr-antibioresistance.inserm.fr\/wp-content\/uploads\/2020\/05\/logo-inserm-ppra.svg","contentUrl":"https:\/\/ppr-antibioresistance.inserm.fr\/wp-content\/uploads\/2020\/05\/logo-inserm-ppra.svg","width":1,"height":1,"caption":"Inserm"},"image":{"@id":"https:\/\/ppr-antibioresistance.inserm.fr\/en\/#\/schema\/logo\/image\/"}}]}},"post_mailing_queue_ids":[],"_links":{"self":[{"href":"https:\/\/ppr-antibioresistance.inserm.fr\/en\/wp-json\/wp\/v2\/pages\/1368"}],"collection":[{"href":"https:\/\/ppr-antibioresistance.inserm.fr\/en\/wp-json\/wp\/v2\/pages"}],"about":[{"href":"https:\/\/ppr-antibioresistance.inserm.fr\/en\/wp-json\/wp\/v2\/types\/page"}],"author":[{"embeddable":true,"href":"https:\/\/ppr-antibioresistance.inserm.fr\/en\/wp-json\/wp\/v2\/users\/1"}],"replies":[{"embeddable":true,"href":"https:\/\/ppr-antibioresistance.inserm.fr\/en\/wp-json\/wp\/v2\/comments?post=1368"}],"version-history":[{"count":12,"href":"https:\/\/ppr-antibioresistance.inserm.fr\/en\/wp-json\/wp\/v2\/pages\/1368\/revisions"}],"predecessor-version":[{"id":10759,"href":"https:\/\/ppr-antibioresistance.inserm.fr\/en\/wp-json\/wp\/v2\/pages\/1368\/revisions\/10759"}],"wp:attachment":[{"href":"https:\/\/ppr-antibioresistance.inserm.fr\/en\/wp-json\/wp\/v2\/media?parent=1368"}],"curies":[{"name":"wp","href":"https:\/\/api.w.org\/{rel}","templated":true}]}}