{"id":10770,"date":"2020-06-29T15:29:57","date_gmt":"2020-06-29T14:29:57","guid":{"rendered":"https:\/\/ppra2.inserm.dev-mlcom.net\/?page_id=10770"},"modified":"2021-04-22T21:41:07","modified_gmt":"2021-04-22T20:41:07","slug":"privacy-policy","status":"publish","type":"page","link":"https:\/\/ppr-antibioresistance.inserm.fr\/en\/privacy-policy\/","title":{"rendered":"Privacy Policy"},"content":{"rendered":"\n<p>Cette politique de confidentialit\u00e9 compl\u00e8te les mentions l\u00e9gales du site Interface nationale ANTIBIOR\u00c9SISTANCE <a href=\"https:\/\/ppr-antibioresistance.inserm.fr\">https:\/\/ppr-antibioresistance.inserm.fr<\/a>.<\/p>\n\n\n\n<p>Pour les besoin du site Interface nationale ANTIBIOR\u00c9SISTANCE <a href=\"https:\/\/ppr-antibioresistance.inserm.fr\">https:\/\/ppr-antibioresistance.inserm.fr<\/a>, un traitement de donn\u00e9es \u00e0 caract\u00e8re personnel est mis en \u0153uvre.<\/p>\n\n\n\n<p>En application de l\u2019article 4 du r\u00e8glement g\u00e9n\u00e9ral sur la protection des donn\u00e9es, on entend par&nbsp;:<\/p>\n\n\n\n<p>\u00abdonn\u00e9es \u00e0 caract\u00e8re personnel\u00bb, toute information se rapportant \u00e0 une personne physique identifi\u00e9e ou identifiable (ci-apr\u00e8s d\u00e9nomm\u00e9e \u00abpersonne concern\u00e9e\u00bb); est r\u00e9put\u00e9e \u00eatre une \u00abpersonne physique identifiable\u00bb une personne physique qui peut \u00eatre identifi\u00e9e, directement ou indirectement, notamment par r\u00e9f\u00e9rence \u00e0 un identifiant, tel qu&#8217;un nom, un num\u00e9ro d&#8217;identification, des donn\u00e9es de localisation, un identifiant en ligne, ou \u00e0 un ou plusieurs \u00e9l\u00e9ments sp\u00e9cifiques propres \u00e0 son identit\u00e9 physique, physiologique, g\u00e9n\u00e9tique, psychique, \u00e9conomique, culturelle ou sociale;<\/p>\n\n\n\n<p>\u00abtraitement\u00bb, toute op\u00e9ration ou tout ensemble d&#8217;op\u00e9rations effectu\u00e9es ou non \u00e0 l&#8217;aide de proc\u00e9d\u00e9s automatis\u00e9s et appliqu\u00e9es \u00e0 des donn\u00e9es ou des ensembles de donn\u00e9es \u00e0 caract\u00e8re personnel, telles que la collecte, l&#8217;enregistrement, l&#8217;organisation, la structuration, la conservation, l&#8217;adaptation ou la modification, l&#8217;extraction, la consultation, l&#8217;utilisation, la communication par transmission, la diffusion ou toute autre forme de mise \u00e0 disposition, le rapprochement ou l&#8217;interconnexion, la limitation, l&#8217;effacement ou la destruction;<\/p>\n\n\n\n<h2 class=\"wp-block-heading\">Qui est responsable du traitement des donn\u00e9es \u00e0 caract\u00e8re personnel ?<\/h2>\n\n\n\n<p>L\u2019Institut national de la sant\u00e9 et de la recherche m\u00e9dicale (Inserm), \u00e9tablissement public national \u00e0 caract\u00e8re scientifique et technologique, r\u00e9gi par le d\u00e9cret n\u00b083-75 relatif \u00e0 son organisation et \u00e0 son fonctionnement, dont le si\u00e8ge social est situ\u00e9 101 rue de Tolbiac, 75654 Paris cedex 13, est le responsable du traitement des donn\u00e9es \u00e0 caract\u00e8re personnel mis en \u0153uvre dans le cadre de l\u2019Interface nationale ANTIBIOR\u00c9SISTANCE. Le repr\u00e9sentant l\u00e9gal de l\u2019Inserm est son Pr\u00e9sident directeur g\u00e9n\u00e9ral, Gilles BLOCH.<\/p>\n\n\n\n<p>Les coordonn\u00e9es du responsable du traitement sont :<\/p>\n\n\n\n<p>Inserm, Pr\u00e9sident directeur g\u00e9n\u00e9ral, 101 Rue de Tolbiac 75654 Paris Cedex 13 ou <a href=\"mailto:ppr-antibioresistance.i3m@inserm.fr\">ppr-antibioresistance.i3m@inserm.fr<\/a><\/p>\n\n\n\n<p>Les coordonn\u00e9es du d\u00e9l\u00e9gu\u00e9 \u00e0 la protection des donn\u00e9es sont :<\/p>\n\n\n\n<p>Inserm, d\u00e9l\u00e9gu\u00e9e \u00e0 la protection des donn\u00e9es, 101 rue de Tolbiac 75654 Paris Cedex 13 ou <a href=\"mailto:dpd@inserm.fr\">dpd@inserm.fr<\/a> ou <a href=\"mailto:dpo@inserm.fr\">dpo@inserm.fr<\/a><\/p>\n\n\n\n<p>L&#8217;Institut national de la sant\u00e9 et de la recherche m\u00e9dicale a pour missions :<\/p>\n\n\n\n<p>a) D&#8217;encourager, d&#8217;entreprendre, de d\u00e9velopper, de coordonner et d&#8217;organiser \u00e0 moyen et long terme, \u00e0 son initiative ou \u00e0 la demande des pouvoirs publics, tous travaux de recherche ayant pour objectifs :<\/p>\n\n\n\n<ul><li>dans le champ des sciences de la vie et de la sant\u00e9 et dans les disciplines qui concourent au progr\u00e8s sanitaire et m\u00e9dical, l&#8217;acquisition et le d\u00e9veloppement des connaissances qui portent sur la sant\u00e9 de l&#8217;homme et les facteurs qui la conditionnent, sous leurs aspects individuels et collectifs, et dans leurs composantes physiques, mentales et sociales ;<\/li><li>la d\u00e9couverte et l&#8217;\u00e9valuation de tous moyens d&#8217;intervention tendant \u00e0 pr\u00e9venir, \u00e0 diagnostiquer et \u00e0 traiter les maladies ou leurs cons\u00e9quences et \u00e0 am\u00e9liorer l&#8217;\u00e9tat de sant\u00e9 de la population ;<\/li><\/ul>\n\n\n\n<p>b) De contribuer, dans les conditions d\u00e9termin\u00e9es par le code de la recherche, \u00e0 la valorisation des r\u00e9sultats des recherches qu&#8217;il m\u00e8ne ou qu&#8217;il organise ;<\/p>\n\n\n\n<p>c) De recueillir et de centraliser les informations relevant de son champ d&#8217;activit\u00e9, de tenir le Gouvernement et les pouvoirs publics inform\u00e9s des connaissances acquises et de contribuer ainsi \u00e0 la veille scientifique et \u00e0 l&#8217;\u00e9laboration de la politique nationale de la recherche et de la sant\u00e9 dans les domaines relevant de sa comp\u00e9tence ;<\/p>\n\n\n\n<p>d) De favoriser la publication de tous travaux et \u00e9tudes se rapportant \u00e0 ses activit\u00e9s propres et \u00e0 celles qu&#8217;il organise, de contribuer \u00e0 la diffusion nationale et internationale de la connaissance scientifique et technique ;<\/p>\n\n\n\n<p>e) D&#8217;apporter son concours \u00e0 l&#8217;enseignement sup\u00e9rieur et \u00e0 la formation \u00e0 la recherche et par la recherche dans les domaines de sa comp\u00e9tence ;<\/p>\n\n\n\n<p>f) De r\u00e9aliser ou de contribuer \u00e0 la r\u00e9alisation d&#8217;expertises scientifiques.<\/p>\n\n\n\n<h2 class=\"wp-block-heading\">Quel est la base juridique du traitement&nbsp;?<\/h2>\n\n\n\n<p>Le traitement mis en \u0153uvre dans le cadre du site Interface nationale ANTIBIOR\u00c9SISTANCE <a href=\"https:\/\/ppr-antibioresistance.inserm.fr\">https:\/\/ppr-antibioresistance.inserm.fr<\/a> est n\u00e9cessaire \u00e0 l&#8217;ex\u00e9cution d&#8217;une mission d&#8217;int\u00e9r\u00eat public ou relevant de l&#8217;exercice de l&#8217;autorit\u00e9 publique dont est investi le responsable du traitement.<\/p>\n\n\n\n<p>Quels sont les donn\u00e9es collect\u00e9es et comment utilisons-nous les donn\u00e9es \u00e0 caract\u00e8re personnel ?<\/p>\n\n\n\n<p>Lorsque vous avez besoin de vous enregistrer pour utiliser ce site Interface nationale ANTIBIOR\u00c9SISTANCE <a href=\"https:\/\/ppr-antibioresistance.inserm.fr\">https:\/\/ppr-antibioresistance.inserm.fr<\/a>, renseigner un formulaire en ligne pr\u00e9sent sur le site, ou nous envoyer un e-mail (par exemple pour acc\u00e9der au portail collaboratif priv\u00e9, publier des informations et communications ou encore de la veille scientifique), nous devons pour des raisons de s\u00e9curisation et de fonctionnement recueillir, utiliser et stocker des donn\u00e9es \u00e0 caract\u00e8re personnel qui vous concernent telles que :<\/p>\n\n\n\n<ul><li>Pr\u00e9nom et nom<\/li><li>Adresse \u00e9lectronique professionnelle<\/li><li>Adresse<\/li><li>Profession<\/li><li>Pays de r\u00e9sidence<\/li><li>Et toute autre donn\u00e9e \u00e0 caract\u00e8re personnel que vous choisissez de nous fournir<\/li><\/ul>\n\n\n\n<p>Ces informations sont communiqu\u00e9es par vous. Nous les utiliserons dans le cadre de nos int\u00e9r\u00eats l\u00e9gitimes pour g\u00e9rer le site web Interface nationale ANTIBIOR\u00c9SISTANCE, vous enregistrer pour tous les services auxquels vous vous \u00eates inscrits et r\u00e9pondre \u00e0 toutes vos demandes d\u2019informations. En l\u2019absence de communication de ces informations, il ne sera pas possible de r\u00e9pondre \u00e0 vos interrogations ou de vous fournir de service.<\/p>\n\n\n\n<h2 class=\"wp-block-heading\">Traitement ult\u00e9rieur des donn\u00e9es<\/h2>\n\n\n\n<p>Lorsque le responsable du traitement a l&#8217;intention d&#8217;effectuer un traitement ult\u00e9rieur des donn\u00e9es \u00e0 caract\u00e8re personnel pour une finalit\u00e9 autre que celle pour laquelle les donn\u00e9es \u00e0 caract\u00e8re personnel ont \u00e9t\u00e9 collect\u00e9es, le responsable du traitement fournira au pr\u00e9alable \u00e0 la personne concern\u00e9e les informations pertinentes au sujet de cette autre finalit\u00e9.<\/p>\n\n\n\n<h2 class=\"wp-block-heading\">Qui peut acc\u00e9der aux donn\u00e9es \u00e0 caract\u00e8re personnel ?<\/h2>\n\n\n\n<p>Les destinataires des donn\u00e9es sont les services de l\u2019Inserm, y compris ses personnels ou les personnes que l\u2019Inserm a limitativement d\u00e9sign\u00e9es en charge de la gestion de l\u2019Interface nationale ANTIBIORESISTANCE et les \u00e9ventuels prestataires que l\u2019Inserm pourrait solliciter et avec lequel il aurait d\u00fbment contractualis\u00e9 pour les besoins du fonctionnement du site et qui auraient besoin d\u2018avoir acc\u00e8s \u00e0 ces donn\u00e9es.<\/p>\n\n\n\n<p>Les sous-traitants en question sont soumis \u00e0 une obligation de confidentialit\u00e9 et ne peuvent utiliser vos donn\u00e9es qu&#8217;en conformit\u00e9 avec nos dispositions contractuelles et la l\u00e9gislation applicable.<\/p>\n\n\n\n<p>Ses sous-traitants peuvent \u00eatre, non limitativement &nbsp;des prestataires informatiques dans le cadre de d\u00e9veloppement du syst\u00e8me et d\u2019assistance technique li\u00e9s au site web Interface nationale ANTIBIOR\u00c9SISTANCE.<\/p>\n\n\n\n<p>L\u2019Inserm ne c\u00e8de aucunes donn\u00e9es personnelles \u00e0 des tiers<\/p>\n\n\n\n<h2 class=\"wp-block-heading\">Dur\u00e9e de conservation<\/h2>\n\n\n\n<p>L\u2019Inserm conserve les donn\u00e9es pendant au minimum la dur\u00e9e du Programme prioritaire de recherche Antibior\u00e9sistance soit dix ans, et au maximum, les cinq ann\u00e9es suivant la fin du programme.<\/p>\n\n\n\n<h2 class=\"wp-block-heading\">Protection de vos donn\u00e9es<\/h2>\n\n\n\n<p>L\u2019Inserm met en \u0153uvre des politiques appropri\u00e9es en mati\u00e8re de confidentialit\u00e9 et de s\u00e9curit\u00e9 num\u00e9rique qui visent \u00e0 assurer, autant que raisonnablement possible, la s\u00e9curit\u00e9 et l\u2019int\u00e9grit\u00e9 de tous nos renseignements, y compris les donn\u00e9es personnelles qui peuvent lui \u00eatre confi\u00e9es.<\/p>\n\n\n\n<h2 class=\"wp-block-heading\">Transfert de donn\u00e9es personnelles \u00e0 destination d&#8217;un Etat non membre de l&#8217;Union europ\u00e9enne<\/h2>\n\n\n\n<p>Aucun transfert de donn\u00e9es \u00e0 caract\u00e8re personnelles n\u2019est effectu\u00e9 vers un Etat non membre de l\u2019Union Europ\u00e9enne.<\/p>\n\n\n\n<h2 class=\"wp-block-heading\">Ne plus recevoir de communication de notre part<\/h2>\n\n\n\n<p>Si vous avez choisi de recevoir des informations concernant le Programme prioritaire de recherche antibior\u00e9sistance ou l\u2019Interface nationale Antibior\u00e9sistance,&nbsp;et que vous souhaitez vous d\u00e9sinscrire pour ne plus recevoir ces informations, vous pouvez alors envoyer un e-mail \u00e0 <a href=\"mailto:ppr-antibioresistance.i3m@inserm.fr\">ppr-antibioresistance.i3m@inserm.fr<\/a>.<\/p>\n\n\n\n<h2 class=\"wp-block-heading\">Vos droits<\/h2>\n\n\n\n<p>Vous disposez d\u2019un droit d\u2019acc\u00e8s, de rectification et d\u2019effacement des donn\u00e9es vous concernant selon les conditions et modalit\u00e9s pr\u00e9vues par la r\u00e8glementation en vigueur. Ces droits peuvent \u00eatre exerc\u00e9s aupr\u00e8s du responsable du traitement ou du d\u00e9l\u00e9gu\u00e9 \u00e0 la protection des donn\u00e9es aux coordonn\u00e9es ci-avant mentionn\u00e9es.<\/p>\n\n\n\n<p>Vous disposez \u00e9galement du droit d&#8217;introduire une r\u00e9clamation concernant le traitement aupr\u00e8s de la Commission Nationale de l\u2019Informatique et des Libert\u00e9s.<\/p>\n\n\n\n<p>Vous vous engagez en collectant des donn\u00e9es aupr\u00e8s de tiers \u00e0 les informer du pr\u00e9sent traitement et des droits dont le tiers dispose en vertu de la r\u00e8glementation applicable.<\/p>\n\n\n\n<h2 class=\"wp-block-heading\">Cookies<\/h2>\n\n\n\n<p>Afin d\u2019am\u00e9liorer le contenu, la mise en page et les fonctionnalit\u00e9s de ce site web Interface nationale ANTIBIOR\u00c9SISTANCE, nous pouvons \u00eatre amen\u00e9s \u00e0 recueillir des informations sur la fa\u00e7on dont les internautes, sans identifier les individus, utilisent le site en s\u2019appuyant sur l\u2019outil de statistiques <em>Open source<\/em> Matomo via par exemple des cookies ou d\u2019autres technologies analogues.<\/p>\n\n\n\n<p>Les cookies se distinguent en deux cat\u00e9gories&nbsp;: les cookies techniques, permettant d&#8217;optimiser les pr\u00e9f\u00e9rences de consultation de l\u2019utilisateur et de faciliter la navigation pendant une session, et les cookies d\u2019audience, permettant de mieux connaitre les attentes des utilisateurs afin d&#8217;am\u00e9liorer l&#8217;usage, les parcours et les fonctionnalit\u00e9s propos\u00e9s.<\/p>\n\n\n\n<p>Ces donn\u00e9es demeurent sur les serveurs Inserm qui h\u00e9bergent ce site et ne sont en aucun cas diffus\u00e9es \u00e0 des tiers \u00e9trangers au site web.<\/p>\n\n\n\n<p>Le Site vous permet de g\u00e9rer \u00e0 tout moment les cookies d\u00e9pos\u00e9s sur votre ordinateur <em>via<\/em> la page \u201c<a href=\"https:\/\/ppr-antibioresistance.inserm.fr\/fr\/politique-cookies\/\" target=\"_blank\" rel=\"noreferrer noopener\">Politique des cookies<\/a>\u201d pr\u00e9sent en bas de toutes les pages du Site. Vous pouvez ainsi choisir pour chaque service de cookie si vous acceptez ou refusez le d\u00e9p\u00f4t des cookies. Vous pouvez \u00e9galement choisir de \u00ab tout accepter \u00bb ou de \u00ab tout refuser \u00bb. Les modifications apport\u00e9es seront imm\u00e9diatement prises en compte.<\/p>\n","protected":false},"excerpt":{"rendered":"<p>Cette politique de confidentialit\u00e9 compl\u00e8te les mentions l\u00e9gales du site Interface nationale ANTIBIOR\u00c9SISTANCE https:\/\/ppr-antibioresistance.inserm.fr. Pour les besoin du site Interface nationale ANTIBIOR\u00c9SISTANCE https:\/\/ppr-antibioresistance.inserm.fr, un traitement de donn\u00e9es \u00e0 caract\u00e8re personnel est mis en \u0153uvre. En application de l\u2019article 4 du r\u00e8glement g\u00e9n\u00e9ral sur la protection des donn\u00e9es, on entend par&nbsp;: \u00abdonn\u00e9es \u00e0 caract\u00e8re personnel\u00bb, toute [&hellip;]<\/p>\n","protected":false},"author":1,"featured_media":0,"parent":0,"menu_order":0,"comment_status":"closed","ping_status":"closed","template":"","meta":{"footnotes":"","_links_to":"","_links_to_target":""},"acf":[],"yoast_head":"<!-- This site is optimized with the Yoast SEO plugin v22.8 - https:\/\/yoast.com\/wordpress\/plugins\/seo\/ -->\n<title>Privacy Policy - French\u00a0National ANTIBIOTIC RESISTANCE Portal<\/title>\n<meta name=\"robots\" content=\"index, follow, max-snippet:-1, max-image-preview:large, max-video-preview:-1\" \/>\n<link rel=\"canonical\" href=\"https:\/\/ppr-antibioresistance.inserm.fr\/en\/privacy-policy\/\" \/>\n<meta property=\"og:locale\" content=\"en_GB\" \/>\n<meta property=\"og:type\" content=\"article\" \/>\n<meta property=\"og:title\" content=\"Privacy Policy - French\u00a0National ANTIBIOTIC RESISTANCE Portal\" \/>\n<meta property=\"og:description\" content=\"Cette politique de confidentialit\u00e9 compl\u00e8te les mentions l\u00e9gales du site Interface nationale ANTIBIOR\u00c9SISTANCE https:\/\/ppr-antibioresistance.inserm.fr. Pour les besoin du site Interface nationale ANTIBIOR\u00c9SISTANCE https:\/\/ppr-antibioresistance.inserm.fr, un traitement de donn\u00e9es \u00e0 caract\u00e8re personnel est mis en \u0153uvre. En application de l\u2019article 4 du r\u00e8glement g\u00e9n\u00e9ral sur la protection des donn\u00e9es, on entend par&nbsp;: \u00abdonn\u00e9es \u00e0 caract\u00e8re personnel\u00bb, toute [&hellip;]\" \/>\n<meta property=\"og:url\" content=\"https:\/\/ppr-antibioresistance.inserm.fr\/en\/privacy-policy\/\" \/>\n<meta property=\"og:site_name\" content=\"French\u00a0National ANTIBIOTIC RESISTANCE Portal\" \/>\n<meta property=\"article:modified_time\" content=\"2021-04-22T20:41:07+00:00\" \/>\n<meta name=\"twitter:card\" content=\"summary_large_image\" \/>\n<meta name=\"twitter:label1\" content=\"Estimated reading time\" \/>\n\t<meta name=\"twitter:data1\" content=\"7 minutes\" \/>\n<script type=\"application\/ld+json\" class=\"yoast-schema-graph\">{\"@context\":\"https:\/\/schema.org\",\"@graph\":[{\"@type\":\"WebPage\",\"@id\":\"https:\/\/ppr-antibioresistance.inserm.fr\/en\/privacy-policy\/\",\"url\":\"https:\/\/ppr-antibioresistance.inserm.fr\/en\/privacy-policy\/\",\"name\":\"Privacy Policy - French\u00a0National ANTIBIOTIC RESISTANCE Portal\",\"isPartOf\":{\"@id\":\"https:\/\/ppr-antibioresistance.inserm.fr\/en\/#website\"},\"datePublished\":\"2020-06-29T14:29:57+00:00\",\"dateModified\":\"2021-04-22T20:41:07+00:00\",\"breadcrumb\":{\"@id\":\"https:\/\/ppr-antibioresistance.inserm.fr\/en\/privacy-policy\/#breadcrumb\"},\"inLanguage\":\"en-GB\",\"potentialAction\":[{\"@type\":\"ReadAction\",\"target\":[\"https:\/\/ppr-antibioresistance.inserm.fr\/en\/privacy-policy\/\"]}]},{\"@type\":\"BreadcrumbList\",\"@id\":\"https:\/\/ppr-antibioresistance.inserm.fr\/en\/privacy-policy\/#breadcrumb\",\"itemListElement\":[{\"@type\":\"ListItem\",\"position\":1,\"name\":\"Home\",\"item\":\"https:\/\/ppr-antibioresistance.inserm.fr\/en\/\"},{\"@type\":\"ListItem\",\"position\":2,\"name\":\"Privacy Policy\"}]},{\"@type\":\"WebSite\",\"@id\":\"https:\/\/ppr-antibioresistance.inserm.fr\/en\/#website\",\"url\":\"https:\/\/ppr-antibioresistance.inserm.fr\/en\/\",\"name\":\"French\u00a0National ANTIBIOTIC RESISTANCE Portal\",\"description\":\"INSERM - From science to health\",\"publisher\":{\"@id\":\"https:\/\/ppr-antibioresistance.inserm.fr\/en\/#organization\"},\"potentialAction\":[{\"@type\":\"SearchAction\",\"target\":{\"@type\":\"EntryPoint\",\"urlTemplate\":\"https:\/\/ppr-antibioresistance.inserm.fr\/en\/?s={search_term_string}\"},\"query-input\":\"required name=search_term_string\"}],\"inLanguage\":\"en-GB\"},{\"@type\":\"Organization\",\"@id\":\"https:\/\/ppr-antibioresistance.inserm.fr\/en\/#organization\",\"name\":\"Inserm\",\"url\":\"https:\/\/ppr-antibioresistance.inserm.fr\/en\/\",\"logo\":{\"@type\":\"ImageObject\",\"inLanguage\":\"en-GB\",\"@id\":\"https:\/\/ppr-antibioresistance.inserm.fr\/en\/#\/schema\/logo\/image\/\",\"url\":\"https:\/\/ppr-antibioresistance.inserm.fr\/wp-content\/uploads\/2020\/05\/logo-inserm-ppra.svg\",\"contentUrl\":\"https:\/\/ppr-antibioresistance.inserm.fr\/wp-content\/uploads\/2020\/05\/logo-inserm-ppra.svg\",\"width\":1,\"height\":1,\"caption\":\"Inserm\"},\"image\":{\"@id\":\"https:\/\/ppr-antibioresistance.inserm.fr\/en\/#\/schema\/logo\/image\/\"}}]}<\/script>\n<!-- \/ Yoast SEO plugin. -->","yoast_head_json":{"title":"Privacy Policy - French\u00a0National ANTIBIOTIC RESISTANCE Portal","robots":{"index":"index","follow":"follow","max-snippet":"max-snippet:-1","max-image-preview":"max-image-preview:large","max-video-preview":"max-video-preview:-1"},"canonical":"https:\/\/ppr-antibioresistance.inserm.fr\/en\/privacy-policy\/","og_locale":"en_GB","og_type":"article","og_title":"Privacy Policy - French\u00a0National ANTIBIOTIC RESISTANCE Portal","og_description":"Cette politique de confidentialit\u00e9 compl\u00e8te les mentions l\u00e9gales du site Interface nationale ANTIBIOR\u00c9SISTANCE https:\/\/ppr-antibioresistance.inserm.fr. Pour les besoin du site Interface nationale ANTIBIOR\u00c9SISTANCE https:\/\/ppr-antibioresistance.inserm.fr, un traitement de donn\u00e9es \u00e0 caract\u00e8re personnel est mis en \u0153uvre. En application de l\u2019article 4 du r\u00e8glement g\u00e9n\u00e9ral sur la protection des donn\u00e9es, on entend par&nbsp;: \u00abdonn\u00e9es \u00e0 caract\u00e8re personnel\u00bb, toute [&hellip;]","og_url":"https:\/\/ppr-antibioresistance.inserm.fr\/en\/privacy-policy\/","og_site_name":"French\u00a0National ANTIBIOTIC RESISTANCE Portal","article_modified_time":"2021-04-22T20:41:07+00:00","twitter_card":"summary_large_image","twitter_misc":{"Estimated reading time":"7 minutes"},"schema":{"@context":"https:\/\/schema.org","@graph":[{"@type":"WebPage","@id":"https:\/\/ppr-antibioresistance.inserm.fr\/en\/privacy-policy\/","url":"https:\/\/ppr-antibioresistance.inserm.fr\/en\/privacy-policy\/","name":"Privacy Policy - French\u00a0National ANTIBIOTIC RESISTANCE Portal","isPartOf":{"@id":"https:\/\/ppr-antibioresistance.inserm.fr\/en\/#website"},"datePublished":"2020-06-29T14:29:57+00:00","dateModified":"2021-04-22T20:41:07+00:00","breadcrumb":{"@id":"https:\/\/ppr-antibioresistance.inserm.fr\/en\/privacy-policy\/#breadcrumb"},"inLanguage":"en-GB","potentialAction":[{"@type":"ReadAction","target":["https:\/\/ppr-antibioresistance.inserm.fr\/en\/privacy-policy\/"]}]},{"@type":"BreadcrumbList","@id":"https:\/\/ppr-antibioresistance.inserm.fr\/en\/privacy-policy\/#breadcrumb","itemListElement":[{"@type":"ListItem","position":1,"name":"Home","item":"https:\/\/ppr-antibioresistance.inserm.fr\/en\/"},{"@type":"ListItem","position":2,"name":"Privacy Policy"}]},{"@type":"WebSite","@id":"https:\/\/ppr-antibioresistance.inserm.fr\/en\/#website","url":"https:\/\/ppr-antibioresistance.inserm.fr\/en\/","name":"French\u00a0National ANTIBIOTIC RESISTANCE Portal","description":"INSERM - From science to health","publisher":{"@id":"https:\/\/ppr-antibioresistance.inserm.fr\/en\/#organization"},"potentialAction":[{"@type":"SearchAction","target":{"@type":"EntryPoint","urlTemplate":"https:\/\/ppr-antibioresistance.inserm.fr\/en\/?s={search_term_string}"},"query-input":"required name=search_term_string"}],"inLanguage":"en-GB"},{"@type":"Organization","@id":"https:\/\/ppr-antibioresistance.inserm.fr\/en\/#organization","name":"Inserm","url":"https:\/\/ppr-antibioresistance.inserm.fr\/en\/","logo":{"@type":"ImageObject","inLanguage":"en-GB","@id":"https:\/\/ppr-antibioresistance.inserm.fr\/en\/#\/schema\/logo\/image\/","url":"https:\/\/ppr-antibioresistance.inserm.fr\/wp-content\/uploads\/2020\/05\/logo-inserm-ppra.svg","contentUrl":"https:\/\/ppr-antibioresistance.inserm.fr\/wp-content\/uploads\/2020\/05\/logo-inserm-ppra.svg","width":1,"height":1,"caption":"Inserm"},"image":{"@id":"https:\/\/ppr-antibioresistance.inserm.fr\/en\/#\/schema\/logo\/image\/"}}]}},"post_mailing_queue_ids":[],"_links":{"self":[{"href":"https:\/\/ppr-antibioresistance.inserm.fr\/en\/wp-json\/wp\/v2\/pages\/10770"}],"collection":[{"href":"https:\/\/ppr-antibioresistance.inserm.fr\/en\/wp-json\/wp\/v2\/pages"}],"about":[{"href":"https:\/\/ppr-antibioresistance.inserm.fr\/en\/wp-json\/wp\/v2\/types\/page"}],"author":[{"embeddable":true,"href":"https:\/\/ppr-antibioresistance.inserm.fr\/en\/wp-json\/wp\/v2\/users\/1"}],"replies":[{"embeddable":true,"href":"https:\/\/ppr-antibioresistance.inserm.fr\/en\/wp-json\/wp\/v2\/comments?post=10770"}],"version-history":[{"count":1,"href":"https:\/\/ppr-antibioresistance.inserm.fr\/en\/wp-json\/wp\/v2\/pages\/10770\/revisions"}],"predecessor-version":[{"id":10771,"href":"https:\/\/ppr-antibioresistance.inserm.fr\/en\/wp-json\/wp\/v2\/pages\/10770\/revisions\/10771"}],"wp:attachment":[{"href":"https:\/\/ppr-antibioresistance.inserm.fr\/en\/wp-json\/wp\/v2\/media?parent=10770"}],"curies":[{"name":"wp","href":"https:\/\/api.w.org\/{rel}","templated":true}]}}